{"id":97661,"date":"2024-08-21T19:29:14","date_gmt":"2024-08-21T17:29:14","guid":{"rendered":"https:\/\/secureus.se\/?post_type=product&#038;p=97661"},"modified":"2026-03-25T15:34:35","modified_gmt":"2026-03-25T14:34:35","slug":"trycke-6696-58-75mm-nickel","status":"publish","type":"product","link":"https:\/\/secureus.se\/fr\/trycke-6696-58-75mm-nickel\/","title":{"rendered":"Poign\u00e9e de porte Trycke 6696 58-75mm Nickel \u2013 Assa Abloy"},"content":{"rendered":"<p>\nLa poign\u00e9e de porte ASSA ABLOY 6696 est un classique des ann\u00e9es 1950 et 1960. Ici sous sa forme originale avec ressort de rappel. Le design intemporel et de bonne facture est toujours tr\u00e8s appr\u00e9ci\u00e9 et utilis\u00e9 sur toutes sortes d&#039;objets. 6696 fait partie de la s\u00e9rie ASSA ABLOY Classic. Convient pour les portes ext\u00e9rieures, les portes d&#039;entr\u00e9e et les portes int\u00e9rieures avec serrures modulaires.<\/p>\n<div><\/div>\n<div><b>Propri\u00e9t\u00e9s:<\/b><\/div>\n<ul>\n<li>Mat\u00e9riau : laiton.<\/li>\n<li>Traitement de surface : Nickel, Prion, Chrome mat, Laiton poli, Laiton mat, Noir mat MIRUS et Addion.<\/li>\n<li>Ressort de rappel qui soulage le ressort du rameur du bo\u00eetier de verrouillage et aide la pression \u00e0 rester en position horizontale.<\/li>\n<li>Rosace : \u00d8 52 mm.<\/li>\n<li>Compatible avec le bo\u00eetier de verrouillage du module Connect\/Classic.<\/li>\n<li>Ne convient pas au bo\u00eetier de serrure ABLOY 2014 ou au bo\u00eetier de porte int\u00e9rieur \u00e9quivalent.<\/li>\n<li>Livraison standard adapt\u00e9e pour une \u00e9paisseur de porte de 58 \u00e0 75 mm.<\/li>\n<li>Goupille et vis interchangeables pour diff\u00e9rentes \u00e9paisseurs de porte.<\/li>\n<li>Fixation par vis continue qui renforce la porte.<\/li>\n<\/ul>\n<div><b>Le paquet contient :<\/b><\/div>\n<div>\n<ul>\n<li>2 pi\u00e8ces. Pressage des moiti\u00e9s (poign\u00e9es).<\/li>\n<li>2 pi\u00e8ces. Vis \u00e0 pression M5. (tourner la vis)<\/li>\n<li>2 joints toriques.<\/li>\n<li>2 pi\u00e8ces. \u00c9crou \u00e0 douille M5.<\/li>\n<li>1 pi\u00e8ce. Goupille de pression 8x8x120 mm.<\/li>\n<\/ul>\n<\/div>","protected":false},"excerpt":{"rendered":"<p>La poign\u00e9e de porte ASSA ABLOY 6696 est un classique des ann\u00e9es 1950 et 1960. Ici sous sa forme originale avec ressort de rappel. Le design intemporel et bien fait est toujours tr\u00e8s appr\u00e9ci\u00e9 et utilis\u00e9 par tout le monde<\/p>","protected":false},"featured_media":136768,"template":"","meta":{"_acf_changed":false},"product_brand":[],"product_cat":[4123,4124,4125],"product_tag":[],"class_list":{"0":"post-97661","1":"product","2":"type-product","3":"status-publish","4":"has-post-thumbnail","6":"product_cat-dorrhandtag-dorrtrycke-innerdorr-och-ytterdorr","7":"product_cat-dorrhandtag-innerdorr","8":"product_cat-dorrhandtag-ytterdorr","9":"product_shipping_class-postnord-varubrev","10":"pa_brands-abloy","11":"tm-no-options","13":"first","14":"instock","15":"sale","16":"taxable","17":"shipping-taxable","18":"purchasable","19":"product-type-simple"},"acf":[],"_links":{"self":[{"href":"https:\/\/secureus.se\/fr\/wp-json\/wp\/v2\/product\/97661","targetHints":{"allow":["GET"]}}],"collection":[{"href":"https:\/\/secureus.se\/fr\/wp-json\/wp\/v2\/product"}],"about":[{"href":"https:\/\/secureus.se\/fr\/wp-json\/wp\/v2\/types\/product"}],"wp:featuredmedia":[{"embeddable":true,"href":"https:\/\/secureus.se\/fr\/wp-json\/wp\/v2\/media\/136768"}],"wp:attachment":[{"href":"https:\/\/secureus.se\/fr\/wp-json\/wp\/v2\/media?parent=97661"}],"wp:term":[{"taxonomy":"product_brand","embeddable":true,"href":"https:\/\/secureus.se\/fr\/wp-json\/wp\/v2\/product_brand?post=97661"},{"taxonomy":"product_cat","embeddable":true,"href":"https:\/\/secureus.se\/fr\/wp-json\/wp\/v2\/product_cat?post=97661"},{"taxonomy":"product_tag","embeddable":true,"href":"https:\/\/secureus.se\/fr\/wp-json\/wp\/v2\/product_tag?post=97661"}],"curies":[{"name":"wp","href":"https:\/\/api.w.org\/{rel}","templated":true}]}}