{"id":97993,"date":"2024-08-30T13:02:27","date_gmt":"2024-08-30T11:02:27","guid":{"rendered":"https:\/\/secureus.se\/?post_type=product&#038;p=97993"},"modified":"2026-04-20T11:43:49","modified_gmt":"2026-04-20T09:43:49","slug":"hikvision-ds-7604nxi-k1-4p-pro-series-12mp-acusense-4-kanalig-40mbps-poe-1u-10tb-per-hdd-4k-nvr-2","status":"publish","type":"product","link":"https:\/\/secureus.se\/fr\/hikvision-ds-7604nxi-k1-4p-pro-series-12mp-acusense-4-kanalig-40mbps-poe-1u-10tb-per-hdd-4k-nvr-2\/","title":{"rendered":"Hikvision DS-7604NXI-K1\/4P \u2013 NVR 4 canaux 4K avec PoE et AcuSense AI (40 Mbps)"},"content":{"rendered":"<div class=\"headernamehrnone\">\n<h3 data-start=\"623\" data-end=\"696\">Hikvision DS-7604NXI-K1\/4P \u2013 Enregistreur vid\u00e9o r\u00e9seau (NVR) performant avec PoE et intelligence artificielle.<\/h3>\n<p data-start=\"698\" data-end=\"923\"><strong data-start=\"698\" data-end=\"728\">Hikvision DS-7604NXI-K1\/4P<\/strong> Il s&#039;agit d&#039;un enregistreur vid\u00e9o r\u00e9seau (NVR) compact et fiable avec alimentation PoE int\u00e9gr\u00e9e pour quatre cam\u00e9ras. Il est id\u00e9al pour les maisons, les commerces et les petites entreprises qui souhaitent une solution de vid\u00e9osurveillance simple et fiable.<\/p>\n<p data-start=\"925\" data-end=\"1188\">Avec une prise en charge jusqu&#039;\u00e0 <strong data-start=\"947\" data-end=\"982\">quatre cam\u00e9ras IP en r\u00e9solution 4K<\/strong> et <strong data-start=\"987\" data-end=\"1008\">Bande passante de 40 Mbps<\/strong> Vous avez la garantie d&#039;enregistrements nets et stables. L&#039;enregistreur dispose d&#039;espace pour <strong data-start=\"1088\" data-end=\"1121\">un disque dur d&#039;une capacit\u00e9 maximale de 10 To<\/strong>, qui offre un espace de stockage suffisant m\u00eame pour les vid\u00e9os haute r\u00e9solution.<\/p>\n<p data-start=\"1190\" data-end=\"1530\">Gr\u00e2ce \u00e0 <strong data-start=\"1200\" data-end=\"1222\">Technologie AcuSense<\/strong> Le syst\u00e8me peut faire la distinction entre les personnes et les v\u00e9hicules afin de minimiser les fausses alarmes. Vous pouvez \u00e9galement configurer des \u00e9v\u00e9nements intelligents tels que la d\u00e9tection d&#039;intrusion et le franchissement de ligne, ce qui rend la surveillance plus efficace. De plus, le syst\u00e8me peut effectuer <strong data-start=\"1452\" data-end=\"1473\">enregistrement facial<\/strong> et stocker les visages enregistr\u00e9s pour une consultation ult\u00e9rieure.<\/p>\n<p data-start=\"1532\" data-end=\"1825\">L&#039;installation est simple\u00a0: connectez les cam\u00e9ras directement via les quatre ports PoE, connectez-les \u00e0 votre t\u00e9l\u00e9viseur ou moniteur via HDMI\/VGA et contr\u00f4lez le syst\u00e8me avec la souris fournie. Avec l&#039;application <strong data-start=\"1709\" data-end=\"1724\">Hik-Connect<\/strong> Vous b\u00e9n\u00e9ficiez d&#039;un acc\u00e8s \u00e0 distance via smartphone, tablette ou PC \u2013 y compris des notifications push pour les \u00e9v\u00e9nements d&#039;alarme.<\/p>\n<hr data-start=\"1827\" data-end=\"1830\" \/>\n<h3 data-start=\"1832\" data-end=\"1846\">Avantages<\/h3>\n<ul data-start=\"1847\" data-end=\"2266\">\n<li data-start=\"1847\" data-end=\"1897\">\n<p data-start=\"1849\" data-end=\"1897\">NVR compact avec alimentation int\u00e9gr\u00e9e (PoE)<\/p>\n<\/li>\n<li data-start=\"1898\" data-end=\"1948\">\n<p data-start=\"1900\" data-end=\"1948\">Prise en charge de jusqu&#039;\u00e0 4 cam\u00e9ras IP en r\u00e9solution 4K<\/p>\n<\/li>\n<li data-start=\"1949\" data-end=\"1982\">\n<p data-start=\"1951\" data-end=\"1982\">Bande passante jusqu&#039;\u00e0 40 Mbps<\/p>\n<\/li>\n<li data-start=\"1983\" data-end=\"2035\">\n<p data-start=\"1985\" data-end=\"2035\">AcuSense AI avec d\u00e9tection humaine et de v\u00e9hicules<\/p>\n<\/li>\n<li data-start=\"2036\" data-end=\"2082\">\n<p data-start=\"2038\" data-end=\"2082\">Fonctionnalit\u00e9s d&#039;enregistrement facial et de recherche intelligente<\/p>\n<\/li>\n<li data-start=\"2083\" data-end=\"2122\">\n<p data-start=\"2085\" data-end=\"2122\">Espace pour 1 disque dur jusqu&#039;\u00e0 10 To<\/p>\n<\/li>\n<li data-start=\"2123\" data-end=\"2169\">\n<p data-start=\"2125\" data-end=\"2169\">Sorties HDMI et VGA pour la connexion \u00e0 l&#039;\u00e9cran<\/p>\n<\/li>\n<li data-start=\"2170\" data-end=\"2213\">\n<p data-start=\"2172\" data-end=\"2213\">Installation et contr\u00f4le faciles avec la souris<\/p>\n<\/li>\n<li data-start=\"2214\" data-end=\"2266\">\n<p data-start=\"2216\" data-end=\"2266\">Acc\u00e8s \u00e0 distance et notifications push via l&#039;application Hik-Connect<\/p>\n<\/li>\n<\/ul>\n<hr data-start=\"2268\" data-end=\"2271\" \/>\n<h3 data-start=\"2273\" data-end=\"2303\">Sp\u00e9cifications techniques<\/h3>\n<div class=\"_tableContainer_1rjym_1\">\n<div class=\"_tableWrapper_1rjym_13 group flex w-fit flex-col-reverse\">\n<table class=\"w-fit min-w-(--thread-content-width)\" data-start=\"2305\" data-end=\"2872\">\n<thead data-start=\"2305\" data-end=\"2325\">\n<tr data-start=\"2305\" data-end=\"2325\">\n<th data-start=\"2305\" data-end=\"2316\" data-col-size=\"sm\">Propri\u00e9t\u00e9<\/th>\n<th data-start=\"2316\" data-end=\"2325\" data-col-size=\"md\">Valeur<\/th>\n<\/tr>\n<\/thead>\n<tbody data-start=\"2347\" data-end=\"2872\">\n<tr data-start=\"2347\" data-end=\"2376\">\n<td data-start=\"2347\" data-end=\"2356\" data-col-size=\"sm\">Mod\u00e8le<\/td>\n<td data-start=\"2356\" data-end=\"2376\" data-col-size=\"md\">DS-7604NXI-K1\/4P<\/td>\n<\/tr>\n<tr data-start=\"2377\" data-end=\"2415\">\n<td data-start=\"2377\" data-end=\"2393\" data-col-size=\"sm\">Canaux de la cam\u00e9ra<\/td>\n<td data-start=\"2393\" data-end=\"2415\" data-col-size=\"md\">4 cam\u00e9ras IP (PoE)<\/td>\n<\/tr>\n<tr data-start=\"2416\" data-end=\"2447\">\n<td data-start=\"2416\" data-end=\"2429\" data-col-size=\"sm\">R\u00e9solution<\/td>\n<td data-start=\"2429\" data-end=\"2447\" data-col-size=\"md\">Jusqu&#039;\u00e0 12 MP<\/td>\n<\/tr>\n<tr data-start=\"2448\" data-end=\"2482\">\n<td data-start=\"2448\" data-end=\"2471\" data-col-size=\"sm\">Bande passante entrante<\/td>\n<td data-start=\"2471\" data-end=\"2482\" data-col-size=\"md\">40 Mbps<\/td>\n<\/tr>\n<tr data-start=\"2483\" data-end=\"2526\">\n<td data-start=\"2483\" data-end=\"2497\" data-col-size=\"sm\">Format vid\u00e9o<\/td>\n<td data-start=\"2497\" data-end=\"2526\" data-col-size=\"md\">H.265+\/H.265\/H.264+\/H.264<\/td>\n<\/tr>\n<tr data-start=\"2527\" data-end=\"2609\">\n<td data-start=\"2527\" data-end=\"2543\" data-col-size=\"sm\">Fonctionnalit\u00e9s de l&#039;IA<\/td>\n<td data-start=\"2543\" data-end=\"2609\" data-col-size=\"md\">D\u00e9tection humaine\/v\u00e9hicule, enregistrement facial, recherche intelligente<\/td>\n<\/tr>\n<tr data-start=\"2610\" data-end=\"2647\">\n<td data-start=\"2610\" data-end=\"2620\" data-col-size=\"sm\">Stockage<\/td>\n<td data-start=\"2620\" data-end=\"2647\" data-col-size=\"md\">1 port SATA, jusqu&#039;\u00e0 10 To<\/td>\n<\/tr>\n<tr data-start=\"2648\" data-end=\"2683\">\n<td data-start=\"2648\" data-end=\"2665\" data-col-size=\"sm\">Sorties vid\u00e9o<\/td>\n<td data-start=\"2665\" data-end=\"2683\" data-col-size=\"md\">HDMI (4K), VGA<\/td>\n<\/tr>\n<tr data-start=\"2684\" data-end=\"2708\">\n<td data-start=\"2684\" data-end=\"2692\" data-col-size=\"sm\">Audio<\/td>\n<td data-start=\"2692\" data-end=\"2708\" data-col-size=\"md\">1 entr\u00e9e, 1 sortie<\/td>\n<\/tr>\n<tr data-start=\"2709\" data-end=\"2748\">\n<td data-start=\"2709\" data-end=\"2719\" data-col-size=\"sm\">R\u00e9seau<\/td>\n<td data-start=\"2719\" data-end=\"2748\" data-col-size=\"md\">1 port RJ-45 10\/100\/1000 Mbps<\/td>\n<\/tr>\n<tr data-start=\"2749\" data-end=\"2769\">\n<td data-start=\"2749\" data-end=\"2755\" data-col-size=\"sm\">USB<\/td>\n<td data-start=\"2755\" data-end=\"2769\" data-col-size=\"md\">2 ports USB 2.0<\/td>\n<\/tr>\n<tr data-start=\"2770\" data-end=\"2813\">\n<td data-start=\"2770\" data-end=\"2789\" data-col-size=\"sm\">Alimentation<\/td>\n<td data-start=\"2789\" data-end=\"2813\" data-col-size=\"md\">48 V CC (PoE int\u00e9gr\u00e9)<\/td>\n<\/tr>\n<tr data-start=\"2814\" data-end=\"2842\">\n<td data-start=\"2814\" data-end=\"2821\" data-col-size=\"sm\">Mesure<\/td>\n<td data-start=\"2821\" data-end=\"2842\" data-col-size=\"md\">315 \u00d7 240 \u00d7 48 mm<\/td>\n<\/tr>\n<tr data-start=\"2843\" data-end=\"2872\">\n<td data-start=\"2843\" data-end=\"2850\" data-col-size=\"sm\">Poids<\/td>\n<td data-start=\"2850\" data-end=\"2872\" data-col-size=\"md\">environ 1 kg (sans disque dur)<\/td>\n<\/tr>\n<\/tbody>\n<\/table>\n<\/div>\n<\/div>\n<\/div>","protected":false},"excerpt":{"rendered":"<p>Enregistreur vid\u00e9o r\u00e9seau (NVR) compact et abordable avec alimentation PoE int\u00e9gr\u00e9e pour quatre cam\u00e9ras IP. R\u00e9solution jusqu&#039;\u00e0 4K, compatible avec l&#039;intelligence artificielle AcuSense (d\u00e9tection de personnes et de v\u00e9hicules, enregistrement des visages) et disque dur jusqu&#039;\u00e0 10 To.<\/p>","protected":false},"featured_media":137650,"template":"","meta":{"_acf_changed":false},"product_brand":[],"product_cat":[3358],"product_tag":[],"class_list":{"0":"post-97993","1":"product","2":"type-product","3":"status-publish","4":"has-post-thumbnail","6":"product_cat-nvr-network-video-recorder","7":"product_shipping_class-tunga-paket","8":"pa_brands-hikvision","9":"tm-no-options","11":"first","12":"instock","13":"sale","14":"taxable","15":"shipping-taxable","16":"purchasable","17":"product-type-simple"},"acf":[],"_links":{"self":[{"href":"https:\/\/secureus.se\/fr\/wp-json\/wp\/v2\/product\/97993","targetHints":{"allow":["GET"]}}],"collection":[{"href":"https:\/\/secureus.se\/fr\/wp-json\/wp\/v2\/product"}],"about":[{"href":"https:\/\/secureus.se\/fr\/wp-json\/wp\/v2\/types\/product"}],"wp:featuredmedia":[{"embeddable":true,"href":"https:\/\/secureus.se\/fr\/wp-json\/wp\/v2\/media\/137650"}],"wp:attachment":[{"href":"https:\/\/secureus.se\/fr\/wp-json\/wp\/v2\/media?parent=97993"}],"wp:term":[{"taxonomy":"product_brand","embeddable":true,"href":"https:\/\/secureus.se\/fr\/wp-json\/wp\/v2\/product_brand?post=97993"},{"taxonomy":"product_cat","embeddable":true,"href":"https:\/\/secureus.se\/fr\/wp-json\/wp\/v2\/product_cat?post=97993"},{"taxonomy":"product_tag","embeddable":true,"href":"https:\/\/secureus.se\/fr\/wp-json\/wp\/v2\/product_tag?post=97993"}],"curies":[{"name":"wp","href":"https:\/\/api.w.org\/{rel}","templated":true}]}}