{"id":97996,"date":"2024-08-30T13:02:27","date_gmt":"2024-08-30T11:02:27","guid":{"rendered":"https:\/\/secureus.se\/?post_type=product&#038;p=97996"},"modified":"2026-04-09T11:37:52","modified_gmt":"2026-04-09T09:37:52","slug":"hikvision-ds-7608nxi-k2-pro-series-4k-8-kanalig-nvr-80-mbps-2-sata","status":"publish","type":"product","link":"https:\/\/secureus.se\/fr\/hikvision-ds-7608nxi-k2-pro-series-4k-8-kanalig-nvr-80-mbps-2-sata\/","title":{"rendered":"Hikvision DS-7608NXI-K2 \u2013 Enregistreur vid\u00e9o r\u00e9seau (NVR) 4K \u00e0 8 canaux avec intelligence artificielle AcuSense, 2 ports SATA et d\u00e9bit de 80 Mbit\/s"},"content":{"rendered":"<div class=\"headernamehrnone\">\n<h3 data-start=\"990\" data-end=\"1065\">Hikvision DS-7608NXI-K2 \u2013 Un NVR abordable et fiable avec AcuSense AI<\/h3>\n<p data-start=\"1067\" data-end=\"1325\"><strong data-start=\"1067\" data-end=\"1094\">Hikvision DS-7608NXI-K2<\/strong> est un enregistreur vid\u00e9o r\u00e9seau (NVR) 8 canaux puissant et abordable qui centralise toutes vos cam\u00e9ras. Id\u00e9al pour les particuliers, les commerces et les petites entreprises qui souhaitent <strong data-start=\"1274\" data-end=\"1322\">vid\u00e9osurveillance simple, fiable et intelligente<\/strong>.<\/p>\n<p data-start=\"1327\" data-end=\"1619\">Avec <strong data-start=\"1331\" data-end=\"1382\">Espace pour jusqu&#039;\u00e0 8 cam\u00e9ras IP en r\u00e9solution 4K<\/strong> et <strong data-start=\"1387\" data-end=\"1427\">2 disques durs (jusqu&#039;\u00e0 32 To au total)<\/strong> vous offre une grande capacit\u00e9 de stockage et une grande flexibilit\u00e9. L&#039;intelligent <strong data-start=\"1490\" data-end=\"1516\">Technologie d&#039;IA AcuSense<\/strong> Elle permet de faire la distinction entre les personnes et les v\u00e9hicules, ce qui r\u00e9duit les fausses alertes et rend la surveillance plus efficace.<\/p>\n<p data-start=\"1621\" data-end=\"1865\">Via l&#039;application <strong data-start=\"1631\" data-end=\"1646\">Hik-Connect<\/strong> Vous pouvez regarder des vid\u00e9os en direct, lire des enregistrements et recevoir des notifications directement sur votre t\u00e9l\u00e9phone portable, o\u00f9 que vous soyez. L&#039;installation est simple et vous pouvez contr\u00f4ler l&#039;appareil \u00e0 l&#039;aide d&#039;une souris ou le connecter \u00e0 un t\u00e9l\u00e9viseur ou un moniteur via HDMI.<\/p>\n<hr data-start=\"1867\" data-end=\"1870\" \/>\n<h3 data-start=\"1872\" data-end=\"1887\">Avantages :<\/h3>\n<ul data-start=\"1888\" data-end=\"2301\">\n<li data-start=\"1888\" data-end=\"1931\">\n<p data-start=\"1890\" data-end=\"1931\">Un choix abordable pour les maisons et les petites entreprises<\/p>\n<\/li>\n<li data-start=\"1932\" data-end=\"1982\">\n<p data-start=\"1934\" data-end=\"1982\">Prise en charge de jusqu&#039;\u00e0 8 cam\u00e9ras IP en r\u00e9solution 4K<\/p>\n<\/li>\n<li data-start=\"1983\" data-end=\"2050\">\n<p data-start=\"1985\" data-end=\"2050\">Emplacement pour 2 disques durs (jusqu&#039;\u00e0 32 To) pour une fiabilit\u00e9 accrue<\/p>\n<\/li>\n<li data-start=\"2051\" data-end=\"2109\">\n<p data-start=\"2053\" data-end=\"2109\">IA intelligente AcuSense avec d\u00e9tection humaine et de v\u00e9hicules<\/p>\n<\/li>\n<li data-start=\"2110\" data-end=\"2163\">\n<p data-start=\"2112\" data-end=\"2163\">Surveillance et lecture en direct via l&#039;application Hik-Connect<\/p>\n<\/li>\n<li data-start=\"2164\" data-end=\"2199\">\n<p data-start=\"2166\" data-end=\"2199\">Notifications push directement sur votre t\u00e9l\u00e9phone portable<\/p>\n<\/li>\n<li data-start=\"2200\" data-end=\"2247\">\n<p data-start=\"2202\" data-end=\"2247\">Contr\u00f4le facile avec la souris ou via TV\/moniteur<\/p>\n<\/li>\n<li data-start=\"2248\" data-end=\"2301\">\n<p data-start=\"2250\" data-end=\"2301\">Hikvision \u2013 marque leader mondiale en mati\u00e8re de s\u00e9curit\u00e9<\/p>\n<\/li>\n<\/ul>\n<hr data-start=\"2303\" data-end=\"2306\" \/>\n<h3 data-start=\"2308\" data-end=\"2339\">Sp\u00e9cifications techniques :<\/h3>\n<div class=\"_tableContainer_1rjym_1\">\n<div class=\"_tableWrapper_1rjym_13 group flex w-fit flex-col-reverse\">\n<table class=\"w-fit min-w-(--thread-content-width)\" data-start=\"2341\" data-end=\"3117\">\n<thead data-start=\"2341\" data-end=\"2361\">\n<tr data-start=\"2341\" data-end=\"2361\">\n<th data-start=\"2341\" data-end=\"2352\" data-col-size=\"sm\">Propri\u00e9t\u00e9<\/th>\n<th data-start=\"2352\" data-end=\"2361\" data-col-size=\"md\">Valeur<\/th>\n<\/tr>\n<\/thead>\n<tbody data-start=\"2383\" data-end=\"3117\">\n<tr data-start=\"2383\" data-end=\"2409\">\n<td data-start=\"2383\" data-end=\"2392\" data-col-size=\"sm\">Mod\u00e8le<\/td>\n<td data-start=\"2392\" data-end=\"2409\" data-col-size=\"md\">DS-7608NXI-K2<\/td>\n<\/tr>\n<tr data-start=\"2410\" data-end=\"2442\">\n<td data-start=\"2410\" data-end=\"2426\" data-col-size=\"sm\">Canaux de la cam\u00e9ra<\/td>\n<td data-start=\"2426\" data-end=\"2442\" data-col-size=\"md\">8 cam\u00e9ras IP<\/td>\n<\/tr>\n<tr data-start=\"2443\" data-end=\"2474\">\n<td data-start=\"2443\" data-end=\"2456\" data-col-size=\"sm\">R\u00e9solution<\/td>\n<td data-start=\"2456\" data-end=\"2474\" data-col-size=\"md\">Jusqu&#039;\u00e0 12 MP<\/td>\n<\/tr>\n<tr data-start=\"2475\" data-end=\"2509\">\n<td data-start=\"2475\" data-end=\"2498\" data-col-size=\"sm\">Bande passante entrante<\/td>\n<td data-start=\"2498\" data-end=\"2509\" data-col-size=\"md\">80 Mbps<\/td>\n<\/tr>\n<tr data-start=\"2510\" data-end=\"2543\">\n<td data-start=\"2510\" data-end=\"2531\" data-col-size=\"sm\">Bande passante sortante<\/td>\n<td data-start=\"2531\" data-end=\"2543\" data-col-size=\"md\">160 Mbps<\/td>\n<\/tr>\n<tr data-start=\"2544\" data-end=\"2593\">\n<td data-start=\"2544\" data-end=\"2564\" data-col-size=\"sm\">Compression vid\u00e9o<\/td>\n<td data-start=\"2564\" data-end=\"2593\" data-col-size=\"md\">H.265+\/H.265\/H.264+\/H.264<\/td>\n<\/tr>\n<tr data-start=\"2594\" data-end=\"2678\">\n<td data-start=\"2594\" data-end=\"2610\" data-col-size=\"sm\">Fonctionnalit\u00e9s de l&#039;IA<\/td>\n<td data-start=\"2610\" data-end=\"2678\" data-col-size=\"md\">D\u00e9tection des personnes et des v\u00e9hicules, reconnaissance faciale, lecture intelligente<\/td>\n<\/tr>\n<tr data-start=\"2679\" data-end=\"2740\">\n<td data-start=\"2679\" data-end=\"2689\" data-col-size=\"sm\">Stockage<\/td>\n<td data-start=\"2689\" data-end=\"2740\" data-col-size=\"md\">2\u00d7 SATA, jusqu&#039;\u00e0 16 To par disque (32 To au total)<\/td>\n<\/tr>\n<tr data-start=\"2741\" data-end=\"2789\">\n<td data-start=\"2741\" data-end=\"2752\" data-col-size=\"sm\">Sorties<\/td>\n<td data-start=\"2752\" data-end=\"2789\" data-col-size=\"md\">Sortie HDMI (4K), VGA (1080p), sortie audio<\/td>\n<\/tr>\n<tr data-start=\"2790\" data-end=\"2840\">\n<td data-start=\"2790\" data-end=\"2801\" data-col-size=\"sm\">Entr\u00e9es<\/td>\n<td data-start=\"2801\" data-end=\"2840\" data-col-size=\"md\">Entr\u00e9e audio, 4 entr\u00e9es alarme, 1 sortie alarme<\/td>\n<\/tr>\n<tr data-start=\"2841\" data-end=\"2885\">\n<td data-start=\"2841\" data-end=\"2847\" data-col-size=\"sm\">USB<\/td>\n<td data-start=\"2847\" data-end=\"2885\" data-col-size=\"md\">2 ports USB 2.0 en fa\u00e7ade, 1 port USB 2.0 \u00e0 l&#039;arri\u00e8re<\/td>\n<\/tr>\n<tr data-start=\"2886\" data-end=\"2927\">\n<td data-start=\"2886\" data-end=\"2896\" data-col-size=\"sm\">R\u00e9seau<\/td>\n<td data-start=\"2896\" data-end=\"2927\" data-col-size=\"md\">1\u00d7 RJ-45 (10\/100\/1000 Mbps)<\/td>\n<\/tr>\n<tr data-start=\"2928\" data-end=\"2964\">\n<td data-start=\"2928\" data-end=\"2947\" data-col-size=\"sm\">Alimentation<\/td>\n<td data-start=\"2947\" data-end=\"2964\" data-col-size=\"md\">12 V CC, 3,3 A<\/td>\n<\/tr>\n<tr data-start=\"2965\" data-end=\"3005\">\n<td data-start=\"2965\" data-end=\"2984\" data-col-size=\"sm\">Consommation d&#039;\u00e9nergie<\/td>\n<td data-start=\"2984\" data-end=\"3005\" data-col-size=\"md\">\u2264 15 W (sans disque dur)<\/td>\n<\/tr>\n<tr data-start=\"3006\" data-end=\"3034\">\n<td data-start=\"3006\" data-end=\"3013\" data-col-size=\"sm\">Mesure<\/td>\n<td data-start=\"3013\" data-end=\"3034\" data-col-size=\"md\">385 \u00d7 315 \u00d7 52 mm<\/td>\n<\/tr>\n<tr data-start=\"3035\" data-end=\"3063\">\n<td data-start=\"3035\" data-end=\"3042\" data-col-size=\"sm\">Poids<\/td>\n<td data-start=\"3042\" data-end=\"3063\" data-col-size=\"md\">\u2264 1 kg (sans disque dur)<\/td>\n<\/tr>\n<tr data-start=\"3064\" data-end=\"3117\">\n<td data-start=\"3064\" data-end=\"3081\" data-col-size=\"sm\">Certifications<\/td>\n<td data-start=\"3081\" data-end=\"3117\" data-col-size=\"md\">CE, FCC, RoHS, REACH, UKCA, etc.<\/td>\n<\/tr>\n<\/tbody>\n<\/table>\n<\/div>\n<\/div>\n<\/div>","protected":false},"excerpt":{"rendered":"<p data-start=\"2834\" data-end=\"3023\">Enregistreur vid\u00e9o r\u00e9seau (NVR) abordable pour la maison, le magasin et les petites entreprises. Compatible avec jusqu&#039;\u00e0 8 cam\u00e9ras IP, il dispose d&#039;un emplacement pour 2 disques durs, de l&#039;intelligence artificielle AcuSense avec d\u00e9tection des personnes et des v\u00e9hicules, et de notifications push dans l&#039;application.<\/p>","protected":false},"featured_media":137009,"template":"","meta":{"_acf_changed":false},"product_brand":[],"product_cat":[3358],"product_tag":[],"class_list":{"0":"post-97996","1":"product","2":"type-product","3":"status-publish","4":"has-post-thumbnail","6":"product_cat-nvr-network-video-recorder","7":"product_shipping_class-tunga-paket","8":"pa_brands-hikvision","9":"tm-no-options","11":"first","12":"instock","13":"sale","14":"taxable","15":"shipping-taxable","16":"purchasable","17":"product-type-simple"},"acf":[],"_links":{"self":[{"href":"https:\/\/secureus.se\/fr\/wp-json\/wp\/v2\/product\/97996","targetHints":{"allow":["GET"]}}],"collection":[{"href":"https:\/\/secureus.se\/fr\/wp-json\/wp\/v2\/product"}],"about":[{"href":"https:\/\/secureus.se\/fr\/wp-json\/wp\/v2\/types\/product"}],"wp:featuredmedia":[{"embeddable":true,"href":"https:\/\/secureus.se\/fr\/wp-json\/wp\/v2\/media\/137009"}],"wp:attachment":[{"href":"https:\/\/secureus.se\/fr\/wp-json\/wp\/v2\/media?parent=97996"}],"wp:term":[{"taxonomy":"product_brand","embeddable":true,"href":"https:\/\/secureus.se\/fr\/wp-json\/wp\/v2\/product_brand?post=97996"},{"taxonomy":"product_cat","embeddable":true,"href":"https:\/\/secureus.se\/fr\/wp-json\/wp\/v2\/product_cat?post=97996"},{"taxonomy":"product_tag","embeddable":true,"href":"https:\/\/secureus.se\/fr\/wp-json\/wp\/v2\/product_tag?post=97996"}],"curies":[{"name":"wp","href":"https:\/\/api.w.org\/{rel}","templated":true}]}}