{"id":98092,"date":"2024-09-03T10:47:26","date_gmt":"2024-09-03T08:47:26","guid":{"rendered":"https:\/\/secureus.se\/kabeltestare-trendnet-tc-nt2-natverkskabeltestare-med-tongenerator\/"},"modified":"2026-04-23T13:32:32","modified_gmt":"2026-04-23T11:32:32","slug":"kabeltestare-trendnet-tc-nt2-natverkskabeltestare-med-tongenerator","status":"publish","type":"product","link":"https:\/\/secureus.se\/fr\/kabeltestare-trendnet-tc-nt2-natverkskabeltestare-med-tongenerator\/","title":{"rendered":"Testeur de c\u00e2ble TRENDnet TC-NT2 Testeur de c\u00e2ble r\u00e9seau avec g\u00e9n\u00e9rateur de tonalit\u00e9"},"content":{"rendered":"<h3 id=\"pdp_productoverview\" class=\"item-headertop rd-prod-overview-hygiene\">Testeur de c\u00e2ble TRENDnet TC-NT2 Testeur de c\u00e2ble r\u00e9seau avec g\u00e9n\u00e9rateur de tonalit\u00e9<\/h3>\n<div class=\"pd-overview-details pd-show-full-overview\">\n<div class=\"headernamehrnone\">Le testeur de c\u00e2bles r\u00e9seau de TRENDnet, mod\u00e8le TC-NT2, est un testeur de c\u00e2bles complet destin\u00e9 aux professionnels des r\u00e9seaux. Il v\u00e9rifie avec pr\u00e9cision les configurations des broches pour les c\u00e2bles Ethernet, les c\u00e2bles USB, les c\u00e2bles BNC et les ports des panneaux de brassage. Le TC-NT2 identifie les broches correctes, d\u00e9connect\u00e9es, court-circuit\u00e9es et crois\u00e9es pour des distances de c\u00e2ble allant jusqu&#039;\u00e0 300 m\u00e8tres (984 pieds). Tous les composants tiennent dans une valise pratique CONTENU DE L&#039;EMBALLAGE\u00a0: TC-NT2, guide d&#039;installation rapide, 2 adaptateurs RJ-45 vers BNC, c\u00e2ble de raccordement r\u00e9seau, \u00e9tui de transport.<\/div>\n<div class=\"row headername\">\n<div class=\"item-header rd-hyg-item-header\"><strong>Principales caract\u00e9ristiques<\/strong><\/div>\n<div class=\"row\">\n<ul>\n<li>Testeur de c\u00e2bles complet pour les professionnels des r\u00e9seaux<\/li>\n<li>Teste les c\u00e2bles Ethernet, USB et BNC<\/li>\n<li>Test pr\u00e9cis des configurations de broches pour des longueurs de c\u00e2ble allant jusqu&#039;\u00e0 300 m\u00e8tres (984 pieds)<\/li>\n<li>Identifie les broches ouvertes, court-circuit\u00e9es et interconnect\u00e9es<\/li>\n<li>Num\u00e9risation continue et num\u00e9risation manuelle<\/li>\n<li>Comprend un convertisseur BNC vers Ethernet<\/li>\n<li>Mallette de voyage pratique<\/li>\n<\/ul>\n<\/div>\n<\/div>\n<\/div>","protected":false},"excerpt":{"rendered":"<p>Testeur de c\u00e2ble r\u00e9seau TRENDnet TC-NT2 avec g\u00e9n\u00e9rateur de tonalit\u00e9<\/p>","protected":false},"featured_media":136922,"template":"","meta":{"_acf_changed":false},"product_brand":[],"product_cat":[4144],"product_tag":[],"class_list":{"0":"post-98092","1":"product","2":"type-product","3":"status-publish","4":"has-post-thumbnail","6":"product_cat-natverkskabel-tillbehor","7":"tm-no-options","9":"first","10":"onbackorder","11":"sale","12":"taxable","13":"shipping-taxable","14":"purchasable","15":"product-type-simple"},"acf":[],"_links":{"self":[{"href":"https:\/\/secureus.se\/fr\/wp-json\/wp\/v2\/product\/98092","targetHints":{"allow":["GET"]}}],"collection":[{"href":"https:\/\/secureus.se\/fr\/wp-json\/wp\/v2\/product"}],"about":[{"href":"https:\/\/secureus.se\/fr\/wp-json\/wp\/v2\/types\/product"}],"wp:featuredmedia":[{"embeddable":true,"href":"https:\/\/secureus.se\/fr\/wp-json\/wp\/v2\/media\/136922"}],"wp:attachment":[{"href":"https:\/\/secureus.se\/fr\/wp-json\/wp\/v2\/media?parent=98092"}],"wp:term":[{"taxonomy":"product_brand","embeddable":true,"href":"https:\/\/secureus.se\/fr\/wp-json\/wp\/v2\/product_brand?post=98092"},{"taxonomy":"product_cat","embeddable":true,"href":"https:\/\/secureus.se\/fr\/wp-json\/wp\/v2\/product_cat?post=98092"},{"taxonomy":"product_tag","embeddable":true,"href":"https:\/\/secureus.se\/fr\/wp-json\/wp\/v2\/product_tag?post=98092"}],"curies":[{"name":"wp","href":"https:\/\/api.w.org\/{rel}","templated":true}]}}