{"id":98113,"date":"2024-09-04T13:41:46","date_gmt":"2024-09-04T11:41:46","guid":{"rendered":"https:\/\/secureus.se\/stromadapter-12v-2a-for-ajax-streetsiren-svart-med-2-4-meter-sladd\/"},"modified":"2026-04-21T15:43:03","modified_gmt":"2026-04-21T13:43:03","slug":"stromadapter-12v-2a-for-ajax-streetsiren-svart","status":"publish","type":"product","link":"https:\/\/secureus.se\/fr\/stromadapter-12v-2a-for-ajax-streetsiren-svart\/","title":{"rendered":"Adaptateur secteur 12 V 2 A pour sir\u00e8ne de rue Ajax \u2013 Noir avec c\u00e2ble de 5 m\u00e8tres"},"content":{"rendered":"<h3><strong>Adaptateur secteur 12 V 2 A pour sir\u00e8ne de rue Ajax \u2013 Noir avec c\u00e2ble de 5 m\u00e8tres<\/strong><\/h3>\n<p>L&#039;adaptateur secteur 12V 2A pour l&#039;Ajax StreetSiren est un composant n\u00e9cessaire pour garantir que votre \u00e9quipement de s\u00e9curit\u00e9 dispose toujours d&#039;une source d&#039;alimentation stable et fiable.<\/p>\n<p>Il est sp\u00e9cialement con\u00e7u pour \u00eatre utilis\u00e9 avec l&#039;Ajax StreetSiren et d&#039;autres appareils n\u00e9cessitant un courant constant de 12 V CC et jusqu&#039;\u00e0 2 A.<\/p>\n<h3>Caract\u00e9ristiques et avantages\u00a0:<\/h3>\n<ul>\n<li><strong>Alimentation stable et fiable :<\/strong> L&#039;adaptateur secteur fournit une tension constante de 12 V CC avec un courant allant jusqu&#039;\u00e0 2 A, vous pouvez donc \u00eatre s\u00fbr que votre Ajax StreetSiren fonctionne toujours de mani\u00e8re optimale.<\/li>\n<li><strong>Flexibilit\u00e9 d&#039;installation\u00a0:<\/strong> Gr\u00e2ce \u00e0 son c\u00e2ble de 5 m\u00e8tres de long, vous b\u00e9n\u00e9ficiez d&#039;une plus grande flexibilit\u00e9 lors de l&#039;installation, ce qui facilite le raccordement de votre StreetSiren dans des endroits recul\u00e9s ou difficiles d&#039;acc\u00e8s sans avoir \u00e0 utiliser de rallonges.<\/li>\n<li><strong>Conception robuste\u00a0:<\/strong> La conception durable et robuste permet \u00e0 l&#039;adaptateur d&#039;\u00eatre utilis\u00e9 pendant de longues p\u00e9riodes sans perdre sa fonctionnalit\u00e9, m\u00eame dans des environnements difficiles.<\/li>\n<li><strong>Connexion directe avec extr\u00e9mit\u00e9s de c\u00e2ble ouvertes\u00a0:<\/strong> L&#039;adaptateur est modifi\u00e9 avec des extr\u00e9mit\u00e9s de c\u00e2ble ouvertes pour faciliter la connexion directe \u00e0 l&#039;Ajax StreetSiren et \u00e0 d&#039;autres installations personnalis\u00e9es.<\/li>\n<li>Cela rend l&#039;installation rapide et facile, tout en r\u00e9duisant le besoin de connecteurs ou de composants d&#039;adaptateur suppl\u00e9mentaires.<\/li>\n<\/ul>\n<h3>Sp\u00e9cifications techniques\u00a0:<\/h3>\n<ul>\n<li><strong>Entr\u00e9e:<\/strong> 100-240 V CA ~ 50\/60 Hz<\/li>\n<li><strong>Sortir:<\/strong> 12 V CC 2 A (2 000 mA)<\/li>\n<li><strong>Longueur du cordon :<\/strong> 5 m\u00e8tres<\/li>\n<li><strong>Peinture:<\/strong> Noir<\/li>\n<li><strong>Modification:<\/strong> Connecteur retir\u00e9 pour les extr\u00e9mit\u00e9s de fil ouvertes pour une connexion directe<\/li>\n<\/ul>\n<h3>Compatibilit\u00e9:<\/h3>\n<p>L&#039;adaptateur secteur est compatible avec l&#039;Ajax StreetSiren ainsi qu&#039;avec d&#039;autres appareils n\u00e9cessitant 12 V CC et jusqu&#039;\u00e0 2 A. Il est parfait pour les syst\u00e8mes de s\u00e9curit\u00e9, les syst\u00e8mes de surveillance ou autres appareils \u00e9lectroniques n\u00e9cessitant une source d&#039;alimentation stable.<\/p>\n<h3>Avantages :<\/h3>\n<ul>\n<li><strong>Alimentation fiable et stable<\/strong> garantit que l&#039;Ajax StreetSiren et les autres appareils re\u00e7oivent l&#039;alimentation dont ils ont besoin pour fonctionner correctement.<\/li>\n<li><strong>Cordon long de 5 m\u00e8tres<\/strong> vous permet de placer votre appareil l\u00e0 o\u00f9 il s&#039;adapte le mieux, sans \u00eatre limit\u00e9 par des c\u00e2bles courts.<\/li>\n<li><strong>Installation simple<\/strong> gr\u00e2ce \u00e0 des extr\u00e9mit\u00e9s de c\u00e2ble ouvertes qui facilitent la connexion directe \u00e0 votre appareil sans connecteurs d&#039;adaptateur suppl\u00e9mentaires.<\/li>\n<\/ul>\n<h3>Utiliser:<\/h3>\n<p>Cet adaptateur secteur est le compl\u00e9ment parfait de l&#039;Ajax StreetSiren et d&#039;autres appareils compatibles. En fournissant une source d&#039;alimentation stable et s\u00fbre, il permet une utilisation sans probl\u00e8me et \u00e0 long terme de votre syst\u00e8me de s\u00e9curit\u00e9.<\/p>\n<p>L&#039;adaptateur convient aussi bien \u00e0 un usage domestique qu&#039;au travail et peut \u00eatre facilement int\u00e9gr\u00e9 \u00e0 tous les types de syst\u00e8mes de surveillance.<\/p>","protected":false},"excerpt":{"rendered":"<p>L&#039;adaptateur secteur 12V 2A pour l&#039;Ajax StreetSiren est une alimentation fiable et robuste qui assure un fonctionnement stable de votre sir\u00e8ne ou d&#039;autres appareils compatibles.<\/p>\n<p>Avec un cordon de 5 m\u00e8tres et des extr\u00e9mit\u00e9s ouvertes pour une connexion directe, cet adaptateur est id\u00e9al pour les syst\u00e8mes de s\u00e9curit\u00e9 domestiques et professionnels.<\/p>","protected":false},"featured_media":161867,"template":"","meta":{"_acf_changed":false},"product_brand":[],"product_cat":[3171,3163],"product_tag":[4863],"class_list":{"0":"post-98113","1":"product","2":"type-product","3":"status-publish","4":"has-post-thumbnail","6":"product_cat-psu-stromforsorjning","7":"product_cat-sirener","8":"product_tag-pf","9":"product_shipping_class-postnord-varubrev","10":"pa_farg-svart","11":"tm-no-options","13":"first","14":"instock","15":"taxable","16":"shipping-taxable","17":"purchasable","18":"product-type-simple"},"acf":[],"_links":{"self":[{"href":"https:\/\/secureus.se\/fr\/wp-json\/wp\/v2\/product\/98113","targetHints":{"allow":["GET"]}}],"collection":[{"href":"https:\/\/secureus.se\/fr\/wp-json\/wp\/v2\/product"}],"about":[{"href":"https:\/\/secureus.se\/fr\/wp-json\/wp\/v2\/types\/product"}],"wp:featuredmedia":[{"embeddable":true,"href":"https:\/\/secureus.se\/fr\/wp-json\/wp\/v2\/media\/161867"}],"wp:attachment":[{"href":"https:\/\/secureus.se\/fr\/wp-json\/wp\/v2\/media?parent=98113"}],"wp:term":[{"taxonomy":"product_brand","embeddable":true,"href":"https:\/\/secureus.se\/fr\/wp-json\/wp\/v2\/product_brand?post=98113"},{"taxonomy":"product_cat","embeddable":true,"href":"https:\/\/secureus.se\/fr\/wp-json\/wp\/v2\/product_cat?post=98113"},{"taxonomy":"product_tag","embeddable":true,"href":"https:\/\/secureus.se\/fr\/wp-json\/wp\/v2\/product_tag?post=98113"}],"curies":[{"name":"wp","href":"https:\/\/api.w.org\/{rel}","templated":true}]}}