{"id":98777,"date":"2024-09-27T15:02:49","date_gmt":"2024-09-27T13:02:49","guid":{"rendered":"https:\/\/secureus.se\/?post_type=product&#038;p=98777"},"modified":"2026-04-09T11:34:21","modified_gmt":"2026-04-09T09:34:21","slug":"switch-5-portars-gigabit-poe-switch-10-gbps","status":"publish","type":"product","link":"https:\/\/secureus.se\/fr\/switch-5-portars-gigabit-poe-switch-10-gbps\/","title":{"rendered":"Commutateur Gigabit PoE \u00e0 5 ports, 10 Gbit\/s"},"content":{"rendered":"<p>Commutateur Gigabit PoE \u00e0 5 ports, 10 Gbit\/s<\/p>\n<div class=\"pd-overview-details pd-show-full-overview\">\n<div class=\"headernamehrnone\">Le commutateur Gigabit PoE+ \u00e0 5 ports de TRENDnet, mod\u00e8le TPE-TG50g, fournit des donn\u00e9es et de l&#039;alimentation via les c\u00e2bles Ethernet existants aux appareils PoE (Power over Ethernet) tels que les points d&#039;acc\u00e8s et les cam\u00e9ras IP. il prend en charge les appareils PoE et PoE+ avec un budget d&#039;alimentation PoE de 31 W. Ce switch m\u00e9tallique compact et robuste est facile \u00e0 installer pour des r\u00e9seaux PoE fiables et haut d\u00e9bit.<\/div>\n<div><\/div>\n<div class=\"row headername\">\n<div class=\"item-header rd-hyg-item-header\"><strong>Principales caract\u00e9ristiques<\/strong><\/div>\n<div class=\"row\">\n<ul>\n<li>CONCEPTION DE BUREAU : Avec un bo\u00eetier m\u00e9tallique compact et l\u00e9ger, ce commutateur Ethernet est bien adapt\u00e9 aux installations de bureau.<\/li>\n<li>TAUX DE TRANSFERT DE DONN\u00c9ES : Ethernet : 10 Mbps (semi-duplex), 20 Mbps (full duplex) Fast Ethernet : 100 Mbps (semi-duplex), 200 Mbps (full duplex) Gigabit : 2 000 Mbps (full duplex)<\/li>\n<li>PROTECTION \u00c0 VIE TRENDnet\u00a0:\u00a0Garantie \u00e0 vie du fabricant de TRENDnet<\/li>\n<li>CONCEPTION DE BUREAU : Avec un bo\u00eetier m\u00e9tallique compact et l\u00e9ger, ce commutateur Ethernet est bien adapt\u00e9 aux installations de bureau.<\/li>\n<\/ul>\n<ul class=\"mainfeatureslist\">\n<li>TAUX DE TRANSFERT DE DONN\u00c9ES : Ethernet : 10 Mbps (semi-duplex), 20 Mbps (full duplex) Fast Ethernet : 100 Mbps (semi-duplex), 200 Mbps (full duplex) Gigabit : 2 000 Mbps (full duplex)<\/li>\n<\/ul>\n<\/div>\n<\/div>\n<\/div>","protected":false},"excerpt":{"rendered":"<p>TRENDnet TPE-TG50G commutateur PoE Gigabit 5 ports, 10 Gbit\/s<\/p>","protected":false},"featured_media":136163,"template":"","meta":{"_acf_changed":false},"product_brand":[],"product_cat":[4148],"product_tag":[],"class_list":{"0":"post-98777","1":"product","2":"type-product","3":"status-publish","4":"has-post-thumbnail","6":"product_cat-poe-switchar","7":"pa_brands-trendnet","8":"tm-no-options","10":"first","11":"onbackorder","12":"sale","13":"taxable","14":"shipping-taxable","15":"purchasable","16":"product-type-simple"},"acf":[],"_links":{"self":[{"href":"https:\/\/secureus.se\/fr\/wp-json\/wp\/v2\/product\/98777","targetHints":{"allow":["GET"]}}],"collection":[{"href":"https:\/\/secureus.se\/fr\/wp-json\/wp\/v2\/product"}],"about":[{"href":"https:\/\/secureus.se\/fr\/wp-json\/wp\/v2\/types\/product"}],"wp:featuredmedia":[{"embeddable":true,"href":"https:\/\/secureus.se\/fr\/wp-json\/wp\/v2\/media\/136163"}],"wp:attachment":[{"href":"https:\/\/secureus.se\/fr\/wp-json\/wp\/v2\/media?parent=98777"}],"wp:term":[{"taxonomy":"product_brand","embeddable":true,"href":"https:\/\/secureus.se\/fr\/wp-json\/wp\/v2\/product_brand?post=98777"},{"taxonomy":"product_cat","embeddable":true,"href":"https:\/\/secureus.se\/fr\/wp-json\/wp\/v2\/product_cat?post=98777"},{"taxonomy":"product_tag","embeddable":true,"href":"https:\/\/secureus.se\/fr\/wp-json\/wp\/v2\/product_tag?post=98777"}],"curies":[{"name":"wp","href":"https:\/\/api.w.org\/{rel}","templated":true}]}}