{"id":98784,"date":"2024-09-27T15:02:51","date_gmt":"2024-09-27T13:02:51","guid":{"rendered":"https:\/\/secureus.se\/?post_type=product&#038;p=98784"},"modified":"2026-04-23T13:30:46","modified_gmt":"2026-04-23T11:30:46","slug":"switch-axis-8-portars-industriell-poe-gigabitswitch-2-sfp-2-rj45-portar-240-w-rackmontering","status":"publish","type":"product","link":"https:\/\/secureus.se\/fr\/switch-axis-8-portars-industriell-poe-gigabitswitch-2-sfp-2-rj45-portar-240-w-rackmontering\/","title":{"rendered":"Switch Axis Gigabit PoE industriel 8 ports, 2 ports SFP, 2 ports RJ45, 240 W, montage en rack"},"content":{"rendered":"<h1>Switch Gigabit PoE industriel \u00e0 8 ports<\/h1>\n<h2>2 ports SFP 2 RJ45 240 W, montage en rack<\/h2>\n<div class=\"headernamehrnone\">Le commutateur PoE industriel AXIS T8504-R est un commutateur Gigabit PoE++ industriel g\u00e9r\u00e9 avec 4 ports. De plus, le switch est \u00e9quip\u00e9 de deux ports de donn\u00e9es RJ45 et de deux ports de donn\u00e9es SFP qui permettent de connecter des appareils suppl\u00e9mentaires.&nbsp;<\/p>\n<p><b>Pour les installations exigeantes<\/b><\/p>\n<p>Le commutateur industriel robuste est d\u00e9velopp\u00e9 pour les environnements exigeants lorsqu&#039;il est mont\u00e9 \u00e0 l&#039;int\u00e9rieur d&#039;une armoire de surveillance. Il est con\u00e7u pour r\u00e9sister aux chocs, aux vibrations et aux temp\u00e9ratures de -40 \u00b0C \u00e0 75 \u00b0C (-40 \u00b0F \u00e0 167 \u00b0F), ce qui le rend id\u00e9al pour les installations tr\u00e8s exigeantes telles que le long des autoroutes et des tunnels.<\/p>\n<p><b>Facile \u00e0 installer et \u00e0 configurer<\/b><\/p>\n<p>Le commutateur PoE industriel AXIS T8504-R est facile \u00e0 installer avec les outils standard AXIS, tels que AXIS IP Utility et AXIS Device Manager. L&#039;AXIS T8504-R est \u00e9galement livr\u00e9 avec un mot de passe individuel, un guide d&#039;installation facile \u00e0 utiliser et un ensemble complet d&#039;outils de configuration, par ex. un serveur DHCP int\u00e9gr\u00e9 pour l&#039;attribution automatique des adresses IP. Il permet \u00e9galement des configurations r\u00e9seau encore plus avanc\u00e9es telles que Rapid Ring Protection Protocol, VLAN, QoS, Security et Spanning Tree pour optimiser davantage la solution globale.<\/p>\n<p><b>Vue d&#039;ensemble totale avec une interface utilisateur unique<\/b><\/p>\n<p>L&#039;AXIS T8504-R utilise la m\u00eame interface d&#039;administrateur intuitive que la s\u00e9rie de commutateurs r\u00e9seau PoE AXIS T85. L&#039;interface utilisateur graphique unique offre une topologie graphique pour un aper\u00e7u simple de tous les appareils du syst\u00e8me. L&#039;interface utilisateur graphique fournit des informations, des \u00e9tats et des notifications sur les appareils connect\u00e9s. Il permet la gestion de tous les appareils connect\u00e9s, le red\u00e9marrage des cam\u00e9ras du syst\u00e8me, la surveillance du trafic r\u00e9seau, le diagnostic des c\u00e2bles et bien plus encore.<\/p>\n<\/div>\n<div class=\"row headername\">\n<div class=\"item-header rd-hyg-item-header\"><strong>Principales caract\u00e9ristiques<\/strong><\/div>\n<div class=\"row\">\n<ul>\n<li>Haute disponibilit\u00e9 avec Rapid Ring<\/li>\n<li>Double redondance pour courant continu<\/li>\n<li>Conforme \u00e0 High PoE 60W<\/li>\n<\/ul>\n<\/div>\n<\/div>","protected":false},"excerpt":{"rendered":"<p>Commutateur Gigabit PoE industriel g\u00e9r\u00e9 \u00e0 8 ports AXIS T8504-R s\u00e9rie T85 avec 2 ports SFP et 2 ports RJ45, 240 W, montage en rack<\/p>","protected":false},"featured_media":136347,"template":"","meta":{"_acf_changed":false},"product_brand":[],"product_cat":[4148],"product_tag":[],"class_list":{"0":"post-98784","1":"product","2":"type-product","3":"status-publish","4":"has-post-thumbnail","6":"product_cat-poe-switchar","7":"pa_brands-axis","8":"tm-no-options","10":"first","11":"onbackorder","12":"sale","13":"taxable","14":"shipping-taxable","15":"purchasable","16":"product-type-simple"},"acf":[],"_links":{"self":[{"href":"https:\/\/secureus.se\/fr\/wp-json\/wp\/v2\/product\/98784","targetHints":{"allow":["GET"]}}],"collection":[{"href":"https:\/\/secureus.se\/fr\/wp-json\/wp\/v2\/product"}],"about":[{"href":"https:\/\/secureus.se\/fr\/wp-json\/wp\/v2\/types\/product"}],"wp:featuredmedia":[{"embeddable":true,"href":"https:\/\/secureus.se\/fr\/wp-json\/wp\/v2\/media\/136347"}],"wp:attachment":[{"href":"https:\/\/secureus.se\/fr\/wp-json\/wp\/v2\/media?parent=98784"}],"wp:term":[{"taxonomy":"product_brand","embeddable":true,"href":"https:\/\/secureus.se\/fr\/wp-json\/wp\/v2\/product_brand?post=98784"},{"taxonomy":"product_cat","embeddable":true,"href":"https:\/\/secureus.se\/fr\/wp-json\/wp\/v2\/product_cat?post=98784"},{"taxonomy":"product_tag","embeddable":true,"href":"https:\/\/secureus.se\/fr\/wp-json\/wp\/v2\/product_tag?post=98784"}],"curies":[{"name":"wp","href":"https:\/\/api.w.org\/{rel}","templated":true}]}}