{"id":98796,"date":"2024-09-27T15:02:52","date_gmt":"2024-09-27T13:02:52","guid":{"rendered":"https:\/\/secureus.se\/?post_type=product&#038;p=98796"},"modified":"2026-04-01T15:57:53","modified_gmt":"2026-04-01T13:57:53","slug":"switch18-portars-gigabit-poe-switch-36-gbps","status":"publish","type":"product","link":"https:\/\/secureus.se\/fr\/switch18-portars-gigabit-poe-switch-36-gbps\/","title":{"rendered":"SwitchSwitch PoE Gigabit 18 ports 36 Gbit\/s"},"content":{"rendered":"<div>\n<div class=\"product-description\">\n<h1 class=\"product-title-description\">SwitchTRENDnet TPE-BG182G 18 ports Gigabit<\/h1>\n<h2 class=\"product-title-description\">Commutateur PoE, 36 Gbit\/s<\/h2>\n<\/div>\n<\/div>\n<div class=\"product-sku\">\n<p class=\"item-num-mfg\">\u2022 8 ports Gigabit PoE++ (jusqu&#039;\u00e0 95 W)<br \/>\n\u2022 8 ports Gigabit PoE+ (jusqu&#039;\u00e0 30 W)<br \/>\n\u2022 2 emplacements SFP Gigabit<br \/>\n\u2022 Budget d&#039;alimentation PoE de 470\u00a0W<br \/>\n\u2022 Capacit\u00e9 de commutation de 36 Gbit\/s<br \/>\n\u2022 Alimentation interne<br \/>\n\u2022 Bo\u00eetier m\u00e9tallique robuste montable en rack 1U 19\u00a0pouces<\/p>\n<p class=\"item-num-mfg\">\nLes commutateurs Gigabit PoE++ non g\u00e9r\u00e9s de TRENDnet offrent des performances de bande passante \u00e9lev\u00e9es, une facilit\u00e9 d&#039;utilisation et une fiabilit\u00e9.<\/p>\n<p class=\"item-num-mfg\">Th\u00e8ses IEEE<br \/>\nLes commutateurs conformes \u00e0 la norme 802.3bt sont dot\u00e9s d&#039;un bo\u00eetier m\u00e9tallique robuste montable en rack 1U 19 pouces avec supports de montage inclus. Ces hauts<br \/>\nLes commutateurs Power PoE++ offrent \u00e9galement des emplacements SFP pour les applications de r\u00e9seau fibre longue distance.<\/p>\n<p class=\"item-num-mfg\">\nLes installateurs et les int\u00e9grateurs peuvent \u00e9conomiser sur les co\u00fbts d&#039;\u00e9quipement et r\u00e9duire le temps d&#039;installation gr\u00e2ce au PoE++ haute puissance non g\u00e9r\u00e9 de TRENDnet.<br \/>\ncommutateurs en fournissant jusqu&#039;\u00e0 95 W par port d&#039;alimentation et de donn\u00e9es PoE++ sur les c\u00e2bles Ethernet existants.<\/p>\n<p class=\"item-num-mfg\">Mettez facilement en r\u00e9seau des appareils PoE tels que<br \/>\ncomme points d&#039;acc\u00e8s sans fil haute puissance, cam\u00e9ras PTZ, affichage num\u00e9rique, d\u00e9codeurs IPTV, contr\u00f4les d&#039;acc\u00e8s, et bien plus encore gr\u00e2ce \u00e0 ces<br \/>\nalimentez les commutateurs PoE++.<\/p>\n<p><span class=\"erpnumber-divider\">|<\/span><\/p>\n<p class=\"item-num-sku\">\n<\/div>","protected":false},"excerpt":{"rendered":"<p>TRENDnet TPE-BG182G commutateur PoE Gigabit 18 ports, 36 Gbit\/s<\/p>","protected":false},"featured_media":135950,"template":"","meta":{"_acf_changed":false},"product_brand":[],"product_cat":[4148],"product_tag":[],"class_list":{"0":"post-98796","1":"product","2":"type-product","3":"status-publish","4":"has-post-thumbnail","6":"product_cat-poe-switchar","7":"pa_brands-trendnet","8":"tm-no-options","10":"first","11":"onbackorder","12":"sale","13":"taxable","14":"shipping-taxable","15":"purchasable","16":"product-type-simple"},"acf":[],"_links":{"self":[{"href":"https:\/\/secureus.se\/fr\/wp-json\/wp\/v2\/product\/98796","targetHints":{"allow":["GET"]}}],"collection":[{"href":"https:\/\/secureus.se\/fr\/wp-json\/wp\/v2\/product"}],"about":[{"href":"https:\/\/secureus.se\/fr\/wp-json\/wp\/v2\/types\/product"}],"wp:featuredmedia":[{"embeddable":true,"href":"https:\/\/secureus.se\/fr\/wp-json\/wp\/v2\/media\/135950"}],"wp:attachment":[{"href":"https:\/\/secureus.se\/fr\/wp-json\/wp\/v2\/media?parent=98796"}],"wp:term":[{"taxonomy":"product_brand","embeddable":true,"href":"https:\/\/secureus.se\/fr\/wp-json\/wp\/v2\/product_brand?post=98796"},{"taxonomy":"product_cat","embeddable":true,"href":"https:\/\/secureus.se\/fr\/wp-json\/wp\/v2\/product_cat?post=98796"},{"taxonomy":"product_tag","embeddable":true,"href":"https:\/\/secureus.se\/fr\/wp-json\/wp\/v2\/product_tag?post=98796"}],"curies":[{"name":"wp","href":"https:\/\/api.w.org\/{rel}","templated":true}]}}