{"id":98802,"date":"2024-09-27T15:02:52","date_gmt":"2024-09-27T13:02:52","guid":{"rendered":"https:\/\/secureus.se\/?post_type=product&#038;p=98802"},"modified":"2026-04-09T11:33:05","modified_gmt":"2026-04-09T09:33:05","slug":"switch-trendnet-8-port-10-100mbps-poe-switch-16gbps","status":"publish","type":"product","link":"https:\/\/secureus.se\/fr\/switch-trendnet-8-port-10-100mbps-poe-switch-16gbps\/","title":{"rendered":"Switch TRENDnet Switch PoE 8 ports 10\/100Mbps 1,6Gbps"},"content":{"rendered":"<h1>Switch TRENDnet TPE-S44 8 ports 10\/100Mbps<\/h1>\n<h2>Commutateur PoE, 1,6 Gbit\/s<\/h2>\n<p>Commutateur PoE 8 ports 10\/100 Mbps<\/p>\n<p>TPE-S44 (v4.0R)<br \/>\nLe commutateur PoE 8 ports 10\/100 Mbps de TRENDnet, mod\u00e8le TPE-S44, offre 4 ports PoE 10\/100 Mbps, 4 ports 10\/100 Mbps, une capacit\u00e9 de commutation de 1,6 Gbps,<br \/>\net un budget de puissance PoE de 30 watts.<\/p>\n<p>Plug and Play ce commutateur m\u00e9tallique robuste pour un r\u00e9seau PoE haut d\u00e9bit fiable.<\/p>\n<p>\u2022 4 ports PoE 10\/100 Mbps<br \/>\n\u2022 4 ports 10\/100 Mbps<br \/>\n\u2022 Budget d&#039;alimentation PoE de 30\u00a0W<br \/>\n\u2022 Capacit\u00e9 de commutation de 1,6 Gbit\/s<br \/>\n\u2022 Interrupteur en m\u00e9tal robuste<br \/>\n\u2022 Installation Plug-and-Play<br \/>\n\u2022 Garantie \u00e0 vie limit\u00e9e<\/p>","protected":false},"excerpt":{"rendered":"<p>TRENDnet TPE-S44 commutateur PoE 8 ports 10\/100 Mbps, 1,6 Gb\/s<\/p>","protected":false},"featured_media":136686,"template":"","meta":{"_acf_changed":false},"product_brand":[],"product_cat":[4148],"product_tag":[],"class_list":{"0":"post-98802","1":"product","2":"type-product","3":"status-publish","4":"has-post-thumbnail","6":"product_cat-poe-switchar","7":"pa_brands-trendnet","8":"tm-no-options","10":"first","11":"onbackorder","12":"sale","13":"taxable","14":"shipping-taxable","15":"purchasable","16":"product-type-simple"},"acf":[],"_links":{"self":[{"href":"https:\/\/secureus.se\/fr\/wp-json\/wp\/v2\/product\/98802","targetHints":{"allow":["GET"]}}],"collection":[{"href":"https:\/\/secureus.se\/fr\/wp-json\/wp\/v2\/product"}],"about":[{"href":"https:\/\/secureus.se\/fr\/wp-json\/wp\/v2\/types\/product"}],"wp:featuredmedia":[{"embeddable":true,"href":"https:\/\/secureus.se\/fr\/wp-json\/wp\/v2\/media\/136686"}],"wp:attachment":[{"href":"https:\/\/secureus.se\/fr\/wp-json\/wp\/v2\/media?parent=98802"}],"wp:term":[{"taxonomy":"product_brand","embeddable":true,"href":"https:\/\/secureus.se\/fr\/wp-json\/wp\/v2\/product_brand?post=98802"},{"taxonomy":"product_cat","embeddable":true,"href":"https:\/\/secureus.se\/fr\/wp-json\/wp\/v2\/product_cat?post=98802"},{"taxonomy":"product_tag","embeddable":true,"href":"https:\/\/secureus.se\/fr\/wp-json\/wp\/v2\/product_tag?post=98802"}],"curies":[{"name":"wp","href":"https:\/\/api.w.org\/{rel}","templated":true}]}}