{"id":98804,"date":"2024-09-27T15:02:52","date_gmt":"2024-09-27T13:02:52","guid":{"rendered":"https:\/\/secureus.se\/?post_type=product&#038;p=98804"},"modified":"2026-04-09T11:33:04","modified_gmt":"2026-04-09T09:33:04","slug":"switch-ultratech-9-portars-gigabit-8-xpoe-130w","status":"publish","type":"product","link":"https:\/\/secureus.se\/fr\/switch-ultratech-9-portars-gigabit-8-xpoe-130w\/","title":{"rendered":"Switch Ultratech 9 ports Gigabit 8 xPoE 130W"},"content":{"rendered":"<h1>Commutateur Ultratech 0E-9P8POEGIG 9 ports<\/h1>\n<h2>Commutateur Gigabit avec 8 PoE, 130 W<\/h2>\n<div class=\"headernamehrnone\">\n<p>Le commutateur PoE Gigabit PoE 9 ports\/8 est enti\u00e8rement int\u00e9gr\u00e9 pour prendre en charge la surveillance de la s\u00e9curit\u00e9, fournit un transfert rapide des paquets ainsi que des vitesses de transmission Ethernet rapides en utilisant une bande passante appropri\u00e9e pour garantir des images claires\/une transmission fluide et une bande passante suffisante pour la vid\u00e9o haute d\u00e9finition.<\/p>\n<\/div>\n<div class=\"row headername\">\n<div class=\"item-header rd-hyg-item-header\"><strong>Principales caract\u00e9ristiques<\/strong><\/div>\n<div class=\"row\">\n<ul>\n<li>8 ports PoE 10\/100\/1 000 Mbit\/s<\/li>\n<li>1x port 10\/100\/1000 Mbit\/s<\/li>\n<li>Installation facile\u00a0:\u00a0Plug and Play<\/li>\n<li>Budget PoE de 130\u00a0W<\/li>\n<li>Capacit\u00e9 de commutation\u00a0: 18\u00a0Gbit\/s<\/li>\n<li>\u00c9tat du port\u00a0: indicateur LED<\/li>\n<li>Interrupteur \u00e9conome en \u00e9nergie<\/li>\n<li>Garantie\u00a0:\u00a0\u00e0 vie limit\u00e9e<\/li>\n<\/ul>\n<\/div>\n<\/div>","protected":false},"excerpt":{"rendered":"<p>Ultratech 0E-9P8POEGIG Commutateur Gigabit 9 ports avec 8 PoE, 130 W<\/p>","protected":false},"featured_media":135928,"template":"","meta":{"_acf_changed":false},"product_brand":[],"product_cat":[4148],"product_tag":[],"class_list":{"0":"post-98804","1":"product","2":"type-product","3":"status-publish","4":"has-post-thumbnail","6":"product_cat-poe-switchar","7":"pa_brands-ultratech","8":"tm-no-options","10":"first","11":"onbackorder","12":"taxable","13":"shipping-taxable","14":"purchasable","15":"product-type-simple"},"acf":[],"_links":{"self":[{"href":"https:\/\/secureus.se\/fr\/wp-json\/wp\/v2\/product\/98804","targetHints":{"allow":["GET"]}}],"collection":[{"href":"https:\/\/secureus.se\/fr\/wp-json\/wp\/v2\/product"}],"about":[{"href":"https:\/\/secureus.se\/fr\/wp-json\/wp\/v2\/types\/product"}],"wp:featuredmedia":[{"embeddable":true,"href":"https:\/\/secureus.se\/fr\/wp-json\/wp\/v2\/media\/135928"}],"wp:attachment":[{"href":"https:\/\/secureus.se\/fr\/wp-json\/wp\/v2\/media?parent=98804"}],"wp:term":[{"taxonomy":"product_brand","embeddable":true,"href":"https:\/\/secureus.se\/fr\/wp-json\/wp\/v2\/product_brand?post=98804"},{"taxonomy":"product_cat","embeddable":true,"href":"https:\/\/secureus.se\/fr\/wp-json\/wp\/v2\/product_cat?post=98804"},{"taxonomy":"product_tag","embeddable":true,"href":"https:\/\/secureus.se\/fr\/wp-json\/wp\/v2\/product_tag?post=98804"}],"curies":[{"name":"wp","href":"https:\/\/api.w.org\/{rel}","templated":true}]}}