{"id":98846,"date":"2024-09-30T14:44:49","date_gmt":"2024-09-30T12:44:49","guid":{"rendered":"https:\/\/secureus.se\/system-sensor-22051e-46-iv-optisk-analog-detektor-i-avancerad-serie\/"},"modified":"2026-03-30T14:24:42","modified_gmt":"2026-03-30T12:24:42","slug":"system-sensor-22051e-46-iv-optisk-analog-detektor-i-avancerad-serie","status":"publish","type":"product","link":"https:\/\/secureus.se\/fr\/system-sensor-22051e-46-iv-optisk-analog-detektor-i-avancerad-serie\/","title":{"rendered":"Capteur de syst\u00e8me de d\u00e9tecteur de fum\u00e9e 22051E-46-IV optique analogique"},"content":{"rendered":"<div class=\"headernamehrnone\">\n<p>Le d\u00e9tecteur de fum\u00e9e photo\u00e9lectrique 22051E\/EI pr\u00e9sente une toute nouvelle conception de chambre de d\u00e9tection, r\u00e9sultat de nombreuses ann\u00e9es de recherche et de conception par System Sensor. Cela permet une r\u00e9ponse am\u00e9lior\u00e9e, une r\u00e9duction des changements de sensibilit\u00e9 caus\u00e9s par la poussi\u00e8re et moins de fausses alarmes dues \u00e0 l&#039;intrusion d&#039;insectes et d&#039;autres d\u00e9bris. Le plug-in utilise des circuits de traitement sophistiqu\u00e9s qui incluent des filtres de lissage pour \u00e9liminer les conditions de bruit ambiant transitoires qui peuvent \u00eatre \u00e0 l&#039;origine d&#039;alarmes ind\u00e9sirables. Les appareils sont contr\u00f4l\u00e9s par un logiciel int\u00e9gr\u00e9 qui ex\u00e9cute des algorithmes complexes qui am\u00e9liorent encore la r\u00e9sistance aux fausses alarmes et augmentent la vitesse de d\u00e9tection.<\/p>\n<\/div>\n<div class=\"row headername\">\n<h5 class=\"item-header rd-hyg-item-header\"><strong>Principales caract\u00e9ristiques<\/strong><\/h5>\n<div class=\"row\">\n<ul>\n<li>Comprend le protocole avanc\u00e9 s\u00e9rie 200<\/li>\n<li>Disponible avec ou sans isolation unipolaire contre les courts-circuits avec contr\u00f4le d&#039;\u00e9tat<\/li>\n<li>LED tricolore avec les couleurs rouge, vert et jaune<\/li>\n<li>Changer pour les adresses d\u00e9cennales tournantes<\/li>\n<li>Couleur blanc pur qui convient aux b\u00e2timents modernes<\/li>\n<li>R\u00e9trocompatibilit\u00e9 m\u00e9canique et \u00e9lectrique 100%<\/li>\n<li>Nouveau design de base qui compl\u00e8te le d\u00e9tecteur<\/li>\n<\/ul>\n<\/div>\n<\/div>\n<div><\/div>","protected":false},"excerpt":{"rendered":"<ul class=\"mainfeatureslist\">\n<li>Comprend le protocole avanc\u00e9 s\u00e9rie 200<\/li>\n<li>Disponible avec ou sans isolation unipolaire contre les courts-circuits avec contr\u00f4le d&#039;\u00e9tat<\/li>\n<li>LED tricolore avec les couleurs rouge, vert et jaune<\/li>\n<\/ul>\n<p><strong>Remplace 2251EM<\/strong><\/p>","protected":false},"featured_media":136646,"template":"","meta":{"_acf_changed":false},"product_brand":[],"product_cat":[4753],"product_tag":[],"class_list":{"0":"post-98846","1":"product","2":"type-product","3":"status-publish","4":"has-post-thumbnail","6":"product_cat-200-serien","7":"pa_brands-system-sensor","8":"tm-no-options","10":"first","11":"instock","12":"taxable","13":"shipping-taxable","14":"purchasable","15":"product-type-simple"},"acf":[],"_links":{"self":[{"href":"https:\/\/secureus.se\/fr\/wp-json\/wp\/v2\/product\/98846","targetHints":{"allow":["GET"]}}],"collection":[{"href":"https:\/\/secureus.se\/fr\/wp-json\/wp\/v2\/product"}],"about":[{"href":"https:\/\/secureus.se\/fr\/wp-json\/wp\/v2\/types\/product"}],"wp:featuredmedia":[{"embeddable":true,"href":"https:\/\/secureus.se\/fr\/wp-json\/wp\/v2\/media\/136646"}],"wp:attachment":[{"href":"https:\/\/secureus.se\/fr\/wp-json\/wp\/v2\/media?parent=98846"}],"wp:term":[{"taxonomy":"product_brand","embeddable":true,"href":"https:\/\/secureus.se\/fr\/wp-json\/wp\/v2\/product_brand?post=98846"},{"taxonomy":"product_cat","embeddable":true,"href":"https:\/\/secureus.se\/fr\/wp-json\/wp\/v2\/product_cat?post=98846"},{"taxonomy":"product_tag","embeddable":true,"href":"https:\/\/secureus.se\/fr\/wp-json\/wp\/v2\/product_tag?post=98846"}],"curies":[{"name":"wp","href":"https:\/\/api.w.org\/{rel}","templated":true}]}}