{"id":98983,"date":"2024-10-02T11:22:14","date_gmt":"2024-10-02T09:22:14","guid":{"rendered":"https:\/\/secureus.se\/kamera-8mp-ai-turret-28mm-vit\/"},"modified":"2026-03-30T12:33:30","modified_gmt":"2026-03-30T10:33:30","slug":"ajax-turretcam-8mp-28mm-lins-vit","status":"publish","type":"product","link":"https:\/\/secureus.se\/fr\/ajax-turretcam-8mp-28mm-lins-vit\/","title":{"rendered":"Ajax TurretCam 8MP \u2013 Objectif 2,8 mm, blanc"},"content":{"rendered":"<div class=\"flex max-w-full flex-col flex-grow\">\n<div class=\"min-h-8 text-message flex w-full flex-col items-end gap-2 whitespace-normal break-words [.text-message+&amp;]:mt-5\" dir=\"auto\" data-message-author-role=\"assistant\" data-message-id=\"80d53ffd-6a3d-4442-8b1a-7905017ad80f\" data-message-model-slug=\"gpt-4o-mini\">\n<div class=\"flex w-full flex-col gap-1 empty:hidden first:pt-[3px]\">\n<div class=\"markdown prose w-full break-words dark:prose-invert light\">\n<h3><strong>Ajax TurretCam 8MP<\/strong> \u00e4r en avancerad s\u00e4kerhetskamera som kombinerar kraftfull teknologi med flexibel lagring och h\u00f6g s\u00e4kerhet f\u00f6r b\u00e5de bostads- och f\u00f6retagsanv\u00e4ndare.<\/h3>\n<p>Med en 8MP uppl\u00f6sning i 4K (3840 x 2160) erbjuder denna kamera otroligt detaljerade videostr\u00f6mmar som g\u00f6r att du f\u00e5r kristallklara bilder, \u00e4ven i svagt ljus. Kamerans robusta design och IP65-klassning g\u00f6r att den t\u00e5l b\u00e5de inomhus- och utomhusbruk i alla v\u00e4derf\u00f6rh\u00e5llanden.<\/p>\n<p>En av de mest framst\u00e5ende funktionerna i Ajax TurretCam 8MP \u00e4r den AI-baserade objektigenk\u00e4nningen, som g\u00f6r det m\u00f6jligt f\u00f6r kameran att s\u00e4rskilja mellan m\u00e4nniskor, fordon och husdjur. Detta minskar antalet falsklarm, vilket g\u00f6r \u00f6vervakningen mer exakt och effektiv. F\u00f6r att s\u00e4kerst\u00e4lla en bra bildkvalitet under alla f\u00f6rh\u00e5llanden \u00e4r kameran utrustad med True WDR-teknik, som anpassar sig till varierande ljusf\u00f6rh\u00e5llanden och levererar balanserade bilder \u00e4ven vid starkt motljus.<\/p>\n<p>F\u00f6r enkel installation och flexibilitet st\u00f6der Ajax TurretCam b\u00e5de PoE (Power over Ethernet), vilket g\u00f6r det m\u00f6jligt att \u00f6verf\u00f6ra b\u00e5de str\u00f6m och data via en enda kabel, samt traditionell 12V-str\u00f6mf\u00f6rs\u00f6rjning. Kameran kan ocks\u00e5 anslutas till en NVR f\u00f6r st\u00f6rre \u00f6vervakningssystem eller anv\u00e4nda lokalt lagring via microSD-kort (upp till 256GB).<\/p>\n<p>Med en inbyggd IR-belysning som r\u00e4cker upp till 35 meter, kan Ajax TurretCam 8MP f\u00e5nga detaljerade bilder \u00e4ven i totalt m\u00f6rker. Det g\u00f6r kameran till en perfekt l\u00f6sning f\u00f6r b\u00e5de dag- och natt\u00f6vervakning. F\u00f6r h\u00f6gsta s\u00e4kerhet krypteras all data och videosignal via mTLS, vilket skyddar mot obeh\u00f6rig \u00e5tkomst och garanterar att din video \u00e4r s\u00e4ker.<\/p>\n<p>Ajax TurretCam 8MP \u00e4r l\u00e4tt att konfigurera och kan enkelt integreras med andra Ajax-enheter via den anv\u00e4ndarv\u00e4nliga Ajax-appen. Du kan snabbt l\u00e4gga till kameran i ditt system genom att skanna QR-koden och b\u00f6rja \u00f6vervaka direkt fr\u00e5n din smartphone eller dator.<\/p>\n<p><strong>Specifikationer<\/strong>:<\/p>\n<ul>\n<li><strong>Uppl\u00f6sning<\/strong>: 8MP (3840 x 2160 @ 20 fps)<\/li>\n<li><strong>Lins<\/strong>: 2.8mm, betraktningsvinkel 100\u00b0\u2013110\u00b0<\/li>\n<li><strong>Lagring<\/strong>: microSD-kort (upp till 256 GB) eller NVR-anslutning<\/li>\n<li><strong>N\u00e4tverksanslutning<\/strong>: Ethernet med st\u00f6d f\u00f6r PoE (802.3at)<\/li>\n<li><strong>F\u00e4rg<\/strong>: Vit<\/li>\n<li><strong>Dimensioner<\/strong>: 103 \u00d7 98 \u00d7 98 mm<\/li>\n<li><strong>Vikt<\/strong>: 475 g<\/li>\n<li><strong>Str\u00f6mf\u00f6rs\u00f6rjning<\/strong>: 12V eller PoE<\/li>\n<li><strong>V\u00e4derbest\u00e4ndighet<\/strong>: IP65, t\u00e5l temperaturer fr\u00e5n \u221225\u00b0C till +40\u00b0C<\/li>\n<\/ul>\n<p><strong>Anv\u00e4ndningsomr\u00e5den<\/strong>:<\/p>\n<ul>\n<li><strong>Bost\u00e4der<\/strong>: \u00d6vervaka ing\u00e5ngar, tr\u00e4dg\u00e5rdar och andra kritiska omr\u00e5den runt ditt hem.<\/li>\n<li><strong>F\u00f6retag och kontor<\/strong>: Perfekt f\u00f6r kontor, lager och andra kommersiella fastigheter som kr\u00e4ver p\u00e5litlig \u00f6vervakning.<\/li>\n<li><strong>Offentliga platser<\/strong>: Idealisk f\u00f6r \u00f6vervakning av parker, parkeringsplatser och andra publika utrymmen.<\/li>\n<\/ul>\n<p><strong>Inneh\u00e5ll i f\u00f6rpackningen<\/strong>:<\/p>\n<ul>\n<li>Ajax TurretCam 8MP<\/li>\n<li>Installationsmall<\/li>\n<li>Monteringssats<\/li>\n<li>Snabbstartsguide<\/li>\n<\/ul>\n<p><strong>Slutsats<\/strong>: Ajax TurretCam 8MP \u00e4r den ultimata l\u00f6sningen f\u00f6r h\u00f6guppl\u00f6st, p\u00e5litlig s\u00e4kerhet med flexibilitet i installation och lagring. Med avancerad objektigenk\u00e4nning, kristallklar video och kraftfull nattbelysning \u00e4r den perfekt f\u00f6r alla typer av \u00f6vervakningsbehov, b\u00e5de f\u00f6r bost\u00e4der och kommersiella anv\u00e4ndningar.<\/p>\n<\/div>\n<\/div>\n<\/div>\n<\/div>\n<div class=\"mb-2 flex gap-3 empty:hidden -ml-2\">\n<div class=\"items-center justify-start rounded-xl p-1 flex\">\n<div class=\"flex items-center\">\n<p>&nbsp;<\/p>\n<div class=\"flex items-center pb-0\"><\/div>\n<\/div>\n<\/div>\n<\/div>\n","protected":false},"excerpt":{"rendered":"<p>Ajax TurretCam 8MP est une cam\u00e9ra de s\u00e9curit\u00e9 haute r\u00e9solution avec vid\u00e9o 4K et reconnaissance d&#039;objets bas\u00e9e sur l&#039;IA.<\/p>\n<p>Con\u00e7u pour une utilisation int\u00e9rieure et ext\u00e9rieure, il offre un \u00e9clairage nocturne avanc\u00e9, une installation facile via PoE et un cryptage s\u00e9curis\u00e9 pour une confidentialit\u00e9 maximale.<\/p>","protected":false},"featured_media":151975,"template":"","meta":{"_acf_changed":false},"product_brand":[],"product_cat":[4011],"product_tag":[4863],"class_list":{"0":"post-98983","1":"product","2":"type-product","3":"status-publish","4":"has-post-thumbnail","6":"product_cat-ajax-kameror","7":"product_tag-pf","8":"pa_brands-ajax-systems","9":"pa_farg-vit","10":"tm-no-options","12":"first","13":"instock","14":"sale","15":"taxable","16":"shipping-taxable","17":"purchasable","18":"product-type-simple"},"acf":[],"_links":{"self":[{"href":"https:\/\/secureus.se\/fr\/wp-json\/wp\/v2\/product\/98983","targetHints":{"allow":["GET"]}}],"collection":[{"href":"https:\/\/secureus.se\/fr\/wp-json\/wp\/v2\/product"}],"about":[{"href":"https:\/\/secureus.se\/fr\/wp-json\/wp\/v2\/types\/product"}],"wp:featuredmedia":[{"embeddable":true,"href":"https:\/\/secureus.se\/fr\/wp-json\/wp\/v2\/media\/151975"}],"wp:attachment":[{"href":"https:\/\/secureus.se\/fr\/wp-json\/wp\/v2\/media?parent=98983"}],"wp:term":[{"taxonomy":"product_brand","embeddable":true,"href":"https:\/\/secureus.se\/fr\/wp-json\/wp\/v2\/product_brand?post=98983"},{"taxonomy":"product_cat","embeddable":true,"href":"https:\/\/secureus.se\/fr\/wp-json\/wp\/v2\/product_cat?post=98983"},{"taxonomy":"product_tag","embeddable":true,"href":"https:\/\/secureus.se\/fr\/wp-json\/wp\/v2\/product_tag?post=98983"}],"curies":[{"name":"wp","href":"https:\/\/api.w.org\/{rel}","templated":true}]}}