{"id":99616,"date":"2024-10-15T13:31:41","date_gmt":"2024-10-15T11:31:41","guid":{"rendered":"https:\/\/secureus.se\/varmedetektor-4351e-a-system-sensor-78c-konventionell-s300-termisk-detektor-med-fast-temperatur\/"},"modified":"2026-04-23T13:30:52","modified_gmt":"2026-04-23T11:30:52","slug":"varmedetektor-4351e-a-system-sensor-78c-konventionell-s300-termisk-detektor-med-fast-temperatur","status":"publish","type":"product","link":"https:\/\/secureus.se\/fr\/varmedetektor-4351e-a-system-sensor-78c-konventionell-s300-termisk-detektor-med-fast-temperatur\/","title":{"rendered":"D\u00e9tecteur de chaleur 4351E-A Capteur syst\u00e8me 78\u00b0C - D\u00e9tecteur thermique \u00e0 temp\u00e9rature fixe conventionnel S300"},"content":{"rendered":"<h1>D\u00e9tecteur de chaleur 4351E-A Capteur syst\u00e8me 78\u00b0C - D\u00e9tecteur thermique \u00e0 temp\u00e9rature fixe conventionnel S300<\/h1>\n<p class=\"\" data-start=\"565\" data-end=\"867\">Le capteur syst\u00e8me 4351E-A est un d\u00e9tecteur thermique conventionnel qui fait partie de la s\u00e9rie S300 et offre une solution fiable pour la d\u00e9tection d&#039;incendie dans les environnements avec des changements de temp\u00e9rature rapides.<\/p>\n<p class=\"\" data-start=\"565\" data-end=\"867\">Avec une temp\u00e9rature fixe de 78\u00b0C, ce d\u00e9tecteur r\u00e9agit rapidement aux incendies et aux changements de temp\u00e9rature.<\/p>\n<p class=\"\" data-start=\"869\" data-end=\"1178\">Le d\u00e9tecteur est \u00e9quip\u00e9 d&#039;un \u00e9l\u00e9ment thermique avanc\u00e9 et d&#039;un circuit int\u00e9gr\u00e9 sp\u00e9cifique \u00e0 l&#039;application (ASIC) pour garantir une d\u00e9tection pr\u00e9cise et rapide.<\/p>\n<p class=\"\" data-start=\"869\" data-end=\"1178\">Pour r\u00e9duire le risque de fausses alarmes entre les visites de maintenance, le d\u00e9tecteur est \u00e9galement \u00e9quip\u00e9 d&#039;une chambre r\u00e9sistante \u00e0 la poussi\u00e8re avec des performances de d\u00e9tection optimales.<\/p>\n<p class=\"\" data-start=\"1180\" data-end=\"1510\">Un indicateur LED bicolore indique l&#039;\u00e9tat du d\u00e9tecteur (vert pour un fonctionnement normal, rouge pour une alarme).<\/p>\n<p class=\"\" data-start=\"1180\" data-end=\"1510\">Pour une maintenance encore plus facile, il peut \u00eatre utilis\u00e9 en conjonction avec un appareil de test portable qui permet la programmation et le test \u00e0 distance du d\u00e9tecteur.<\/p>\n<p class=\"\" data-start=\"1180\" data-end=\"1510\">Il est r\u00e9trocompatible avec les bases de la s\u00e9rie 100 et dispose d&#039;une large tension de fonctionnement de 8 \u00e0 30 V CC.<\/p>","protected":false},"excerpt":{"rendered":"<p>Le 4351E-A est un d\u00e9tecteur de chaleur thermique avec une temp\u00e9rature fixe de 78\u00b0C, offrant une d\u00e9tection d&#039;incendie rapide et pr\u00e9cise gr\u00e2ce aux niveaux de temp\u00e9rature et aux changements de temp\u00e9rature.<\/p>\n<p>Il est id\u00e9al pour une utilisation dans des environnements avec des changements de temp\u00e9rature rapides.<\/p>","protected":false},"featured_media":136108,"template":"","meta":{"_acf_changed":false},"product_brand":[],"product_cat":[4754,4157],"product_tag":[],"class_list":{"0":"post-99616","1":"product","2":"type-product","3":"status-publish","4":"has-post-thumbnail","6":"product_cat-system-sensor-300-serien","7":"product_cat-varmedetektor","8":"pa_brands-system-sensor","9":"tm-no-options","11":"first","12":"instock","13":"sale","14":"taxable","15":"shipping-taxable","16":"purchasable","17":"product-type-simple"},"acf":[],"_links":{"self":[{"href":"https:\/\/secureus.se\/fr\/wp-json\/wp\/v2\/product\/99616","targetHints":{"allow":["GET"]}}],"collection":[{"href":"https:\/\/secureus.se\/fr\/wp-json\/wp\/v2\/product"}],"about":[{"href":"https:\/\/secureus.se\/fr\/wp-json\/wp\/v2\/types\/product"}],"wp:featuredmedia":[{"embeddable":true,"href":"https:\/\/secureus.se\/fr\/wp-json\/wp\/v2\/media\/136108"}],"wp:attachment":[{"href":"https:\/\/secureus.se\/fr\/wp-json\/wp\/v2\/media?parent=99616"}],"wp:term":[{"taxonomy":"product_brand","embeddable":true,"href":"https:\/\/secureus.se\/fr\/wp-json\/wp\/v2\/product_brand?post=99616"},{"taxonomy":"product_cat","embeddable":true,"href":"https:\/\/secureus.se\/fr\/wp-json\/wp\/v2\/product_cat?post=99616"},{"taxonomy":"product_tag","embeddable":true,"href":"https:\/\/secureus.se\/fr\/wp-json\/wp\/v2\/product_tag?post=99616"}],"curies":[{"name":"wp","href":"https:\/\/api.w.org\/{rel}","templated":true}]}}