{"id":99619,"date":"2024-10-15T13:31:18","date_gmt":"2024-10-15T11:31:18","guid":{"rendered":"https:\/\/secureus.se\/varmedetektor-5351e-a-58c-system-sensor-konventionell-stighastighetsdetektor-klass-a1r\/"},"modified":"2026-04-09T11:32:54","modified_gmt":"2026-04-09T09:32:54","slug":"varmedetektor-5351e-a-58c-system-sensor-konventionell-stighastighetsdetektor-klass-a1r","status":"publish","type":"product","link":"https:\/\/secureus.se\/fr\/varmedetektor-5351e-a-58c-system-sensor-konventionell-stighastighetsdetektor-klass-a1r\/","title":{"rendered":"D\u00e9tecteur de chaleur 5351E-A Capteur syst\u00e8me 58\u00b0c - D\u00e9tecteur de taux de mont\u00e9e conventionnel - Classe A1R"},"content":{"rendered":"<h1>D\u00e9tecteur de chaleur 5351E-A Capteur syst\u00e8me 58\u00b0c - D\u00e9tecteur de taux de mont\u00e9e conventionnel - Classe A1R<\/h1>\n<p class=\"\" data-start=\"572\" data-end=\"1012\">Le capteur syst\u00e8me 5351E-A est un d\u00e9tecteur de chaleur \u00e0 taux d&#039;augmentation conventionnel qui fait partie de la s\u00e9rie fiable 300.<\/p>\n<p class=\"\" data-start=\"572\" data-end=\"1012\">Il est \u00e9quip\u00e9 d&#039;un circuit int\u00e9gr\u00e9 sp\u00e9cifique \u00e0 l&#039;application (ASIC) et de la derni\u00e8re technologie d&#039;\u00e9l\u00e9ment thermique pour fournir une d\u00e9tection d&#039;incendie rapide et pr\u00e9cise.<\/p>\n<p class=\"\" data-start=\"572\" data-end=\"1012\">Le d\u00e9tecteur est particuli\u00e8rement utile dans les environnements o\u00f9 les d\u00e9tecteurs de fum\u00e9e ne sont pas adapt\u00e9s, comme dans les cuisines ou les bars, o\u00f9 la pollution de l&#039;air peut provoquer de fausses alarmes.<\/p>\n<p class=\"\" data-start=\"1014\" data-end=\"1411\">Le 5351E-A a une temp\u00e9rature de fonctionnement de 58\u00b0C et est programmable pour ajuster la sensibilit\u00e9 selon les besoins.<\/p>\n<p class=\"\" data-start=\"1014\" data-end=\"1411\">Il a une faible consommation d&#039;\u00e9nergie et peut \u00eatre utilis\u00e9 dans des syst\u00e8mes r\u00e9trocompatibles avec les bases de la s\u00e9rie 100.<\/p>\n<p class=\"\" data-start=\"1014\" data-end=\"1411\">Pour une maintenance et des tests faciles, il peut \u00eatre utilis\u00e9 avec une unit\u00e9 de test portable \u00e0 distance, ce qui facilite la surveillance et la maintenance du d\u00e9tecteur sans le retirer de la base.<\/p>","protected":false},"excerpt":{"rendered":"<p>Le 5351E-A est un d\u00e9tecteur de taux d&#039;\u00e9l\u00e9vation thermique avec une temp\u00e9rature de fonctionnement de 58\u00b0C, con\u00e7u pour fournir une d\u00e9tection rapide et pr\u00e9cise des incendies dans les environnements \u00e0 forte pollution de l&#039;air, tels que les bars et les cuisines.<\/p>\n<p>Il est r\u00e9trocompatible avec la s\u00e9rie 100 et offre une faible consommation d&#039;\u00e9nergie.<\/p>","protected":false},"featured_media":136606,"template":"","meta":{"_acf_changed":false},"product_brand":[],"product_cat":[4754,4157],"product_tag":[],"class_list":{"0":"post-99619","1":"product","2":"type-product","3":"status-publish","4":"has-post-thumbnail","6":"product_cat-system-sensor-300-serien","7":"product_cat-varmedetektor","8":"pa_brands-system-sensor","9":"tm-no-options","11":"first","12":"onbackorder","13":"taxable","14":"shipping-taxable","15":"purchasable","16":"product-type-simple"},"acf":[],"_links":{"self":[{"href":"https:\/\/secureus.se\/fr\/wp-json\/wp\/v2\/product\/99619","targetHints":{"allow":["GET"]}}],"collection":[{"href":"https:\/\/secureus.se\/fr\/wp-json\/wp\/v2\/product"}],"about":[{"href":"https:\/\/secureus.se\/fr\/wp-json\/wp\/v2\/types\/product"}],"wp:featuredmedia":[{"embeddable":true,"href":"https:\/\/secureus.se\/fr\/wp-json\/wp\/v2\/media\/136606"}],"wp:attachment":[{"href":"https:\/\/secureus.se\/fr\/wp-json\/wp\/v2\/media?parent=99619"}],"wp:term":[{"taxonomy":"product_brand","embeddable":true,"href":"https:\/\/secureus.se\/fr\/wp-json\/wp\/v2\/product_brand?post=99619"},{"taxonomy":"product_cat","embeddable":true,"href":"https:\/\/secureus.se\/fr\/wp-json\/wp\/v2\/product_cat?post=99619"},{"taxonomy":"product_tag","embeddable":true,"href":"https:\/\/secureus.se\/fr\/wp-json\/wp\/v2\/product_tag?post=99619"}],"curies":[{"name":"wp","href":"https:\/\/api.w.org\/{rel}","templated":true}]}}