{"id":99726,"date":"2024-10-16T12:20:06","date_gmt":"2024-10-16T10:20:06","guid":{"rendered":"https:\/\/secureus.se\/?post_type=product&#038;p=99726"},"modified":"2026-04-13T16:09:31","modified_gmt":"2026-04-13T14:09:31","slug":"salto-mc0256-kontaktchip-kort-100-pack","status":"publish","type":"product","link":"https:\/\/secureus.se\/fr\/salto-mc0256-kontaktchip-kort-100-pack\/","title":{"rendered":"Salto MC0256 Carte \u00e0 puce de contact (paquet de 100)"},"content":{"rendered":"<h1>Salto MC0256 Carte \u00e0 puce de contact (paquet de 100)<\/h1>\n<p data-start=\"0\" data-end=\"95\">Ces cartes \u00e0 puce de contact Salto MC0256 sont destin\u00e9es \u00e0 \u00eatre utilis\u00e9es avec le syst\u00e8me de contr\u00f4le d&#039;acc\u00e8s Salto E5.<\/p>\n<p data-start=\"97\" data-end=\"180\" data-is-last-node=\"\" data-is-only-node=\"\">Paquet de 100 pi\u00e8ces.<br data-start=\"119\" data-end=\"122\" \/>Technologie de puce intelligente<br data-start=\"139\" data-end=\"142\" \/>256 octets de m\u00e9moire<\/p>\n<p data-start=\"97\" data-end=\"180\" data-is-last-node=\"\" data-is-only-node=\"\"><br data-start=\"157\" data-end=\"160\" \/>Poids du produit : 0,60 kg<\/p>","protected":false},"excerpt":{"rendered":"<p>Salto MC0256 Kontaktchip kort (100 pack) Dessa Salto MC0256 kontaktchipkort \u00e4r avsedda f\u00f6r anv\u00e4ndning med Salto E5 passerkontrollsystem. F\u00f6rpackning med 100 stSmart chip-teknik256 bytes minne Produktvikt: 0,60 kg<\/p>","protected":false},"featured_media":136286,"template":"","meta":{"_acf_changed":false},"product_brand":[],"product_cat":[4231],"product_tag":[4538],"class_list":{"0":"post-99726","1":"product","2":"type-product","3":"status-publish","4":"has-post-thumbnail","6":"product_cat-rfid-kort-salto","7":"product_tag-100-pack-lopnummer-rfid-kort","8":"product_shipping_class-postnord-varubrev","9":"pa_brands-salto","10":"tm-has-options","12":"first","13":"outofstock","14":"taxable","15":"shipping-taxable","16":"purchasable","17":"product-type-simple"},"acf":[],"_links":{"self":[{"href":"https:\/\/secureus.se\/fr\/wp-json\/wp\/v2\/product\/99726","targetHints":{"allow":["GET"]}}],"collection":[{"href":"https:\/\/secureus.se\/fr\/wp-json\/wp\/v2\/product"}],"about":[{"href":"https:\/\/secureus.se\/fr\/wp-json\/wp\/v2\/types\/product"}],"wp:featuredmedia":[{"embeddable":true,"href":"https:\/\/secureus.se\/fr\/wp-json\/wp\/v2\/media\/136286"}],"wp:attachment":[{"href":"https:\/\/secureus.se\/fr\/wp-json\/wp\/v2\/media?parent=99726"}],"wp:term":[{"taxonomy":"product_brand","embeddable":true,"href":"https:\/\/secureus.se\/fr\/wp-json\/wp\/v2\/product_brand?post=99726"},{"taxonomy":"product_cat","embeddable":true,"href":"https:\/\/secureus.se\/fr\/wp-json\/wp\/v2\/product_cat?post=99726"},{"taxonomy":"product_tag","embeddable":true,"href":"https:\/\/secureus.se\/fr\/wp-json\/wp\/v2\/product_tag?post=99726"}],"curies":[{"name":"wp","href":"https:\/\/api.w.org\/{rel}","templated":true}]}}