{"id":99785,"date":"2024-10-17T11:47:39","date_gmt":"2024-10-17T09:47:39","guid":{"rendered":"https:\/\/secureus.se\/?post_type=product&#038;p=99785"},"modified":"2026-04-23T11:57:37","modified_gmt":"2026-04-23T09:57:37","slug":"pakorningsskydd-for-trycke-vred","status":"publish","type":"product","link":"https:\/\/secureus.se\/fr\/pakorningsskydd-for-trycke-vred\/","title":{"rendered":"Protection anti-collision pour Trycke\/Vred"},"content":{"rendered":"<div>La protection contre les collisions FLEXSTOP \u00e9vite d&#039;endommager les boutons\/presses lorsque des chariots\/r\u00e9cipients entrent en collision avec eux. La protection contre les chocs est serr\u00e9e derri\u00e8re le bouton ou pouss\u00e9e et viss\u00e9e avec 2 vis sur le bord arri\u00e8re de la protection contre les chocs. Des vis autoperceuses et des vis \u00e0 bois sont incluses dans l&#039;emballage.<\/div>\n<div><\/div>\n<div><b>Propri\u00e9t\u00e9s:<\/b><\/div>\n<div>\n<ul>\n<li>Assemblage simple.<\/li>\n<li>Mont\u00e9 derri\u00e8re le bouton ou le poussoir, selon la hauteur du chariot\/r\u00e9cipient.<\/li>\n<li>Mat\u00e9riau : Acier inoxydable<\/li>\n<\/ul>\n<\/div>","protected":false},"excerpt":{"rendered":"<p>La protection contre les collisions FLEXSTOP \u00e9vite d&#039;endommager les boutons\/presses lorsque des chariots\/r\u00e9cipients entrent en collision avec eux. La protection contre les chocs est serr\u00e9e derri\u00e8re le bouton ou le poussoir et viss\u00e9e avec 2 vis sur le bord arri\u00e8re de la protection contre les chocs. Vis autoperceuse et<\/p>","protected":false},"featured_media":137496,"template":"","meta":{"_acf_changed":false},"product_brand":[],"product_cat":[4176],"product_tag":[],"class_list":{"0":"post-99785","1":"product","2":"type-product","3":"status-publish","4":"has-post-thumbnail","6":"product_cat-tillbehor-dorrhandtag","7":"product_shipping_class-tunga-paket","8":"pa_brands-flexstop","9":"tm-no-options","11":"first","12":"outofstock","13":"taxable","14":"shipping-taxable","15":"purchasable","16":"product-type-simple"},"acf":[],"_links":{"self":[{"href":"https:\/\/secureus.se\/fr\/wp-json\/wp\/v2\/product\/99785","targetHints":{"allow":["GET"]}}],"collection":[{"href":"https:\/\/secureus.se\/fr\/wp-json\/wp\/v2\/product"}],"about":[{"href":"https:\/\/secureus.se\/fr\/wp-json\/wp\/v2\/types\/product"}],"wp:featuredmedia":[{"embeddable":true,"href":"https:\/\/secureus.se\/fr\/wp-json\/wp\/v2\/media\/137496"}],"wp:attachment":[{"href":"https:\/\/secureus.se\/fr\/wp-json\/wp\/v2\/media?parent=99785"}],"wp:term":[{"taxonomy":"product_brand","embeddable":true,"href":"https:\/\/secureus.se\/fr\/wp-json\/wp\/v2\/product_brand?post=99785"},{"taxonomy":"product_cat","embeddable":true,"href":"https:\/\/secureus.se\/fr\/wp-json\/wp\/v2\/product_cat?post=99785"},{"taxonomy":"product_tag","embeddable":true,"href":"https:\/\/secureus.se\/fr\/wp-json\/wp\/v2\/product_tag?post=99785"}],"curies":[{"name":"wp","href":"https:\/\/api.w.org\/{rel}","templated":true}]}}