{"id":99791,"date":"2024-10-17T11:47:39","date_gmt":"2024-10-17T09:47:39","guid":{"rendered":"https:\/\/secureus.se\/?post_type=product&#038;p=99791"},"modified":"2026-04-08T15:33:13","modified_gmt":"2026-04-08T13:33:13","slug":"splitpinne-520h-43mm","status":"publish","type":"product","link":"https:\/\/secureus.se\/fr\/splitpinne-520h-43mm\/","title":{"rendered":"Goupille fendue 520H 43mm"},"content":{"rendered":"<div>\n<p>ASSA ABLOY 520H est une broche demi-pression utilis\u00e9e pour les bo\u00eetiers de serrures \u00e9lectriques et m\u00e9caniques avec une fonction de broche divis\u00e9e. \u00c9galement utilis\u00e9 sur les raccords d&#039;\u00e9vacuation d&#039;urgence 179A, 179B, 179E, 179F, 179G et 179J.<\/p>\n<p><b>Propri\u00e9t\u00e9s:<\/b><\/p>\n<ul>\n<li>Diam\u00e8tre : 8\u00d78 mm<\/li>\n<li>Longueur : 43 mm<\/li>\n<li>Livr\u00e9 avec un ressort pour maintenir la goupille tendue dans le bo\u00eetier de la serrure<\/li>\n<\/ul>\n<\/div>","protected":false},"excerpt":{"rendered":"<p>ASSA ABLOY 520H est une broche demi-pression utilis\u00e9e pour les bo\u00eetiers de serrures \u00e9lectriques et m\u00e9caniques avec une fonction de broche divis\u00e9e. \u00c9galement utilis\u00e9 sur les raccords d&#039;\u00e9vacuation d&#039;urgence 179A, 179B, 179E, 179F, 179G et 179J. Caract\u00e9ristiques : Diam\u00e8tre : 8\u00d78<\/p>","protected":false},"featured_media":136225,"template":"","meta":{"_acf_changed":false},"product_brand":[],"product_cat":[4176],"product_tag":[],"class_list":{"0":"post-99791","1":"product","2":"type-product","3":"status-publish","4":"has-post-thumbnail","6":"product_cat-tillbehor-dorrhandtag","7":"product_shipping_class-postnord-varubrev","8":"pa_brands-abloy","9":"tm-no-options","11":"first","12":"instock","13":"taxable","14":"shipping-taxable","15":"purchasable","16":"product-type-simple"},"acf":[],"_links":{"self":[{"href":"https:\/\/secureus.se\/fr\/wp-json\/wp\/v2\/product\/99791","targetHints":{"allow":["GET"]}}],"collection":[{"href":"https:\/\/secureus.se\/fr\/wp-json\/wp\/v2\/product"}],"about":[{"href":"https:\/\/secureus.se\/fr\/wp-json\/wp\/v2\/types\/product"}],"wp:featuredmedia":[{"embeddable":true,"href":"https:\/\/secureus.se\/fr\/wp-json\/wp\/v2\/media\/136225"}],"wp:attachment":[{"href":"https:\/\/secureus.se\/fr\/wp-json\/wp\/v2\/media?parent=99791"}],"wp:term":[{"taxonomy":"product_brand","embeddable":true,"href":"https:\/\/secureus.se\/fr\/wp-json\/wp\/v2\/product_brand?post=99791"},{"taxonomy":"product_cat","embeddable":true,"href":"https:\/\/secureus.se\/fr\/wp-json\/wp\/v2\/product_cat?post=99791"},{"taxonomy":"product_tag","embeddable":true,"href":"https:\/\/secureus.se\/fr\/wp-json\/wp\/v2\/product_tag?post=99791"}],"curies":[{"name":"wp","href":"https:\/\/api.w.org\/{rel}","templated":true}]}}