{"id":99800,"date":"2024-10-17T11:47:40","date_gmt":"2024-10-17T09:47:40","guid":{"rendered":"https:\/\/secureus.se\/?post_type=product&#038;p=99800"},"modified":"2026-03-25T15:35:23","modified_gmt":"2026-03-25T14:35:23","slug":"tryckespinne-8x145mm-slitsad","status":"publish","type":"product","link":"https:\/\/secureus.se\/fr\/tryckespinne-8x145mm-slitsad\/","title":{"rendered":"Goupille de pression 8X145mm Fente"},"content":{"rendered":"","protected":false},"excerpt":{"rendered":"<p>\nGoupille de rameur pour poign\u00e9es de portes et de fen\u00eatres mont\u00e9es sur des bo\u00eetiers de serrure avec rameurs de 8 mm.<\/p>\n<p><b>Propri\u00e9t\u00e9s:<\/b><br \/>\n<\/p>\n<ul>\n<li>Diam\u00e8tre : 8\u00d78 mm<\/li>\n<li>Longueur : 145 mm<\/li>\n<li>Peut \u00eatre coup\u00e9 si n\u00e9cessaire si la porte est plus fine<\/li>\n<\/ul>","protected":false},"featured_media":136033,"template":"","meta":{"_acf_changed":false},"product_brand":[],"product_cat":[4176],"product_tag":[],"class_list":{"0":"post-99800","1":"product","2":"type-product","3":"status-publish","4":"has-post-thumbnail","6":"product_cat-tillbehor-dorrhandtag","7":"product_shipping_class-postnord-varubrev","8":"pa_brands-sibes","9":"tm-no-options","11":"first","12":"instock","13":"taxable","14":"shipping-taxable","15":"purchasable","16":"product-type-simple"},"acf":[],"_links":{"self":[{"href":"https:\/\/secureus.se\/fr\/wp-json\/wp\/v2\/product\/99800","targetHints":{"allow":["GET"]}}],"collection":[{"href":"https:\/\/secureus.se\/fr\/wp-json\/wp\/v2\/product"}],"about":[{"href":"https:\/\/secureus.se\/fr\/wp-json\/wp\/v2\/types\/product"}],"wp:featuredmedia":[{"embeddable":true,"href":"https:\/\/secureus.se\/fr\/wp-json\/wp\/v2\/media\/136033"}],"wp:attachment":[{"href":"https:\/\/secureus.se\/fr\/wp-json\/wp\/v2\/media?parent=99800"}],"wp:term":[{"taxonomy":"product_brand","embeddable":true,"href":"https:\/\/secureus.se\/fr\/wp-json\/wp\/v2\/product_brand?post=99800"},{"taxonomy":"product_cat","embeddable":true,"href":"https:\/\/secureus.se\/fr\/wp-json\/wp\/v2\/product_cat?post=99800"},{"taxonomy":"product_tag","embeddable":true,"href":"https:\/\/secureus.se\/fr\/wp-json\/wp\/v2\/product_tag?post=99800"}],"curies":[{"name":"wp","href":"https:\/\/api.w.org\/{rel}","templated":true}]}}