{"id":99844,"date":"2024-10-17T11:47:40","date_gmt":"2024-10-17T09:47:40","guid":{"rendered":"https:\/\/secureus.se\/?post_type=product&#038;p=99844"},"modified":"2026-04-23T12:01:49","modified_gmt":"2026-04-23T10:01:49","slug":"traskruv-wh-s-tkft-45x45-a2-krom","status":"publish","type":"product","link":"https:\/\/secureus.se\/fr\/traskruv-wh-s-tkft-45x45-a2-krom\/","title":{"rendered":"Vis \u00e0 bois WH-S TKFT 4,5X45 A2 Chrom\u00e9e"},"content":{"rendered":"<div>ROCA WH-S est une vis \u00e0 bois avec Torx frais\u00e9 pour une installation discr\u00e8te et flexible, par exemple, de poign\u00e9es de fen\u00eatre ou de ferrures de fen\u00eatre. La vis est disponible en diff\u00e9rents mod\u00e8les et traitements de surface.<\/div>\n<div><b><br \/>Propri\u00e9t\u00e9s:<\/b><\/div>\n<div>\n<ul>\n<li>Type d&#039;embout : Torx T20<\/li>\n<li>Forme de la t\u00eate : bomb\u00e9e<\/li>\n<li>Diam\u00e8tre du filetage : \u00d84,5 mm\u00a0<\/li>\n<li>Longueur : 45 mm<\/li>\n<li>Mat\u00e9riau : Acier inoxydable (qualit\u00e9 A2)<\/li>\n<li>Traitement de Surface: chrom\u00e9<\/li>\n<\/ul>\n<\/div>","protected":false},"excerpt":{"rendered":"<p>ROCA WH-S est une vis \u00e0 bois avec Torx frais\u00e9 pour une installation discr\u00e8te et flexible, par exemple, de poign\u00e9es de fen\u00eatre ou de ferrures de fen\u00eatre. La vis est disponible en diff\u00e9rents mod\u00e8les et traitements de surface. Caract\u00e9ristiques : Type d&#039;embout : Torx T20<\/p>","protected":false},"featured_media":136026,"template":"","meta":{"_acf_changed":false},"product_brand":[],"product_cat":[4177,4176],"product_tag":[],"class_list":{"0":"post-99844","1":"product","2":"type-product","3":"status-publish","4":"has-post-thumbnail","6":"product_cat-tillbehor-spanjoletthandtag","7":"product_cat-tillbehor-dorrhandtag","8":"product_shipping_class-postnord-varubrev","9":"pa_brands-roca","10":"tm-no-options","12":"first","13":"instock","14":"taxable","15":"shipping-taxable","16":"purchasable","17":"product-type-simple"},"acf":[],"_links":{"self":[{"href":"https:\/\/secureus.se\/fr\/wp-json\/wp\/v2\/product\/99844","targetHints":{"allow":["GET"]}}],"collection":[{"href":"https:\/\/secureus.se\/fr\/wp-json\/wp\/v2\/product"}],"about":[{"href":"https:\/\/secureus.se\/fr\/wp-json\/wp\/v2\/types\/product"}],"wp:featuredmedia":[{"embeddable":true,"href":"https:\/\/secureus.se\/fr\/wp-json\/wp\/v2\/media\/136026"}],"wp:attachment":[{"href":"https:\/\/secureus.se\/fr\/wp-json\/wp\/v2\/media?parent=99844"}],"wp:term":[{"taxonomy":"product_brand","embeddable":true,"href":"https:\/\/secureus.se\/fr\/wp-json\/wp\/v2\/product_brand?post=99844"},{"taxonomy":"product_cat","embeddable":true,"href":"https:\/\/secureus.se\/fr\/wp-json\/wp\/v2\/product_cat?post=99844"},{"taxonomy":"product_tag","embeddable":true,"href":"https:\/\/secureus.se\/fr\/wp-json\/wp\/v2\/product_tag?post=99844"}],"curies":[{"name":"wp","href":"https:\/\/api.w.org\/{rel}","templated":true}]}}