{"id":99868,"date":"2024-10-17T11:47:35","date_gmt":"2024-10-17T09:47:35","guid":{"rendered":"https:\/\/secureus.se\/?post_type=product&#038;p=99868"},"modified":"2026-03-25T15:34:21","modified_gmt":"2026-03-25T14:34:21","slug":"tackbricka-for-langskylt-bp01-matt-nickel","status":"publish","type":"product","link":"https:\/\/secureus.se\/fr\/tackbricka-for-langskylt-bp01-matt-nickel\/","title":{"rendered":"Plaque de recouvrement pour enseigne longue BP01 Nickel Mat"},"content":{"rendered":"","protected":false},"excerpt":{"rendered":"<div>Plaque de recouvrement pour poign\u00e9e ROCA avec plaque longue 301 et 301T. La plaque de recouvrement est mont\u00e9e \u00e0 l&#039;arri\u00e8re de la plaque longue et est utilis\u00e9e pour les portes-fen\u00eatres sans cylindre.<\/div>","protected":false},"featured_media":136509,"template":"","meta":{"_acf_changed":false},"product_brand":[],"product_cat":[4177],"product_tag":[],"class_list":{"0":"post-99868","1":"product","2":"type-product","3":"status-publish","4":"has-post-thumbnail","6":"product_cat-tillbehor-spanjoletthandtag","7":"product_shipping_class-postnord-varubrev","8":"pa_brands-roca","9":"tm-no-options","11":"first","12":"instock","13":"taxable","14":"shipping-taxable","15":"purchasable","16":"product-type-simple"},"acf":[],"_links":{"self":[{"href":"https:\/\/secureus.se\/fr\/wp-json\/wp\/v2\/product\/99868","targetHints":{"allow":["GET"]}}],"collection":[{"href":"https:\/\/secureus.se\/fr\/wp-json\/wp\/v2\/product"}],"about":[{"href":"https:\/\/secureus.se\/fr\/wp-json\/wp\/v2\/types\/product"}],"wp:featuredmedia":[{"embeddable":true,"href":"https:\/\/secureus.se\/fr\/wp-json\/wp\/v2\/media\/136509"}],"wp:attachment":[{"href":"https:\/\/secureus.se\/fr\/wp-json\/wp\/v2\/media?parent=99868"}],"wp:term":[{"taxonomy":"product_brand","embeddable":true,"href":"https:\/\/secureus.se\/fr\/wp-json\/wp\/v2\/product_brand?post=99868"},{"taxonomy":"product_cat","embeddable":true,"href":"https:\/\/secureus.se\/fr\/wp-json\/wp\/v2\/product_cat?post=99868"},{"taxonomy":"product_tag","embeddable":true,"href":"https:\/\/secureus.se\/fr\/wp-json\/wp\/v2\/product_tag?post=99868"}],"curies":[{"name":"wp","href":"https:\/\/api.w.org\/{rel}","templated":true}]}}