{"id":99872,"date":"2024-10-17T11:47:36","date_gmt":"2024-10-17T09:47:36","guid":{"rendered":"https:\/\/secureus.se\/?post_type=product&#038;p=99872"},"modified":"2026-04-08T15:38:20","modified_gmt":"2026-04-08T13:38:20","slug":"cylinderring-wh-cr-29mm-krom","status":"publish","type":"product","link":"https:\/\/secureus.se\/fr\/cylinderring-wh-cr-29mm-krom\/","title":{"rendered":"Bague de cylindre WH-CR 29mm Chrom\u00e9"},"content":{"rendered":"<p>\nROCA WH-CR est un anneau cylindrique ext\u00e9rieur au design traditionnel qui convient, entre autres, aux portes-fen\u00eatres classiques et aux fen\u00eatres culturelles.<\/p>\n<p><b>Propri\u00e9t\u00e9s:<\/b><br \/>\n<\/p>\n<ul>\n<li>Dimensions ext\u00e9rieures : 30\u00d745,2 mm<\/li>\n<li>Profondeur : 28,5 mm + 4,3 mm repliable<\/li>\n<li>Mat\u00e9riel: Zamak<\/li>\n<li>Traitement de Surface: chrom\u00e9<\/li>\n<\/ul>","protected":false},"excerpt":{"rendered":"<p>ROCA WH-CR est un anneau cylindrique en saillie au design traditionnel qui convient entre autres aux portes-fen\u00eatres classiques et aux fen\u00eatres culturelles. Propri\u00e9t\u00e9s : Dimensions ext\u00e9rieures : 30\u00d745,2 mm Profondeur : 28,5 mm + 4,3 mm une fois pli\u00e9<\/p>","protected":false},"featured_media":137531,"template":"","meta":{"_acf_changed":false},"product_brand":[],"product_cat":[4177],"product_tag":[],"class_list":{"0":"post-99872","1":"product","2":"type-product","3":"status-publish","4":"has-post-thumbnail","6":"product_cat-tillbehor-spanjoletthandtag","7":"product_shipping_class-postnord-varubrev","8":"pa_brands-roca","9":"tm-no-options","11":"first","12":"outofstock","13":"taxable","14":"shipping-taxable","15":"purchasable","16":"product-type-simple"},"acf":[],"_links":{"self":[{"href":"https:\/\/secureus.se\/fr\/wp-json\/wp\/v2\/product\/99872","targetHints":{"allow":["GET"]}}],"collection":[{"href":"https:\/\/secureus.se\/fr\/wp-json\/wp\/v2\/product"}],"about":[{"href":"https:\/\/secureus.se\/fr\/wp-json\/wp\/v2\/types\/product"}],"wp:featuredmedia":[{"embeddable":true,"href":"https:\/\/secureus.se\/fr\/wp-json\/wp\/v2\/media\/137531"}],"wp:attachment":[{"href":"https:\/\/secureus.se\/fr\/wp-json\/wp\/v2\/media?parent=99872"}],"wp:term":[{"taxonomy":"product_brand","embeddable":true,"href":"https:\/\/secureus.se\/fr\/wp-json\/wp\/v2\/product_brand?post=99872"},{"taxonomy":"product_cat","embeddable":true,"href":"https:\/\/secureus.se\/fr\/wp-json\/wp\/v2\/product_cat?post=99872"},{"taxonomy":"product_tag","embeddable":true,"href":"https:\/\/secureus.se\/fr\/wp-json\/wp\/v2\/product_tag?post=99872"}],"curies":[{"name":"wp","href":"https:\/\/api.w.org\/{rel}","templated":true}]}}