{"id":99874,"date":"2024-10-17T11:47:36","date_gmt":"2024-10-17T09:47:36","guid":{"rendered":"https:\/\/secureus.se\/?post_type=product&#038;p=99874"},"modified":"2026-03-25T15:34:06","modified_gmt":"2026-03-25T14:34:06","slug":"barnsaker-handtagssparr-csd01-krom","status":"publish","type":"product","link":"https:\/\/secureus.se\/fr\/barnsaker-handtagssparr-csd01-krom\/","title":{"rendered":"Serrure \u00e0 poign\u00e9e avec s\u00e9curit\u00e9 enfants CSD01 Chrome"},"content":{"rendered":"<p>\nROCA CSD01 est une serrure \u00e0 poign\u00e9e \u00e0 l&#039;\u00e9preuve des enfants, approuv\u00e9e conform\u00e9ment \u00e0 la norme EN-16281 et dot\u00e9e d&#039;une technologie d&#039;ouverture unique et simple. \u00c9galement appel\u00e9 s\u00e9curit\u00e9 enfant.<\/p>\n<div>Convient \u00e0 la poign\u00e9e de fen\u00eatre ROCA sans plaque longue. Brevet\u00e9 (Num\u00e9ro de publication : 540 936).<\/div>\n<div><\/div>","protected":false},"excerpt":{"rendered":"<p>ROCA CSD01 est une serrure \u00e0 poign\u00e9e \u00e0 l&#039;\u00e9preuve des enfants, approuv\u00e9e conform\u00e9ment \u00e0 la norme EN-16281 et dot\u00e9e d&#039;une technologie d&#039;ouverture unique et simple. \u00c9galement appel\u00e9 s\u00e9curit\u00e9 enfant. Convient \u00e0 la poign\u00e9e de fen\u00eatre ROCA sans plaque longue. Brevet\u00e9 (Num\u00e9ro de publication : 540 936).<\/p>","protected":false},"featured_media":136884,"template":"","meta":{"_acf_changed":false},"product_brand":[],"product_cat":[4177],"product_tag":[],"class_list":{"0":"post-99874","1":"product","2":"type-product","3":"status-publish","4":"has-post-thumbnail","6":"product_cat-tillbehor-spanjoletthandtag","7":"product_shipping_class-postnord-varubrev","8":"pa_brands-roca","9":"tm-no-options","11":"first","12":"instock","13":"taxable","14":"shipping-taxable","15":"purchasable","16":"product-type-simple"},"acf":[],"_links":{"self":[{"href":"https:\/\/secureus.se\/fr\/wp-json\/wp\/v2\/product\/99874","targetHints":{"allow":["GET"]}}],"collection":[{"href":"https:\/\/secureus.se\/fr\/wp-json\/wp\/v2\/product"}],"about":[{"href":"https:\/\/secureus.se\/fr\/wp-json\/wp\/v2\/types\/product"}],"wp:featuredmedia":[{"embeddable":true,"href":"https:\/\/secureus.se\/fr\/wp-json\/wp\/v2\/media\/136884"}],"wp:attachment":[{"href":"https:\/\/secureus.se\/fr\/wp-json\/wp\/v2\/media?parent=99874"}],"wp:term":[{"taxonomy":"product_brand","embeddable":true,"href":"https:\/\/secureus.se\/fr\/wp-json\/wp\/v2\/product_brand?post=99874"},{"taxonomy":"product_cat","embeddable":true,"href":"https:\/\/secureus.se\/fr\/wp-json\/wp\/v2\/product_cat?post=99874"},{"taxonomy":"product_tag","embeddable":true,"href":"https:\/\/secureus.se\/fr\/wp-json\/wp\/v2\/product_tag?post=99874"}],"curies":[{"name":"wp","href":"https:\/\/api.w.org\/{rel}","templated":true}]}}