{"id":99878,"date":"2024-10-17T11:47:37","date_gmt":"2024-10-17T09:47:37","guid":{"rendered":"https:\/\/secureus.se\/?post_type=product&#038;p=99878"},"modified":"2026-03-25T15:33:39","modified_gmt":"2026-03-25T14:33:39","slug":"sprint-cb90-l104mm-2st-brytspar","status":"publish","type":"product","link":"https:\/\/secureus.se\/fr\/sprint-cb90-l104mm-2st-brytspar\/","title":{"rendered":"Sprint CB90 L=104mm 2 pcs Piste de freinage"},"content":{"rendered":"","protected":false},"excerpt":{"rendered":"<p>\nASSA ABLOY CB90 est un ressort carr\u00e9 avec rainure de rupture pour poign\u00e9es de portes et fen\u00eatres.<\/p>\n<p><b>Propri\u00e9t\u00e9s:<\/b><br \/>\n<\/p>\n<ul>\n<li>Diam\u00e8tre : 8 mm<\/li>\n<li>Longueur : 104 mm<\/li>\n<\/ul>","protected":false},"featured_media":136282,"template":"","meta":{"_acf_changed":false},"product_brand":[],"product_cat":[4177],"product_tag":[],"class_list":{"0":"post-99878","1":"product","2":"type-product","3":"status-publish","4":"has-post-thumbnail","6":"product_cat-tillbehor-spanjoletthandtag","7":"product_shipping_class-postnord-varubrev","8":"pa_brands-abloy","9":"tm-no-options","11":"first","12":"instock","13":"taxable","14":"shipping-taxable","15":"purchasable","16":"product-type-simple"},"acf":[],"_links":{"self":[{"href":"https:\/\/secureus.se\/fr\/wp-json\/wp\/v2\/product\/99878","targetHints":{"allow":["GET"]}}],"collection":[{"href":"https:\/\/secureus.se\/fr\/wp-json\/wp\/v2\/product"}],"about":[{"href":"https:\/\/secureus.se\/fr\/wp-json\/wp\/v2\/types\/product"}],"wp:featuredmedia":[{"embeddable":true,"href":"https:\/\/secureus.se\/fr\/wp-json\/wp\/v2\/media\/136282"}],"wp:attachment":[{"href":"https:\/\/secureus.se\/fr\/wp-json\/wp\/v2\/media?parent=99878"}],"wp:term":[{"taxonomy":"product_brand","embeddable":true,"href":"https:\/\/secureus.se\/fr\/wp-json\/wp\/v2\/product_brand?post=99878"},{"taxonomy":"product_cat","embeddable":true,"href":"https:\/\/secureus.se\/fr\/wp-json\/wp\/v2\/product_cat?post=99878"},{"taxonomy":"product_tag","embeddable":true,"href":"https:\/\/secureus.se\/fr\/wp-json\/wp\/v2\/product_tag?post=99878"}],"curies":[{"name":"wp","href":"https:\/\/api.w.org\/{rel}","templated":true}]}}