{"id":99881,"date":"2024-10-17T11:47:37","date_gmt":"2024-10-17T09:47:37","guid":{"rendered":"https:\/\/secureus.se\/?post_type=product&#038;p=99881"},"modified":"2026-04-20T22:05:06","modified_gmt":"2026-04-20T20:05:06","slug":"sparranordning-84-vit","status":"publish","type":"product","link":"https:\/\/secureus.se\/fr\/sparranordning-84-vit\/","title":{"rendered":"Dispositif de verrouillage 84 \u2013 Fixe 84 \u2013 Assa Abloy"},"content":{"rendered":"<div>ASSA ABLOY 84 est un dispositif de verrouillage pour fen\u00eatres et portes-fen\u00eatres dont vous souhaitez limiter la position d&#039;ouverture.<\/div>\n<div><b><br \/>\nPropri\u00e9t\u00e9s: <\/b><\/div>\n<div>\n<ul>\n<li>Arr\u00eate l&#039;arc dans une position ouverte d\u00e9termin\u00e9e par l&#039;emplacement de la d\u00e9tente.<\/li>\n<li>Peut \u00eatre lib\u00e9r\u00e9 en poussant la languette de verrouillage \u00e0 ressort sur la rondelle de verrouillage, tout en d\u00e9crochant la corde.<\/li>\n<li>S&#039;adapte aussi bien \u00e0 droite qu&#039;\u00e0 gauche.<\/li>\n<li>ATTENTION ! Ne convient pas aux enfants<\/li>\n<li>Vis recommand\u00e9es\u00a0: TKFX 3,5 mm (4 vis 3,5 \u00d7 25 mm incluses).\n<div><\/div>\n<\/li>\n<\/ul>\n<\/div>\n<div><\/div>\n<div><\/div>","protected":false},"excerpt":{"rendered":"<ul>\n<li>Arr\u00eate l&#039;arc dans une position ouverte d\u00e9termin\u00e9e par l&#039;emplacement de la d\u00e9tente.<\/li>\n<li>Peut \u00eatre lib\u00e9r\u00e9 en poussant la languette de verrouillage \u00e0 ressort sur la rondelle de verrouillage, tout en d\u00e9crochant la corde.<\/li>\n<li>S&#039;adapte aussi bien \u00e0 droite qu&#039;\u00e0 gauche.<\/li>\n<li>Vis recommand\u00e9es\u00a0: TKFX 3,5 mm (4 vis 3,5 \u00d7 25 mm incluses).<\/li>\n<\/ul>","protected":false},"featured_media":158382,"template":"","meta":{"_acf_changed":false},"product_brand":[],"product_cat":[4177],"product_tag":[],"class_list":{"0":"post-99881","1":"product","2":"type-product","3":"status-publish","4":"has-post-thumbnail","6":"product_cat-tillbehor-spanjoletthandtag","7":"product_shipping_class-postnord-varubrev","8":"pa_brands-abloy","9":"tm-no-options","11":"first","12":"instock","13":"sale","14":"taxable","15":"shipping-taxable","16":"purchasable","17":"product-type-simple"},"acf":[],"_links":{"self":[{"href":"https:\/\/secureus.se\/fr\/wp-json\/wp\/v2\/product\/99881","targetHints":{"allow":["GET"]}}],"collection":[{"href":"https:\/\/secureus.se\/fr\/wp-json\/wp\/v2\/product"}],"about":[{"href":"https:\/\/secureus.se\/fr\/wp-json\/wp\/v2\/types\/product"}],"wp:featuredmedia":[{"embeddable":true,"href":"https:\/\/secureus.se\/fr\/wp-json\/wp\/v2\/media\/158382"}],"wp:attachment":[{"href":"https:\/\/secureus.se\/fr\/wp-json\/wp\/v2\/media?parent=99881"}],"wp:term":[{"taxonomy":"product_brand","embeddable":true,"href":"https:\/\/secureus.se\/fr\/wp-json\/wp\/v2\/product_brand?post=99881"},{"taxonomy":"product_cat","embeddable":true,"href":"https:\/\/secureus.se\/fr\/wp-json\/wp\/v2\/product_cat?post=99881"},{"taxonomy":"product_tag","embeddable":true,"href":"https:\/\/secureus.se\/fr\/wp-json\/wp\/v2\/product_tag?post=99881"}],"curies":[{"name":"wp","href":"https:\/\/api.w.org\/{rel}","templated":true}]}}