{"id":99887,"date":"2024-10-17T11:47:37","date_gmt":"2024-10-17T09:47:37","guid":{"rendered":"https:\/\/secureus.se\/?post_type=product&#038;p=99887"},"modified":"2026-04-23T12:00:21","modified_gmt":"2026-04-23T10:00:21","slug":"tackbricka-4087-23-krom","status":"publish","type":"product","link":"https:\/\/secureus.se\/fr\/tackbricka-4087-23-krom\/","title":{"rendered":"Rondelle de couvercle 4087\/23 Chrom\u00e9"},"content":{"rendered":"<p>\nASSA ABLOY 4087 est une plaque de recouvrement pour porte-fen\u00eatre ext\u00e9rieure. Utilis\u00e9 comme accessoire pour \u00e9pagneul verrouillable.<\/p>\n<p><b>Propri\u00e9t\u00e9s:<\/b><br \/>\n<\/p>\n<ul>\n<li>Largeur : 32 mm<\/li>\n<li>Hauteur : 49 mm<\/li>\n<li>\u00c9paisseur : 3 mm<\/li>\n<li>Vis r\u00e9cepteur longueur 23 mm.<\/li>\n<\/ul>","protected":false},"excerpt":{"rendered":"<p>ASSA ABLOY 4087 est une plaque de recouvrement pour porte-fen\u00eatre ext\u00e9rieure. Utilis\u00e9 comme accessoire pour \u00e9pagneul verrouillable. Propri\u00e9t\u00e9s : Largeur : 32 mm Hauteur : 49 mm \u00c9paisseur : 3 mm Longueur du r\u00e9cepteur \u00e0 vis 23 mm.<\/p>","protected":false},"featured_media":136485,"template":"","meta":{"_acf_changed":false},"product_brand":[],"product_cat":[4177],"product_tag":[],"class_list":{"0":"post-99887","1":"product","2":"type-product","3":"status-publish","4":"has-post-thumbnail","6":"product_cat-tillbehor-spanjoletthandtag","7":"product_shipping_class-postnord-varubrev","8":"pa_brands-abloy","9":"tm-no-options","11":"first","12":"instock","13":"taxable","14":"shipping-taxable","15":"purchasable","16":"product-type-simple"},"acf":[],"_links":{"self":[{"href":"https:\/\/secureus.se\/fr\/wp-json\/wp\/v2\/product\/99887","targetHints":{"allow":["GET"]}}],"collection":[{"href":"https:\/\/secureus.se\/fr\/wp-json\/wp\/v2\/product"}],"about":[{"href":"https:\/\/secureus.se\/fr\/wp-json\/wp\/v2\/types\/product"}],"wp:featuredmedia":[{"embeddable":true,"href":"https:\/\/secureus.se\/fr\/wp-json\/wp\/v2\/media\/136485"}],"wp:attachment":[{"href":"https:\/\/secureus.se\/fr\/wp-json\/wp\/v2\/media?parent=99887"}],"wp:term":[{"taxonomy":"product_brand","embeddable":true,"href":"https:\/\/secureus.se\/fr\/wp-json\/wp\/v2\/product_brand?post=99887"},{"taxonomy":"product_cat","embeddable":true,"href":"https:\/\/secureus.se\/fr\/wp-json\/wp\/v2\/product_cat?post=99887"},{"taxonomy":"product_tag","embeddable":true,"href":"https:\/\/secureus.se\/fr\/wp-json\/wp\/v2\/product_tag?post=99887"}],"curies":[{"name":"wp","href":"https:\/\/api.w.org\/{rel}","templated":true}]}}