{"id":99899,"date":"2024-10-17T11:47:38","date_gmt":"2024-10-17T09:47:38","guid":{"rendered":"https:\/\/secureus.se\/?post_type=product&#038;p=99899"},"modified":"2026-04-14T16:04:37","modified_gmt":"2026-04-14T14:04:37","slug":"barnsakerhetssparr-184-vit","status":"publish","type":"product","link":"https:\/\/secureus.se\/fr\/barnsakerhetssparr-184-vit\/","title":{"rendered":"Verrou de s\u00e9curit\u00e9 enfant Dispositif de verrouillage FIX 184 Blanc \u2013 Assa Abloy"},"content":{"rendered":"<div>ASSA ABLOY 184 est une s\u00e9curit\u00e9 enfant pour les fen\u00eatres et les portes-fen\u00eatres dont vous souhaitez limiter la position d&#039;ouverture.<\/div>\n<div><b><br \/>\nPropri\u00e9t\u00e9s:<\/b><\/div>\n<div>\n<ul>\n<li>R\u00e9pond aux exigences selon SS 3587 concernant la protection de l&#039;enfance.<\/li>\n<li>Ligne de fil envelopp\u00e9 de plastique<\/li>\n<li>Capot de protection en acier peint par poudrage, autres parties en plastique ac\u00e9tal.<\/li>\n<li>Arr\u00eate l&#039;arc dans une position ouverte d\u00e9termin\u00e9e par l&#039;emplacement de la d\u00e9tente.<\/li>\n<li>Peut \u00eatre lib\u00e9r\u00e9 en poussant la languette de verrouillage \u00e0 ressort sur la rondelle de verrouillage, tout en d\u00e9crochant la corde.<\/li>\n<li>Vis recommand\u00e9e : TKFX 3,5 mm.<\/li>\n<\/ul>\n<\/div>\n<div><\/div>","protected":false},"excerpt":{"rendered":"<p>ASSA ABLOY 184 est une s\u00e9curit\u00e9 enfant pour les fen\u00eatres et les portes-fen\u00eatres dont vous souhaitez limiter la position d&#039;ouverture. Caract\u00e9ristiques : R\u00e9pond aux exigences de la norme SS 3587 concernant la protection des enfants. Ligne de fil envelopp\u00e9 de plastique Couverture de protection en rev\u00eatement en poudre<\/p>","protected":false},"featured_media":136480,"template":"","meta":{"_acf_changed":false},"product_brand":[],"product_cat":[4177],"product_tag":[],"class_list":{"0":"post-99899","1":"product","2":"type-product","3":"status-publish","4":"has-post-thumbnail","6":"product_cat-tillbehor-spanjoletthandtag","7":"product_shipping_class-postnord-varubrev","8":"pa_brands-abloy","9":"tm-no-options","11":"first","12":"instock","13":"sale","14":"taxable","15":"shipping-taxable","16":"purchasable","17":"product-type-simple"},"acf":[],"_links":{"self":[{"href":"https:\/\/secureus.se\/fr\/wp-json\/wp\/v2\/product\/99899","targetHints":{"allow":["GET"]}}],"collection":[{"href":"https:\/\/secureus.se\/fr\/wp-json\/wp\/v2\/product"}],"about":[{"href":"https:\/\/secureus.se\/fr\/wp-json\/wp\/v2\/types\/product"}],"wp:featuredmedia":[{"embeddable":true,"href":"https:\/\/secureus.se\/fr\/wp-json\/wp\/v2\/media\/136480"}],"wp:attachment":[{"href":"https:\/\/secureus.se\/fr\/wp-json\/wp\/v2\/media?parent=99899"}],"wp:term":[{"taxonomy":"product_brand","embeddable":true,"href":"https:\/\/secureus.se\/fr\/wp-json\/wp\/v2\/product_brand?post=99899"},{"taxonomy":"product_cat","embeddable":true,"href":"https:\/\/secureus.se\/fr\/wp-json\/wp\/v2\/product_cat?post=99899"},{"taxonomy":"product_tag","embeddable":true,"href":"https:\/\/secureus.se\/fr\/wp-json\/wp\/v2\/product_tag?post=99899"}],"curies":[{"name":"wp","href":"https:\/\/api.w.org\/{rel}","templated":true}]}}