{"id":99904,"date":"2024-10-17T11:47:38","date_gmt":"2024-10-17T09:47:38","guid":{"rendered":"https:\/\/secureus.se\/?post_type=product&#038;p=99904"},"modified":"2026-03-25T15:33:07","modified_gmt":"2026-03-25T14:33:07","slug":"handtagskoppling-833-30","status":"publish","type":"product","link":"https:\/\/secureus.se\/fr\/handtagskoppling-833-30\/","title":{"rendered":"Accouplement de poign\u00e9e 833-30"},"content":{"rendered":"<p>\nASSA ABLOY 833 est une connexion de poign\u00e9e pour une porte fen\u00eatre qui doit avoir des poign\u00e9es des deux c\u00f4t\u00e9s. Pour un arc simple. L&#039;accouplement se brise si la poign\u00e9e ext\u00e9rieure est surcharg\u00e9e lorsque la poign\u00e9e int\u00e9rieure est verrouill\u00e9e. La poign\u00e9e ext\u00e9rieure est ainsi d\u00e9sactiv\u00e9e. Une protection efficace contre le cambriolage.<\/p>\n<div><b><br \/><\/b><\/div>\n<div><b>Propri\u00e9t\u00e9s:<\/b><\/p>\n<ul>\n<li>Diam\u00e8tre : \u00d8 16 mm<\/li>\n<li>Longueur : 30 mm<\/li>\n<li>Convient aux poign\u00e9es avec goupille de 8 mm<\/li>\n<\/ul>\n<p><\/div>","protected":false},"excerpt":{"rendered":"<p>ASSA ABLOY 833 est une connexion de poign\u00e9e pour une porte fen\u00eatre qui doit avoir des poign\u00e9es des deux c\u00f4t\u00e9s. Pour un arc simple. L&#039;accouplement se brise si la poign\u00e9e ext\u00e9rieure est surcharg\u00e9e lorsque la poign\u00e9e int\u00e9rieure est verrouill\u00e9e. La poign\u00e9e ext\u00e9rieure est ins\u00e9r\u00e9e \u00e0 travers ce<\/p>","protected":false},"featured_media":136828,"template":"","meta":{"_acf_changed":false},"product_brand":[],"product_cat":[4177],"product_tag":[],"class_list":{"0":"post-99904","1":"product","2":"type-product","3":"status-publish","4":"has-post-thumbnail","6":"product_cat-tillbehor-spanjoletthandtag","7":"product_shipping_class-postnord-varubrev","8":"pa_brands-abloy","9":"tm-no-options","11":"first","12":"instock","13":"taxable","14":"shipping-taxable","15":"purchasable","16":"product-type-simple"},"acf":[],"_links":{"self":[{"href":"https:\/\/secureus.se\/fr\/wp-json\/wp\/v2\/product\/99904","targetHints":{"allow":["GET"]}}],"collection":[{"href":"https:\/\/secureus.se\/fr\/wp-json\/wp\/v2\/product"}],"about":[{"href":"https:\/\/secureus.se\/fr\/wp-json\/wp\/v2\/types\/product"}],"wp:featuredmedia":[{"embeddable":true,"href":"https:\/\/secureus.se\/fr\/wp-json\/wp\/v2\/media\/136828"}],"wp:attachment":[{"href":"https:\/\/secureus.se\/fr\/wp-json\/wp\/v2\/media?parent=99904"}],"wp:term":[{"taxonomy":"product_brand","embeddable":true,"href":"https:\/\/secureus.se\/fr\/wp-json\/wp\/v2\/product_brand?post=99904"},{"taxonomy":"product_cat","embeddable":true,"href":"https:\/\/secureus.se\/fr\/wp-json\/wp\/v2\/product_cat?post=99904"},{"taxonomy":"product_tag","embeddable":true,"href":"https:\/\/secureus.se\/fr\/wp-json\/wp\/v2\/product_tag?post=99904"}],"curies":[{"name":"wp","href":"https:\/\/api.w.org\/{rel}","templated":true}]}}