{"id":99925,"date":"2024-10-17T11:47:38","date_gmt":"2024-10-17T09:47:38","guid":{"rendered":"https:\/\/secureus.se\/?post_type=product&#038;p=99925"},"modified":"2026-03-25T15:37:36","modified_gmt":"2026-03-25T14:37:36","slug":"sakerhetsanordning-805-7x43-krom","status":"publish","type":"product","link":"https:\/\/secureus.se\/fr\/sakerhetsanordning-805-7x43-krom\/","title":{"rendered":"Dispositif de s\u00e9curit\u00e9 805 7X43 Chrom\u00e9"},"content":{"rendered":"<p>\nASA ABLOY 805 est une porte de s\u00e9curit\u00e9 qui est utilis\u00e9e \u00e0 la place des poign\u00e9es sur les fen\u00eatres, les portes-fen\u00eatres et les portes d&#039;armoires avec un \u00e9pagneul, o\u00f9 la s\u00e9curit\u00e9 des enfants ou la protection contre une ouverture non autoris\u00e9e est souhait\u00e9e. Convient dans les cages d&#039;escalier, les couloirs, les h\u00f4pitaux, les maisons d&#039;enfants ou autres. Homologu\u00e9 comme raccord de s\u00e9curit\u00e9 pour la protection des enfants. Une rondelle de blocage \u00e0 ressort est situ\u00e9e autour de la goupille triangulaire. Celui-ci doit \u00eatre pouss\u00e9 dans une position pr\u00e9cise pour que la goupille puisse tourner et affecter l&#039;\u00e9pagneul.<\/p>\n<div><\/div>\n<div><b>Propri\u00e9t\u00e9s:<\/b><\/p>\n<ul>\n<li>Homologu\u00e9 comme raccord de s\u00e9curit\u00e9 pour la protection des enfants.<\/li>\n<li>Poign\u00e9e assortie 811<\/li>\n<li>Sprint 7x 33\/43mm d&#039;acier tremp\u00e9. (Remarque\u00a0: difficile \u00e0 couper.)<\/li>\n<li>\u00c9galement disponible avec une broche de 8 mm<\/li>\n<li>Bo\u00eetier de serrure en m\u00e9tal zamak chrom\u00e9.<\/li>\n<li>Largeur : 25 mm<\/li>\n<li>Hauteur : 62 mm<\/li>\n<li>Attache C\/C : 43 mm<\/li>\n<\/ul>\n<\/div>","protected":false},"excerpt":{"rendered":"<p>ASA ABLOY 805 est une porte de s\u00e9curit\u00e9 qui est utilis\u00e9e \u00e0 la place des poign\u00e9es sur les fen\u00eatres, les portes-fen\u00eatres et les portes d&#039;armoires avec un \u00e9pagneul, o\u00f9 la s\u00e9curit\u00e9 des enfants ou la protection contre une ouverture non autoris\u00e9e est souhait\u00e9e. Convient aux cages d&#039;escalier, aux couloirs,<\/p>","protected":false},"featured_media":137503,"template":"","meta":{"_acf_changed":false},"product_brand":[],"product_cat":[4177],"product_tag":[],"class_list":{"0":"post-99925","1":"product","2":"type-product","3":"status-publish","4":"has-post-thumbnail","6":"product_cat-tillbehor-spanjoletthandtag","7":"product_shipping_class-postnord-varubrev","8":"pa_brands-abloy","9":"tm-no-options","11":"first","12":"instock","13":"taxable","14":"shipping-taxable","15":"purchasable","16":"product-type-simple"},"acf":[],"_links":{"self":[{"href":"https:\/\/secureus.se\/fr\/wp-json\/wp\/v2\/product\/99925","targetHints":{"allow":["GET"]}}],"collection":[{"href":"https:\/\/secureus.se\/fr\/wp-json\/wp\/v2\/product"}],"about":[{"href":"https:\/\/secureus.se\/fr\/wp-json\/wp\/v2\/types\/product"}],"wp:featuredmedia":[{"embeddable":true,"href":"https:\/\/secureus.se\/fr\/wp-json\/wp\/v2\/media\/137503"}],"wp:attachment":[{"href":"https:\/\/secureus.se\/fr\/wp-json\/wp\/v2\/media?parent=99925"}],"wp:term":[{"taxonomy":"product_brand","embeddable":true,"href":"https:\/\/secureus.se\/fr\/wp-json\/wp\/v2\/product_brand?post=99925"},{"taxonomy":"product_cat","embeddable":true,"href":"https:\/\/secureus.se\/fr\/wp-json\/wp\/v2\/product_cat?post=99925"},{"taxonomy":"product_tag","embeddable":true,"href":"https:\/\/secureus.se\/fr\/wp-json\/wp\/v2\/product_tag?post=99925"}],"curies":[{"name":"wp","href":"https:\/\/api.w.org\/{rel}","templated":true}]}}