{"id":99927,"date":"2024-10-17T11:47:38","date_gmt":"2024-10-17T09:47:38","guid":{"rendered":"https:\/\/secureus.se\/?post_type=product&#038;p=99927"},"modified":"2026-03-25T15:37:27","modified_gmt":"2026-03-25T14:37:27","slug":"handtagssparr-840-krom","status":"publish","type":"product","link":"https:\/\/secureus.se\/fr\/handtagssparr-840-krom\/","title":{"rendered":"Serrure \u00e0 poign\u00e9e 840 chrom\u00e9e"},"content":{"rendered":"<p>\nASSA ABLOY 840 est un loquet de fen\u00eatre pour porte-fen\u00eatre avec une poign\u00e9e \u00e9pagneul qui doit \u00eatre verrouill\u00e9e \u00e0 l&#039;int\u00e9rieur. <\/p>\n<p><b>Propri\u00e9t\u00e9s:<\/b><br \/>\n<\/p>\n<ul>\n<li>S&#039;ouvre et se ferme manuellement. <\/li>\n<li>Se verrouille en position enfonc\u00e9e.<\/li>\n<li>Bo\u00eetier de verrouillage en m\u00e9tal zamak. <\/li>\n<li>Poign\u00e9e en polyamide, noire.<\/li>\n<\/ul>","protected":false},"excerpt":{"rendered":"<p>ASSA ABLOY 840 est un loquet de fen\u00eatre pour porte-fen\u00eatre avec une poign\u00e9e \u00e9pagneul qui doit \u00eatre verrouill\u00e9e \u00e0 l&#039;int\u00e9rieur. Caract\u00e9ristiques : s&#039;ouvre et se ferme manuellement. Se verrouille en position enfonc\u00e9e. Bo\u00eetier de verrouillage en m\u00e9tal zamak. Poign\u00e9e de doigt en polyamide,<\/p>","protected":false},"featured_media":136073,"template":"","meta":{"_acf_changed":false},"product_brand":[],"product_cat":[4177],"product_tag":[],"class_list":{"0":"post-99927","1":"product","2":"type-product","3":"status-publish","4":"has-post-thumbnail","6":"product_cat-tillbehor-spanjoletthandtag","7":"product_shipping_class-postnord-varubrev","8":"pa_brands-abloy","9":"tm-no-options","11":"first","12":"instock","13":"taxable","14":"shipping-taxable","15":"purchasable","16":"product-type-simple"},"acf":[],"_links":{"self":[{"href":"https:\/\/secureus.se\/fr\/wp-json\/wp\/v2\/product\/99927","targetHints":{"allow":["GET"]}}],"collection":[{"href":"https:\/\/secureus.se\/fr\/wp-json\/wp\/v2\/product"}],"about":[{"href":"https:\/\/secureus.se\/fr\/wp-json\/wp\/v2\/types\/product"}],"wp:featuredmedia":[{"embeddable":true,"href":"https:\/\/secureus.se\/fr\/wp-json\/wp\/v2\/media\/136073"}],"wp:attachment":[{"href":"https:\/\/secureus.se\/fr\/wp-json\/wp\/v2\/media?parent=99927"}],"wp:term":[{"taxonomy":"product_brand","embeddable":true,"href":"https:\/\/secureus.se\/fr\/wp-json\/wp\/v2\/product_brand?post=99927"},{"taxonomy":"product_cat","embeddable":true,"href":"https:\/\/secureus.se\/fr\/wp-json\/wp\/v2\/product_cat?post=99927"},{"taxonomy":"product_tag","embeddable":true,"href":"https:\/\/secureus.se\/fr\/wp-json\/wp\/v2\/product_tag?post=99927"}],"curies":[{"name":"wp","href":"https:\/\/api.w.org\/{rel}","templated":true}]}}