{"id":99936,"date":"2024-10-17T11:47:39","date_gmt":"2024-10-17T09:47:39","guid":{"rendered":"https:\/\/secureus.se\/?post_type=product&#038;p=99936"},"modified":"2026-04-08T15:28:13","modified_gmt":"2026-04-08T13:28:13","slug":"bricka-1857t","status":"publish","type":"product","link":"https:\/\/secureus.se\/fr\/bricka-1857t\/","title":{"rendered":"Plateau 1857T"},"content":{"rendered":"<div>ASSA ABLOY 1857T est une plaque de recouvrement pour menuiserie dot\u00e9e d&#039;une serrure \u00e9pagneul ou \u00e9tanche et doit \u00eatre actionn\u00e9e avec la poign\u00e9e carr\u00e9e 51 ou la cl\u00e9 triangulaire 145. D\u00e9conseill\u00e9e en cas de risque d&#039;auto-ouverture (utiliser alors le dispositif de s\u00e9curit\u00e9 805 et la poign\u00e9e triangulaire 811 ).<\/div>\n<div><b>Propri\u00e9t\u00e9s:<\/b><\/p>\n<ul>\n<li>Largeur : 23 mm<\/li>\n<li>Hauteur : 60 mm<\/li>\n<li>Insertion C\/C\u00a0: 43\u00a0mm<\/li>\n<li>Vis recommand\u00e9e : TKFX 3,0 mm<\/li>\n<\/ul>\n<\/div>\n<div><\/div>\n<div><\/div>","protected":false},"excerpt":{"rendered":"<p>ASSA ABLOY 1857T est une plaque de recouvrement pour menuiserie dot\u00e9e d&#039;une serrure \u00e9pagneul ou \u00e9tanche et doit \u00eatre actionn\u00e9e avec une poign\u00e9e carr\u00e9e 51 ou une cl\u00e9 triangulaire 145. Non recommand\u00e9e en cas de risque d&#039;ouverture automatique.<\/p>","protected":false},"featured_media":136245,"template":"","meta":{"_acf_changed":false},"product_brand":[],"product_cat":[4177],"product_tag":[],"class_list":{"0":"post-99936","1":"product","2":"type-product","3":"status-publish","4":"has-post-thumbnail","6":"product_cat-tillbehor-spanjoletthandtag","7":"product_shipping_class-postnord-varubrev","8":"pa_brands-abloy","9":"tm-no-options","11":"first","12":"instock","13":"taxable","14":"shipping-taxable","15":"purchasable","16":"product-type-simple"},"acf":[],"_links":{"self":[{"href":"https:\/\/secureus.se\/fr\/wp-json\/wp\/v2\/product\/99936","targetHints":{"allow":["GET"]}}],"collection":[{"href":"https:\/\/secureus.se\/fr\/wp-json\/wp\/v2\/product"}],"about":[{"href":"https:\/\/secureus.se\/fr\/wp-json\/wp\/v2\/types\/product"}],"wp:featuredmedia":[{"embeddable":true,"href":"https:\/\/secureus.se\/fr\/wp-json\/wp\/v2\/media\/136245"}],"wp:attachment":[{"href":"https:\/\/secureus.se\/fr\/wp-json\/wp\/v2\/media?parent=99936"}],"wp:term":[{"taxonomy":"product_brand","embeddable":true,"href":"https:\/\/secureus.se\/fr\/wp-json\/wp\/v2\/product_brand?post=99936"},{"taxonomy":"product_cat","embeddable":true,"href":"https:\/\/secureus.se\/fr\/wp-json\/wp\/v2\/product_cat?post=99936"},{"taxonomy":"product_tag","embeddable":true,"href":"https:\/\/secureus.se\/fr\/wp-json\/wp\/v2\/product_tag?post=99936"}],"curies":[{"name":"wp","href":"https:\/\/api.w.org\/{rel}","templated":true}]}}