{"id":99938,"date":"2024-10-17T11:47:39","date_gmt":"2024-10-17T09:47:39","guid":{"rendered":"https:\/\/secureus.se\/?post_type=product&#038;p=99938"},"modified":"2026-04-08T15:28:10","modified_gmt":"2026-04-08T13:28:10","slug":"handtagssparr-850-krom","status":"publish","type":"product","link":"https:\/\/secureus.se\/fr\/handtagssparr-850-krom\/","title":{"rendered":"Serrure \u00e0 poign\u00e9e 850 chrom\u00e9e"},"content":{"rendered":"<p>\nASSA ABLOY 850 est une serrure de fen\u00eatre homologu\u00e9e pour portes-fen\u00eatres int\u00e9rieures, qui doit \u00eatre \u00e9quip\u00e9e de dispositifs de s\u00e9curit\u00e9 conform\u00e9ment aux r\u00e9glementations de construction de l&#039;autorit\u00e9 su\u00e9doise du logement.<\/p>\n<p><b>Propri\u00e9t\u00e9s:<\/b><br \/>\n<\/p>\n<ul>\n<li>Verrouille automatiquement la poign\u00e9e lorsqu&#039;elle est tourn\u00e9e en position ferm\u00e9e<\/li>\n<li>Pour ouvrir, le loquet doit \u00eatre soulev\u00e9 en tournant la poign\u00e9e<\/li>\n<li>Bo\u00eetier de verrouillage en m\u00e9tal zamak.<\/li>\n<li>Poign\u00e9e en polyamide, blanche.<\/li>\n<\/ul>","protected":false},"excerpt":{"rendered":"<p>ASSA ABLOY 850 est une serrure de fen\u00eatre homologu\u00e9e pour portes-fen\u00eatres int\u00e9rieures, qui doit \u00eatre \u00e9quip\u00e9e de dispositifs de s\u00e9curit\u00e9 conform\u00e9ment aux r\u00e9glementations de construction de l&#039;autorit\u00e9 su\u00e9doise du logement. Caract\u00e9ristiques\u00a0: Verrouille automatiquement la poign\u00e9e lorsqu&#039;elle est tourn\u00e9e en position ferm\u00e9e. Pour ouvrir<\/p>","protected":false},"featured_media":136793,"template":"","meta":{"_acf_changed":false},"product_brand":[],"product_cat":[4177],"product_tag":[],"class_list":{"0":"post-99938","1":"product","2":"type-product","3":"status-publish","4":"has-post-thumbnail","6":"product_cat-tillbehor-spanjoletthandtag","7":"product_shipping_class-postnord-varubrev","8":"pa_brands-abloy","9":"tm-no-options","11":"first","12":"instock","13":"taxable","14":"shipping-taxable","15":"purchasable","16":"product-type-simple"},"acf":[],"_links":{"self":[{"href":"https:\/\/secureus.se\/fr\/wp-json\/wp\/v2\/product\/99938","targetHints":{"allow":["GET"]}}],"collection":[{"href":"https:\/\/secureus.se\/fr\/wp-json\/wp\/v2\/product"}],"about":[{"href":"https:\/\/secureus.se\/fr\/wp-json\/wp\/v2\/types\/product"}],"wp:featuredmedia":[{"embeddable":true,"href":"https:\/\/secureus.se\/fr\/wp-json\/wp\/v2\/media\/136793"}],"wp:attachment":[{"href":"https:\/\/secureus.se\/fr\/wp-json\/wp\/v2\/media?parent=99938"}],"wp:term":[{"taxonomy":"product_brand","embeddable":true,"href":"https:\/\/secureus.se\/fr\/wp-json\/wp\/v2\/product_brand?post=99938"},{"taxonomy":"product_cat","embeddable":true,"href":"https:\/\/secureus.se\/fr\/wp-json\/wp\/v2\/product_cat?post=99938"},{"taxonomy":"product_tag","embeddable":true,"href":"https:\/\/secureus.se\/fr\/wp-json\/wp\/v2\/product_tag?post=99938"}],"curies":[{"name":"wp","href":"https:\/\/api.w.org\/{rel}","templated":true}]}}