{"id":99942,"date":"2024-10-17T11:47:39","date_gmt":"2024-10-17T09:47:39","guid":{"rendered":"https:\/\/secureus.se\/?post_type=product&#038;p=99942"},"modified":"2026-04-23T11:58:26","modified_gmt":"2026-04-23T09:58:26","slug":"trekantshandtag-811-krom","status":"publish","type":"product","link":"https:\/\/secureus.se\/fr\/trekantshandtag-811-krom\/","title":{"rendered":"Poign\u00e9e triangulaire 811 Chrome"},"content":{"rendered":"<p>\nASSA ABLOY 811 est une poign\u00e9e pour le fonctionnement du dispositif de s\u00e9curit\u00e9 805.\u00a0<\/p>\n<div><\/div>\n<div><b>Propri\u00e9t\u00e9s:<\/b><\/p>\n<ul>\n<li>Lorsque la poign\u00e9e est tourn\u00e9e, l&#039;arc peut \u00eatre tir\u00e9 vers vous avec la poign\u00e9e.<\/li>\n<li>Celui-ci ne peut \u00eatre retir\u00e9 qu&#039;en position ferm\u00e9e.<\/li>\n<\/ul>\n<\/div>","protected":false},"excerpt":{"rendered":"<p>ASSA ABLOY 811 est une poign\u00e9e pour le fonctionnement du dispositif de s\u00e9curit\u00e9 805. Caract\u00e9ristiques : Lorsque la poign\u00e9e est tourn\u00e9e, la poign\u00e9e peut \u00eatre utilis\u00e9e pour tirer l&#039;arc vers vous. Celui-ci ne peut \u00eatre retir\u00e9 qu&#039;une fois ferm\u00e9<\/p>","protected":false},"featured_media":136777,"template":"","meta":{"_acf_changed":false},"product_brand":[],"product_cat":[4177],"product_tag":[],"class_list":{"0":"post-99942","1":"product","2":"type-product","3":"status-publish","4":"has-post-thumbnail","6":"product_cat-tillbehor-spanjoletthandtag","7":"product_shipping_class-postnord-varubrev","8":"pa_brands-abloy","9":"tm-no-options","11":"first","12":"instock","13":"taxable","14":"shipping-taxable","15":"purchasable","16":"product-type-simple"},"acf":[],"_links":{"self":[{"href":"https:\/\/secureus.se\/fr\/wp-json\/wp\/v2\/product\/99942","targetHints":{"allow":["GET"]}}],"collection":[{"href":"https:\/\/secureus.se\/fr\/wp-json\/wp\/v2\/product"}],"about":[{"href":"https:\/\/secureus.se\/fr\/wp-json\/wp\/v2\/types\/product"}],"wp:featuredmedia":[{"embeddable":true,"href":"https:\/\/secureus.se\/fr\/wp-json\/wp\/v2\/media\/136777"}],"wp:attachment":[{"href":"https:\/\/secureus.se\/fr\/wp-json\/wp\/v2\/media?parent=99942"}],"wp:term":[{"taxonomy":"product_brand","embeddable":true,"href":"https:\/\/secureus.se\/fr\/wp-json\/wp\/v2\/product_brand?post=99942"},{"taxonomy":"product_cat","embeddable":true,"href":"https:\/\/secureus.se\/fr\/wp-json\/wp\/v2\/product_cat?post=99942"},{"taxonomy":"product_tag","embeddable":true,"href":"https:\/\/secureus.se\/fr\/wp-json\/wp\/v2\/product_tag?post=99942"}],"curies":[{"name":"wp","href":"https:\/\/api.w.org\/{rel}","templated":true}]}}