{"id":11750,"date":"2022-06-10T10:08:44","date_gmt":"2022-06-10T08:08:44","guid":{"rendered":"https:\/\/secureus.se\/?page_id=11750"},"modified":"2026-03-13T14:03:39","modified_gmt":"2026-03-13T13:03:39","slug":"kundservice","status":"publish","type":"page","link":"https:\/\/secureus.se\/nl\/kundservice\/","title":{"rendered":"Klantenservice"},"content":{"rendered":"<div class=\"wpb-content-wrapper\"><div class=\"vc_row wpb_row vc_row-fluid\"><\/div><div class=\"wpb_column vc_column_container vc_col-sm-12\"><div class=\"vc_column-inner\"><div class=\"wpb_wrapper\"><\/div><\/div><\/div>\n\t<div class=\"wpb_text_column wpb_content_element\" >\n\t\t<div class=\"wpb_wrapper\">\n\t\t\t\n\t\t<\/div>\n\t<\/div>\n<div class=\"vc_row wpb_row vc_row-fluid\"><\/div><div class=\"wpb_column vc_column_container vc_col-sm-12\"><div class=\"vc_column-inner\"><div class=\"wpb_wrapper\"><\/div><\/div><\/div>\n\t<div class=\"wpb_text_column wpb_content_element\" >\n\t\t<div class=\"wpb_wrapper\">\n\t\t\t\n\t\t<\/div>\n\t<\/div>\n<h1><strong>Neem contact met ons op<\/strong><\/h1>\n<p style=\"text-align: left;\">U kunt gerust contact met ons opnemen via onderstaande gegevens.<\/p>\n<p style=\"text-align: left;\">We zullen zo snel mogelijk, en uiterlijk binnen 48 uur, reageren op vragen over daadwerkelijke aankopen of bestellingen. Bij een klacht of retourzending verzoeken we u om zoveel mogelijk details te verstrekken. Vul het formulier in via deze link. <strong><a href=\"https:\/\/secureus.se\/nl\/retur-reklamation\/\">www.secureus.se\/retur<\/a><\/strong><br \/>\nVermeld het ordernummer en voeg indien nodig foto&#039;s toe.<\/p>\n<p><strong>E-mail<\/strong>: secureus@secureus.se<br \/>\n<strong>E-mail factuurvragen en factuur<\/strong>: factuur@secureus.se<br \/>\n<strong>Organisatienummer<\/strong>: 559189-7383<br \/>\n<strong>VAT<\/strong>: SE559189738301<br \/>\n<strong>Eori<\/strong>: SE5591897383<br \/>\n<strong>Tel<\/strong>: +46 31 70 70 201 <em data-start=\"389\" data-end=\"421\">(Wij spreken Engels en Zweeds)<\/em><\/p>\n<p>\ud83d\udd53 <strong data-start=\"245\" data-end=\"260\">Openingstijden van de beurs:<\/strong><br data-start=\"260\" data-end=\"263\" \/>Maandag t\/m donderdag: 10:00\u201316:00<br data-start=\"288\" data-end=\"291\" \/>Vrijdag: 10:00\u201315:00<br \/>\n<em data-start=\"389\" data-end=\"421\"><br \/>\n<\/em><strong>Bankrekening \u2013 Swedbank<\/strong>: 8327-9,764 699 157-5<br \/>\n<span style=\"font-size: revert;\"><strong>Bankoverschrijving<\/strong>: 172-5126<\/span><\/p>\n<h2><strong>Betaling per factuur en e-factuur voor bedrijven en organisaties<\/strong><\/h2>\n<p class=\"\" data-start=\"884\" data-end=\"963\">Wij bieden nu betaling per factuur op twee manieren aan:<\/p>\n<ol data-start=\"964\" data-end=\"1036\">\n<li class=\"\" data-start=\"964\" data-end=\"992\">\n<p class=\"\" data-start=\"967\" data-end=\"992\">Bestel via e-mail en<\/p>\n<\/li>\n<li class=\"\" data-start=\"993\" data-end=\"1036\">\n<p class=\"\" data-start=\"996\" data-end=\"1036\">Reken direct af met factuur bij het afrekenen.<\/p>\n<\/li>\n<\/ol>\n<p class=\"\" data-start=\"1038\" data-end=\"1144\">Om te bestellen met factuur via e-mail, stuur dan de volgende informatie naar: <a href=\"mailto:secureus@secureus.se\">SECUREUS@SECUREUS.SE<\/a><\/p>\n<p>\u2022 Gewenst product en aantal per product (vermeld a.u.b. artikelnummer of link)<br \/>\n\u2022 Factuuradres<br \/>\n\u2022 Afleveradres (let op: grotere producten kunnen wij niet leveren op doosadressen)<br \/>\n\u2022 Naam en telefoonnummer van de contactpersoon<br \/>\n\u2022 Eventuele factuurreferenties of andere gewenste markeringen op de factuur<br \/>\n\u2022 Gewenste factuurvorm: PDF via e-mail of e-factuur.<\/p>\n<p>Nadat wij uw bestelling hebben ontvangen en een snelle kredietcontrole hebben uitgevoerd, sturen wij u een orderbevestiging. Zodra de bestelling is verzonden, zullen wij u op de hoogte stellen van het trackingnummer.<\/p>\n<\/div>","protected":false},"excerpt":{"rendered":"<p>Kontakta oss V\u00e4lkommen att kontakta oss via nedanst\u00e5ende uppgifter. Vi svarar snarast och senast inom 48 timmar p\u00e5 f\u00f6rfr\u00e5gningar som r\u00f6r faktiska k\u00f6p eller best\u00e4llningar. Vid eventuell reklamation eller retur,<\/p>","protected":false},"author":1,"featured_media":0,"parent":0,"menu_order":0,"comment_status":"closed","ping_status":"closed","template":"","meta":{"_acf_changed":false,"footnotes":""},"class_list":["post-11750","page","type-page","status-publish","hentry"],"acf":[],"_links":{"self":[{"href":"https:\/\/secureus.se\/nl\/wp-json\/wp\/v2\/pages\/11750","targetHints":{"allow":["GET"]}}],"collection":[{"href":"https:\/\/secureus.se\/nl\/wp-json\/wp\/v2\/pages"}],"about":[{"href":"https:\/\/secureus.se\/nl\/wp-json\/wp\/v2\/types\/page"}],"author":[{"embeddable":true,"href":"https:\/\/secureus.se\/nl\/wp-json\/wp\/v2\/users\/1"}],"replies":[{"embeddable":true,"href":"https:\/\/secureus.se\/nl\/wp-json\/wp\/v2\/comments?post=11750"}],"version-history":[{"count":5,"href":"https:\/\/secureus.se\/nl\/wp-json\/wp\/v2\/pages\/11750\/revisions"}],"predecessor-version":[{"id":163184,"href":"https:\/\/secureus.se\/nl\/wp-json\/wp\/v2\/pages\/11750\/revisions\/163184"}],"wp:attachment":[{"href":"https:\/\/secureus.se\/nl\/wp-json\/wp\/v2\/media?parent=11750"}],"curies":[{"name":"wp","href":"https:\/\/api.w.org\/{rel}","templated":true}]}}