{"id":11824,"date":"2022-06-10T13:34:03","date_gmt":"2022-06-10T11:34:03","guid":{"rendered":"https:\/\/secureus.se\/?page_id=11824"},"modified":"2026-03-10T16:12:37","modified_gmt":"2026-03-10T15:12:37","slug":"om-secureus","status":"publish","type":"page","link":"https:\/\/secureus.se\/nl\/om-secureus\/","title":{"rendered":"Over SECUREUS"},"content":{"rendered":"<div class=\"wpb-content-wrapper\"><div class=\"vc_row wpb_row vc_row-fluid\"><div class=\"wpb_column vc_column_container vc_col-sm-8\"><div class=\"vc_column-inner\"><div class=\"wpb_wrapper\">\n\t<div class=\"wpb_text_column wpb_content_element\" >\n\t\t<div class=\"wpb_wrapper\">\n\t\t\t<h3><strong>Over ons<br \/>\n<\/strong><\/h3>\n<p data-start=\"2744\" data-end=\"2810\">Opgericht in Zweden \u2022 Magazijn in Alings\u00e5s \u2022 Meer dan 500 geverifieerde Trustpilot-recensies<\/p>\n<p><strong>Welkom bij Secureus.se - Uw partner voor veiligheid en beveiliging!<\/strong><\/p>\n<h3><strong>Waarom klanten voor Secureus kiezen<\/strong><\/h3>\n<p>\u2022 <strong data-start=\"1240\" data-end=\"1304\">Meer dan 500 geverifieerde klantbeoordelingen \u2013 een score van 4,8\/5 op Trustpilot<br \/>\n<\/strong>\u2022 Snelle leveringen vanuit <strong data-start=\"1886\" data-end=\"1911\">eigen magazijn in Alings\u00e5s<\/strong><br data-start=\"1911\" data-end=\"1914\" \/>\u2022 Breed assortiment beveiligingsproducten voor <strong data-start=\"1958\" data-end=\"1988\">bedrijven en particulieren<\/strong><br data-start=\"1988\" data-end=\"1991\" \/>\u2022 Persoonlijke ondersteuning via <strong data-start=\"2015\" data-end=\"2037\">telefoon en e-mail<\/strong><\/p>\n<p>Secureus is een Zweeds e-commercebedrijf dat gespecialiseerd is in beveiligingsproducten. Wij leveren beveiligingsproducten aan bedrijven en particulieren in heel Zweden en diverse andere Europese landen. We bieden een breed assortiment hoogwaardige producten, waaronder alarmsystemen, sloten, brandalarmen, camerabewaking en inbraakalarmen. Ons doel is om beveiliging eenvoudig, veilig en toegankelijk te maken voor iedereen, zonder onnodige kosten.<\/p>\n<p>Wij zijn gevestigd in Alings\u00e5s, waar zowel ons magazijn als ons hoofdkantoor zich bevinden. Vanuit hier leveren wij onze producten snel en effici\u00ebnt, niet alleen binnen Zweden, maar ook naar diverse landen in Europa. Met meer dan 900 producten op voorraad kunnen wij snelle leveringen garanderen en zowel particulieren als bedrijven helpen bij het vinden van de juiste beveiligingsoplossing.<\/p>\n\n\t\t<\/div>\n\t<\/div>\n<\/div><\/div><\/div><div class=\"wpb_column vc_column_container vc_col-sm-4\"><div class=\"vc_column-inner\"><div class=\"wpb_wrapper\"><\/div><\/div><\/div><\/div><div class=\"vc_row wpb_row vc_row-fluid\"><div class=\"wpb_column vc_column_container vc_col-sm-12\"><div class=\"vc_column-inner\"><div class=\"wpb_wrapper\">\n\t<div class=\"wpb_text_column wpb_content_element\" >\n\t\t<div class=\"wpb_wrapper\">\n\t\t\t<h3><strong>Waarom kiezen voor Secureus?<\/strong><\/h3>\n<ul>\n<li><strong>Hoge kwaliteit<\/strong>: Wij werken samen met toonaangevende leveranciers om de nieuwste technologie\u00ebn en de beste producten op de markt te garanderen.<\/li>\n<li><strong>Flexibiliteit<\/strong>: Wij bieden oplossingen op maat met lasergraveren, printen en programmeren - perfect voor bedrijven en organisaties.<\/li>\n<li><strong>Snelle leveringen<\/strong>: Ons effici\u00ebnte magazijnbeheer zorgt ervoor dat we snel kunnen leveren in zowel Zweden als de rest van Europa.<\/li>\n<li><strong>Persoonlijke service<\/strong>: Ongeacht of u een particuliere klant of een zakelijke klant bent, u wordt altijd snel en deskundig geholpen. E-mails beantwoorden wij uiterlijk de eerstvolgende werkdag.<\/li>\n<\/ul>\n<h3><strong>Onze filosofie<\/strong><\/h3>\n<p>Bij Secureus hechten we waarde aan veiligheid en eenvoud. Of u nu een individueel product koopt of een grote zakelijke bestelling plaatst, u bent voor ons even belangrijk. Onze ambitie is dat elke aankoop bij ons soepel verloopt en u een gevoel van zekerheid en kwaliteit geeft.<\/p>\n<hr \/>\n<h3><strong>Samenwerkingen en engagementen<\/strong><\/h3>\n<p data-start=\"721\" data-end=\"847\">Secureus is lid van het partnernetwerk van IFK G\u00f6teborg. <strong data-start=\"771\" data-end=\"785\">Club 1904<\/strong> en zal zichtbaar zijn op <strong data-start=\"810\" data-end=\"846\">Gamla Ullevi tijdens het seizoen 2026<\/strong>.<\/p>\n<p data-start=\"849\" data-end=\"948\">Deze toezegging maakt deel uit van onze focus op regionale aanwezigheid en het versterken van relaties in West-Zweden.<\/p>\n<p><img decoding=\"async\" class=\"alignnone wp-image-163069\" src=\"https:\/\/secureus.se\/wp-content\/uploads\/2026\/03\/ifkgbg_1904.png\" alt=\"\" width=\"149\" height=\"147\" srcset=\"https:\/\/secureus.se\/wp-content\/uploads\/2026\/03\/ifkgbg_1904.png 904w, https:\/\/secureus.se\/wp-content\/uploads\/2026\/03\/ifkgbg_1904-768x756.png 768w, https:\/\/secureus.se\/wp-content\/uploads\/2026\/03\/ifkgbg_1904-12x12.png 12w, https:\/\/secureus.se\/wp-content\/uploads\/2026\/03\/ifkgbg_1904-350x345.png 350w, https:\/\/secureus.se\/wp-content\/uploads\/2026\/03\/ifkgbg_1904-100x100.png 100w, https:\/\/secureus.se\/wp-content\/uploads\/2026\/03\/ifkgbg_1904-64x63.png 64w\" sizes=\"(max-width: 149px) 100vw, 149px\" \/><\/p>\n<p data-start=\"1332\" data-end=\"1355\"><strong data-start=\"1332\" data-end=\"1355\">Bedrijfsinformatie<\/strong><\/p>\n<p data-start=\"1417\" data-end=\"1488\">Secureus Zweden AB<br data-start=\"1436\" data-end=\"1439\" \/>\u00c4ngsvaktaregatan 29<br data-start=\"1458\" data-end=\"1461\" \/>441 38 Aling-saus<br data-start=\"1476\" data-end=\"1479\" \/>Zweden<\/p>\n<p data-start=\"1490\" data-end=\"1533\">Org.nr.: 559189-7383<br data-start=\"1509\" data-end=\"1512\" \/>BTW: SE559189738301<\/p>\n<p data-start=\"1535\" data-end=\"1579\">\ud83d\udcde +46 31 70 70 201<br data-start=\"1554\" data-end=\"1557\" \/>\u2709 <a class=\"decorated-link\" href=\"mailto:secureus@secureus.se\" rel=\"noopener\" data-start=\"1559\" data-end=\"1579\">secureus@secureus.se<\/a><\/p>\n<hr \/>\n<h3><strong>Neem contact met ons op<\/strong><\/h3>\n<p>Neem vandaag nog contact met ons op voor hulp bij uw beveiligingsbehoeften: wij staan voor u klaar!<\/p>\n\n\t\t<\/div>\n\t<\/div>\n<\/div><\/div><\/div><\/div>\n<\/div>","protected":false},"excerpt":{"rendered":"Om oss Grundat i Sverige \u2022 Lager i Alings\u00e5s \u2022 500+ verifierade Trustpilot-omd\u00f6men V\u00e4lkommen till Secureus.se \u2013 Din partner f\u00f6r s\u00e4kerhet och trygghet! D\u00e4rf\u00f6r v\u00e4ljer kunder Secureus \u2022 500+ verifierade","protected":false},"author":1,"featured_media":0,"parent":0,"menu_order":0,"comment_status":"closed","ping_status":"closed","template":"","meta":{"_acf_changed":false,"footnotes":""},"class_list":["post-11824","page","type-page","status-publish","hentry"],"acf":[],"_links":{"self":[{"href":"https:\/\/secureus.se\/nl\/wp-json\/wp\/v2\/pages\/11824","targetHints":{"allow":["GET"]}}],"collection":[{"href":"https:\/\/secureus.se\/nl\/wp-json\/wp\/v2\/pages"}],"about":[{"href":"https:\/\/secureus.se\/nl\/wp-json\/wp\/v2\/types\/page"}],"author":[{"embeddable":true,"href":"https:\/\/secureus.se\/nl\/wp-json\/wp\/v2\/users\/1"}],"replies":[{"embeddable":true,"href":"https:\/\/secureus.se\/nl\/wp-json\/wp\/v2\/comments?post=11824"}],"version-history":[{"count":11,"href":"https:\/\/secureus.se\/nl\/wp-json\/wp\/v2\/pages\/11824\/revisions"}],"predecessor-version":[{"id":163073,"href":"https:\/\/secureus.se\/nl\/wp-json\/wp\/v2\/pages\/11824\/revisions\/163073"}],"wp:attachment":[{"href":"https:\/\/secureus.se\/nl\/wp-json\/wp\/v2\/media?parent=11824"}],"curies":[{"name":"wp","href":"https:\/\/api.w.org\/{rel}","templated":true}]}}