{"id":115386,"date":"2024-11-20T14:10:22","date_gmt":"2024-11-20T13:10:22","guid":{"rendered":"https:\/\/secureus.se\/?post_type=product&#038;p=115386"},"modified":"2026-01-12T11:59:38","modified_gmt":"2026-01-12T10:59:38","slug":"golvmarkeringstejp-duraline-50-05-4","status":"publish","type":"product","link":"https:\/\/secureus.se\/nl\/golvmarkeringstejp-duraline-50-05-4\/","title":{"rendered":"Vloermarkeringstape DURALINE\u00ae 50\/05"},"content":{"rendered":"<p>Zelfklevende markeringstape voor gebruik binnenshuis. Wordt gebruikt voor het permanent markeren van gebieden die aandacht behoeven, bijv. verkeerszones en verboden gebieden. Hecht op schone en droge betonvloeren. Duurzaam en slijtvast met antislipwaarde R9 conform DIN51130.<br \/>\nAfmetingen (B x L): Rol van 30 m, 50 mm breed, dikte 0,5 mm<\/p>","protected":false},"excerpt":{"rendered":"<p>Zelfklevende \u00e9\u00e9nkleurige vloermarkeringstape om orde en veiligheid te cre\u00ebren in magazijnen en industrie. 0,5 mm dik.<\/p>","protected":false},"featured_media":133768,"template":"","meta":{"_acf_changed":false},"product_brand":[],"product_cat":[4303],"product_tag":[4389],"class_list":{"0":"post-115386","1":"product","2":"type-product","3":"status-publish","4":"has-post-thumbnail","6":"product_cat-golvtejp","7":"product_tag-rod","8":"product_shipping_class-tunga-paket","9":"pa_brands-durable","10":"pa_farg-rod","11":"tm-no-options","13":"first","14":"instock","15":"sale","16":"taxable","17":"shipping-taxable","18":"purchasable","19":"product-type-simple"},"acf":[],"_links":{"self":[{"href":"https:\/\/secureus.se\/nl\/wp-json\/wp\/v2\/product\/115386","targetHints":{"allow":["GET"]}}],"collection":[{"href":"https:\/\/secureus.se\/nl\/wp-json\/wp\/v2\/product"}],"about":[{"href":"https:\/\/secureus.se\/nl\/wp-json\/wp\/v2\/types\/product"}],"wp:featuredmedia":[{"embeddable":true,"href":"https:\/\/secureus.se\/nl\/wp-json\/wp\/v2\/media\/133768"}],"wp:attachment":[{"href":"https:\/\/secureus.se\/nl\/wp-json\/wp\/v2\/media?parent=115386"}],"wp:term":[{"taxonomy":"product_brand","embeddable":true,"href":"https:\/\/secureus.se\/nl\/wp-json\/wp\/v2\/product_brand?post=115386"},{"taxonomy":"product_cat","embeddable":true,"href":"https:\/\/secureus.se\/nl\/wp-json\/wp\/v2\/product_cat?post=115386"},{"taxonomy":"product_tag","embeddable":true,"href":"https:\/\/secureus.se\/nl\/wp-json\/wp\/v2\/product_tag?post=115386"}],"curies":[{"name":"wp","href":"https:\/\/api.w.org\/{rel}","templated":true}]}}