{"id":116919,"date":"2024-11-05T17:23:03","date_gmt":"2024-11-05T16:23:03","guid":{"rendered":"https:\/\/secureus.se\/?post_type=product&#038;p=116919"},"modified":"2026-01-12T12:44:44","modified_gmt":"2026-01-12T11:44:44","slug":"sjalvhaftande-ficka-pocketfix-74x32-10-st","status":"publish","type":"product","link":"https:\/\/secureus.se\/nl\/sjalvhaftande-ficka-pocketfix-74x32-10-st\/","title":{"rendered":"Zelfklevende hoes POCKETFIX\u00ae 74\u00d732 10 st"},"content":{"rendered":"<p>Etikettenbanden, mappen, dozen enz. met etiketten die in een zelfklevend POCKETFIX\u00ae-zakje worden gestoken. Het transparante vak is gemaakt van polypropyleen kunststof. Dit vak heeft een opening langs \u00e9\u00e9n kaartzijde en een duimgreep om de kaart gemakkelijk te verwijderen. Wordt geleverd met witte labels op vellen die in een printer kunnen worden afgedrukt. In het gratis programma DURAPRINT\u00ae bevindt zich een sjabloon voor het maken van het label. Binnenafmetingen: 74\u00d732. Buitenafmetingen: 76\u00d735 mm (BxH). Tas met 10 zakken.<\/p>","protected":false},"excerpt":{"rendered":"<p>Zelfklevende zak met opening aan \u00e9\u00e9n korte zijde. Voor etiketten in het formaat 74\u00d732.<\/p>","protected":false},"featured_media":135837,"template":"","meta":{"_acf_changed":false},"product_brand":[],"product_cat":[4252],"product_tag":[4376],"class_list":{"0":"post-116919","1":"product","2":"type-product","3":"status-publish","4":"has-post-thumbnail","6":"product_cat-sjalvhaftande-fickor","7":"product_tag-transparent","8":"product_shipping_class-tunga-paket","9":"pa_brands-durable","10":"pa_farg-transparent","11":"tm-no-options","13":"first","14":"instock","15":"sale","16":"taxable","17":"shipping-taxable","18":"purchasable","19":"product-type-simple"},"acf":[],"_links":{"self":[{"href":"https:\/\/secureus.se\/nl\/wp-json\/wp\/v2\/product\/116919","targetHints":{"allow":["GET"]}}],"collection":[{"href":"https:\/\/secureus.se\/nl\/wp-json\/wp\/v2\/product"}],"about":[{"href":"https:\/\/secureus.se\/nl\/wp-json\/wp\/v2\/types\/product"}],"wp:featuredmedia":[{"embeddable":true,"href":"https:\/\/secureus.se\/nl\/wp-json\/wp\/v2\/media\/135837"}],"wp:attachment":[{"href":"https:\/\/secureus.se\/nl\/wp-json\/wp\/v2\/media?parent=116919"}],"wp:term":[{"taxonomy":"product_brand","embeddable":true,"href":"https:\/\/secureus.se\/nl\/wp-json\/wp\/v2\/product_brand?post=116919"},{"taxonomy":"product_cat","embeddable":true,"href":"https:\/\/secureus.se\/nl\/wp-json\/wp\/v2\/product_cat?post=116919"},{"taxonomy":"product_tag","embeddable":true,"href":"https:\/\/secureus.se\/nl\/wp-json\/wp\/v2\/product_tag?post=116919"}],"curies":[{"name":"wp","href":"https:\/\/api.w.org\/{rel}","templated":true}]}}