{"id":142007,"date":"2022-07-04T07:49:42","date_gmt":"2022-07-04T05:49:42","guid":{"rendered":"https:\/\/secureus.se\/motorlas-6500-kpl-2\/"},"modified":"2026-01-12T13:18:34","modified_gmt":"2026-01-12T12:18:34","slug":"motorlas-6500-kpl-2","status":"publish","type":"product","link":"https:\/\/secureus.se\/nl\/motorlas-6500-kpl-2\/","title":{"rendered":"Safetron Motorslot 6500 kpl"},"content":{"rendered":"<p>SAFETRON 6500 in kitverpakking. Het bouwpakket bevat: motorslot 6500, besturingsunit CU2, aansluitkabel C06 (10m), eindplaat 107-2 en frametransfer CT81.<\/p>\n<p>SAFETRON 6500 is het meest complete motorslot op de markt met moderne zuigerplaatsing - identiek aan de sloten uit de ASSA connect-serie. Dit betekent dat het motorslot is aangepast aan moderne deuruitsparingen, ongeacht of het vaste of vervangbare eindplaten zijn. De SAFETRON 6500 ontwapent in 0,1 seconde en daarom is normaal gesproken geen apart dagslot nodig op hoogfrequente deuren. SAFETRON 6500 is aangepast voor gebruik in combinatie met deurautomatisering.<\/p>\n<p>Typische toepassingsgebieden zijn dag-, nacht- en veiligheidssluitingen in handel, kantoren en industrie en waar zeer hoge eisen aan de veiligheid worden gesteld. De motorsloten zijn gecertificeerd volgens SSF-3522 slotklasse 2B, 3, 4 en 5 en SS-EN 14846 Grade 7.<\/p>\n<p>SAFETRON 6500 kan samen met SAFETRON Noodvluchtaccessoires 795 worden gebruikt in vluchtwegen volgens de Europese norm SS-EN 179:2008, evenals SSF 3522 klasse 2B.<\/p>\n<p>De SAFETRON 6000-serie biedt ge\u00efntegreerde controle tegen verschillende van de belangrijkste leveranciers van toegangssystemen op de markt. Dit betekent dat de motorsloten zonder besturingseenheid rechtstreeks op de deurcentrale van het toegangssysteem kunnen worden aangesloten en vervolgens kunnen worden geconfigureerd via de software van het toegangssysteem, wat een vereenvoudigde installatie en een kosteneffectievere deuromgeving oplevert. Kies voor een halve set als u het motorslot ge\u00efntegreerd wilt aansluiten op een toegangssysteem of als u twee motorsloten wilt gebruiken met een besturingseenheid.<\/p>\n<p>De SAFETRON 6500 heeft een versterkte haakvergrendelingszuiger en is door de belangrijkste deurfabrikanten goedgekeurd voor RC3- en RC4-deuren. Motorsloten uit de 6000-serie maken gebruik van 128-bit-codering voor maximale veiligheid en maken kabellengtes tot 100 meter mogelijk tussen motorsloten en besturingseenheid. Dit betekent dat de besturingseenheid kan worden ge\u00efnstalleerd in beschermde omgevingen zoals energiecentra of serverruimtes.<\/p>\n<p>\u2022 Gecertificeerd volgens SSF-3522 slotklasse 2B, 3, 4 en 5 en SS-EN 14846 klasse 7<br \/>\n\u2022 Doorndiepte 50 mm<br \/>\n\u2022 Versterkte haakliniaalplunjer<br \/>\n\u2022 Ge\u00efntegreerde controle op toegangssystemen<br \/>\n\u2022 Zuigerplaatsing hetzelfde als ASSA connect<br \/>\n\u2022 Openingssnelheid: 0,1 seconde<br \/>\n\u2022 Te openen met sleutel\/knop (90 graden draaibaar)<br \/>\n\u2022 Aangepast voor deurautomatisering<br \/>\n\u2022 Noodevacuatie\/herhuisvesting samen met Noodevacuatieaccessoires 795<br \/>\n\u2022 Automatische initialisatie<br \/>\n\u2022 Gebeurtenislogboek<br \/>\n\u2022 Serieschakeling, maximaal twee motorsloten op een besturingseenheid<\/p>","protected":false},"excerpt":{"rendered":"<p>SAFETRON 6500 i satsf\u00f6rpackning. Satsf\u00f6rpackningen inneh\u00e5ller: motorl\u00e5s 6500, styrenhet CU2, anslutningskabel C06 (10m), slutbleck 107-2 samt karm\u00f6verf\u00f6ring CT81. SAFETRON 6500 \u00e4r marknadens mest kompletta motorl\u00e5s med modern kolvplacering &#8211; identisk<\/p>","protected":false},"featured_media":142003,"template":"","meta":{"_acf_changed":false},"product_brand":[],"product_cat":[2874],"product_tag":[4512,4542,4500,4866,4501],"class_list":{"0":"post-142007","1":"product","2":"type-product","3":"status-publish","4":"has-post-thumbnail","6":"product_cat-motorlas","7":"product_tag-motorlas-komplett-kpl","8":"product_tag-panikutrymning-nej","9":"product_tag-rel-safetron-motorlas","10":"product_tag-safetron-20","11":"product_tag-safetron-motorlas","12":"product_shipping_class-tunga-paket","13":"pa_brands-7safetron","14":"tm-no-options","16":"first","17":"instock","18":"sale","19":"featured","20":"taxable","21":"shipping-taxable","22":"purchasable","23":"product-type-simple"},"acf":[],"_links":{"self":[{"href":"https:\/\/secureus.se\/nl\/wp-json\/wp\/v2\/product\/142007","targetHints":{"allow":["GET"]}}],"collection":[{"href":"https:\/\/secureus.se\/nl\/wp-json\/wp\/v2\/product"}],"about":[{"href":"https:\/\/secureus.se\/nl\/wp-json\/wp\/v2\/types\/product"}],"wp:featuredmedia":[{"embeddable":true,"href":"https:\/\/secureus.se\/nl\/wp-json\/wp\/v2\/media\/142003"}],"wp:attachment":[{"href":"https:\/\/secureus.se\/nl\/wp-json\/wp\/v2\/media?parent=142007"}],"wp:term":[{"taxonomy":"product_brand","embeddable":true,"href":"https:\/\/secureus.se\/nl\/wp-json\/wp\/v2\/product_brand?post=142007"},{"taxonomy":"product_cat","embeddable":true,"href":"https:\/\/secureus.se\/nl\/wp-json\/wp\/v2\/product_cat?post=142007"},{"taxonomy":"product_tag","embeddable":true,"href":"https:\/\/secureus.se\/nl\/wp-json\/wp\/v2\/product_tag?post=142007"}],"curies":[{"name":"wp","href":"https:\/\/api.w.org\/{rel}","templated":true}]}}