{"id":146559,"date":"2025-01-22T17:22:41","date_gmt":"2025-01-22T16:22:41","guid":{"rendered":"https:\/\/secureus.se\/cranford-controls-510-058-vtg-12v-32t-grund-bas-rod\/"},"modified":"2026-04-17T11:12:48","modified_gmt":"2026-04-17T09:12:48","slug":"cranford-controls-510-058-vtg-12v-32t","status":"publish","type":"product","link":"https:\/\/secureus.se\/nl\/cranford-controls-510-058-vtg-12v-32t\/","title":{"rendered":"Cranford Controls 510-058 VTG 12V 32T ondiepe basis, rood"},"content":{"rendered":"<h1>Cranford-bediening 510-058 VTG 12V 32T<\/h1>\n<p>Cranford Controls 510-058 VTG is een betrouwbare en flexibele sirene die is ontworpen voor beveiligingssystemen.<\/p>\n<p>Met 32 tonen en een selecteerbare overstuurde toon biedt deze pieper de gebruiker de mogelijkheid om de pieper naar wens aan te passen.<\/p>\n<p>Het is verkrijgbaar in twee verschillende versies, geschikt voor verschillende omgevingen: \u00e9\u00e9n met een ondiepe basis (IP43) en \u00e9\u00e9n met een diepe basis (IP65), die veelzijdig inzetbaar is, zowel binnen als buiten.<\/p>\n<p>Dankzij de schakelfunctie kan het product ook uitsluitend als baken worden gebruikt, wat het uiterst flexibel maakt.<\/p>\n<p>Voor een eenvoudige installatie is het unieke bajonetbevestigingssysteem zowel effici\u00ebnt als snel, en de afneembare afdekking op de diepe basis ondersteunt opbouwbekabeling.<\/p>\n<p>Er is ook een versie met een ingebouwde sabotagefunctie beschikbaar. Dit betekent dat ongeautoriseerde verwijdering automatisch aan het bedieningspaneel wordt gemeld, wat de veiligheid verhoogt.<\/p>","protected":false},"excerpt":{"rendered":"<p>De Cranford Controls 510-058 VTG is een 12V-zoemer voor aan de muur die 32 tonen plus een selecteerbare overstuurde toon biedt.<\/p>\n<p>Het is met name geschikt voor gebruik in beveiligingssystemen en is leverbaar in zowel een ondiepe (IP43) als een diepe (IP65) uitvoering.<\/p>\n<p>Het product beschikt over een uniek bajonetbevestigingssysteem dat de installatie vergemakkelijkt en een verwijderbare afdekking op de diepe basis voor opbouwbedrading.<\/p>\n<p>Voor extra veiligheid is er ook een fraudebestendige versie verkrijgbaar.<\/p>","protected":false},"featured_media":146558,"template":"","meta":{"_acf_changed":false},"product_brand":[],"product_cat":[1562,1825,5098],"product_tag":[],"class_list":{"0":"post-146559","1":"product","2":"type-product","3":"status-publish","4":"has-post-thumbnail","6":"product_cat-larmdon-blixtljus","7":"product_cat-sirener-brand","8":"product_cat-siren-brand","9":"product_shipping_class-tunga-paket","10":"tm-no-options","12":"first","13":"instock","14":"taxable","15":"shipping-taxable","16":"purchasable","17":"product-type-simple"},"acf":[],"_links":{"self":[{"href":"https:\/\/secureus.se\/nl\/wp-json\/wp\/v2\/product\/146559","targetHints":{"allow":["GET"]}}],"collection":[{"href":"https:\/\/secureus.se\/nl\/wp-json\/wp\/v2\/product"}],"about":[{"href":"https:\/\/secureus.se\/nl\/wp-json\/wp\/v2\/types\/product"}],"wp:featuredmedia":[{"embeddable":true,"href":"https:\/\/secureus.se\/nl\/wp-json\/wp\/v2\/media\/146558"}],"wp:attachment":[{"href":"https:\/\/secureus.se\/nl\/wp-json\/wp\/v2\/media?parent=146559"}],"wp:term":[{"taxonomy":"product_brand","embeddable":true,"href":"https:\/\/secureus.se\/nl\/wp-json\/wp\/v2\/product_brand?post=146559"},{"taxonomy":"product_cat","embeddable":true,"href":"https:\/\/secureus.se\/nl\/wp-json\/wp\/v2\/product_cat?post=146559"},{"taxonomy":"product_tag","embeddable":true,"href":"https:\/\/secureus.se\/nl\/wp-json\/wp\/v2\/product_tag?post=146559"}],"curies":[{"name":"wp","href":"https:\/\/api.w.org\/{rel}","templated":true}]}}