{"id":148064,"date":"2025-02-25T12:22:25","date_gmt":"2025-02-25T11:22:25","guid":{"rendered":"https:\/\/secureus.se\/?post_type=product&#038;p=148064"},"modified":"2026-04-23T10:17:35","modified_gmt":"2026-04-23T08:17:35","slug":"plejd-dosdimmer-dim-01-300va-led-mesh","status":"publish","type":"product","link":"https:\/\/secureus.se\/nl\/plejd-dosdimmer-dim-01-300va-led-mesh\/","title":{"rendered":"Plejd Dosdimmer DIM-01 300VA LED Mesh"},"content":{"rendered":"<h1>Plejd DIM-01 \u2013 Smart Dose Dimmer voor effici\u00ebnte en soepele lichtregeling<\/h1>\n<p data-start=\"85\" data-end=\"436\">Plejd Dosdimmer DIM-01 is een universele dimmer die is ontworpen om maximale flexibiliteit te bieden bij de regeling van de verlichting.<\/p>\n<p data-start=\"85\" data-end=\"436\">Dankzij de ondersteuning voor zowel trailing edge- als leading edge-dimming kan het apparaat verschillende soorten lichtbronnen aan, waaronder led-lichtbronnen en elektronische transformatoren.<\/p>\n<p data-start=\"85\" data-end=\"436\">Het apparaat kan belastingen tot 300 VA aan en kan zowel handmatig als draadloos worden aangestuurd.<\/p>\n<p data-start=\"438\" data-end=\"843\">De DIM-01 is voorzien van twee afzonderlijke ingangen, waardoor aansturing via een veerbelaste drukknop, bewegingssensor of andere externe besturingssignalen mogelijk is.<\/p>\n<p data-start=\"438\" data-end=\"843\">Dit betekent dat het zowel in moderne als traditionele verlichtingsoplossingen ge\u00efntegreerd kan worden. Bovendien heeft de dimmer instelbare minimum-, maximum- en startniveaus, waardoor u de helderheid eenvoudig kunt afstellen voor optimale prestaties en comfort.<\/p>\n<p data-start=\"845\" data-end=\"1228\">Dankzij de Bluetooth\u00ae mesh-technologie kan de DIM-01 draadloos worden bediend via de Plejd-app, waardoor u eenvoudig toegang hebt tot geavanceerde functies zoals tijdcontrole, scenario&#039;s en afstandsbediening.<\/p>\n<p data-start=\"845\" data-end=\"1228\">Met de ingebouwde astro- en weekklokken kunt u de verlichting automatiseren op basis van het tijdstip van de dag of zonsopgang en zonsondergang, wat bijdraagt aan zowel comfort als energie-effici\u00ebntie.<\/p>\n<p data-start=\"1230\" data-end=\"1623\">De DIM-01 is compact met afmetingen van 46x46x18 mm en kan in een apparaatdoos achter een drukknop of doosdeksel worden ge\u00efnstalleerd.<\/p>\n<p data-start=\"1230\" data-end=\"1623\">U kunt het apparaat ook aan de muur of op een DIN-rail bevestigen met behulp van de MNT-01 montageclip (apart verkrijgbaar).<\/p>\n<p data-start=\"1230\" data-end=\"1623\">Het apparaat beschikt over meerdere beveiligingsmechanismen, waaronder beveiliging tegen oververhitting en overbelasting, waardoor een lange levensduur en betrouwbare werking worden gegarandeerd.<\/p>\n<p data-start=\"1625\" data-end=\"1833\">Of u nu sfeervolle verlichting wilt cre\u00ebren in uw huis, kantoor of grotere commerci\u00eble omgeving, de Plejd DIM-01 is een slimme en toekomstbestendige oplossing voor een soepele en effici\u00ebnte lichtregeling.<\/p>\n<h3 data-start=\"1840\" data-end=\"1875\"><strong data-start=\"1844\" data-end=\"1873\">Technische specificaties:<\/strong><\/h3>\n<ul data-start=\"1876\" data-end=\"2617\">\n<li data-start=\"1876\" data-end=\"1908\"><strong data-start=\"1878\" data-end=\"1894\">Netspanning:<\/strong> 230V \/ 50Hz<\/li>\n<li data-start=\"1909\" data-end=\"1937\"><strong data-start=\"1911\" data-end=\"1929\">Stand-byvermogen:<\/strong> 0,3W<\/li>\n<li data-start=\"1938\" data-end=\"2162\"><strong data-start=\"1940\" data-end=\"1953\">Maximale belasting:<\/strong>\n<ul data-start=\"1958\" data-end=\"2162\">\n<li data-start=\"1958\" data-end=\"1994\">Halogeen\/gloeilamp (230V): 0\u2013300 W<\/li>\n<li data-start=\"1997\" data-end=\"2048\">LED-lichtbronnen\/drivers (230V trailing edge): 0\u2013200 VA<\/li>\n<li data-start=\"2051\" data-end=\"2103\">LED-lichtbronnen\/drivers (230V voorrand): 0\u2013100 VA<\/li>\n<li data-start=\"2106\" data-end=\"2162\">Elektronische transformatoren (12V halogeen): 0\u2013300 VA<\/li>\n<\/ul>\n<\/li>\n<li data-start=\"2163\" data-end=\"2209\"><strong data-start=\"2165\" data-end=\"2183\">Mededeling:<\/strong> 2,4GHz Bluetooth\u00ae-mesh<\/li>\n<li data-start=\"2210\" data-end=\"2285\"><strong data-start=\"2212\" data-end=\"2230\">Radiobereik:<\/strong> Ongeveer 10 meter binnenshuis (uitgebreid met Plejd mesh-technologie)<\/li>\n<li data-start=\"2286\" data-end=\"2363\"><strong data-start=\"2288\" data-end=\"2302\">Montage:<\/strong> Inbouw in een inbouwdoos, wand of DIN-rail<\/li>\n<li data-start=\"2364\" data-end=\"2389\"><strong data-start=\"2366\" data-end=\"2375\">Meeteenheid:<\/strong> 46x46x18mm<\/li>\n<li data-start=\"2390\" data-end=\"2452\"><strong data-start=\"2392\" data-end=\"2402\">Bescherming:<\/strong> Overtemperatuursoftware\/hardware, overbelastingsbeveiliging<\/li>\n<li data-start=\"2453\" data-end=\"2496\"><strong data-start=\"2455\" data-end=\"2468\">IP-klasse:<\/strong> IP20 (alleen voor gebruik binnenshuis)<\/li>\n<li data-start=\"2497\" data-end=\"2561\"><strong data-start=\"2499\" data-end=\"2512\">Materiaal:<\/strong> Halogeenvrije thermoplast, glanzend turquoise (RAL 6027)<\/li>\n<li data-start=\"2562\" data-end=\"2617\"><strong data-start=\"2564\" data-end=\"2583\">Verenigbaarheid:<\/strong> Apple HomeKit, Google Assistent<\/li>\n<\/ul>","protected":false},"excerpt":{"rendered":"<p>Plejd DIM-01 is een krachtige universele dimmer met ondersteuning voor zowel fase-afsnijding als fase-aansnijding tot 300 VA.<\/p>\n<p>Wordt bediend via de Plejd-app of andere apparaten en heeft ingebouwde tijdfuncties zoals astro- en weekklok.<\/p>\n<p>Dankzij de twee afzonderlijke ingangen kunt u hem aansluiten op veerbelaste drukknoppen of bewegingssensoren voor flexibele bediening.<\/p>","protected":false},"featured_media":148063,"template":"","meta":{"_acf_changed":false},"product_brand":[],"product_cat":[4660],"product_tag":[],"class_list":{"0":"post-148064","1":"product","2":"type-product","3":"status-publish","4":"has-post-thumbnail","6":"product_cat-plejd-relaer-led","7":"product_shipping_class-postnord-varubrev","8":"pa_brands-plejd","9":"pa_farg-turkos","10":"tm-has-options","12":"first","13":"instock","14":"sale","15":"taxable","16":"shipping-taxable","17":"purchasable","18":"product-type-simple"},"acf":[],"_links":{"self":[{"href":"https:\/\/secureus.se\/nl\/wp-json\/wp\/v2\/product\/148064","targetHints":{"allow":["GET"]}}],"collection":[{"href":"https:\/\/secureus.se\/nl\/wp-json\/wp\/v2\/product"}],"about":[{"href":"https:\/\/secureus.se\/nl\/wp-json\/wp\/v2\/types\/product"}],"wp:featuredmedia":[{"embeddable":true,"href":"https:\/\/secureus.se\/nl\/wp-json\/wp\/v2\/media\/148063"}],"wp:attachment":[{"href":"https:\/\/secureus.se\/nl\/wp-json\/wp\/v2\/media?parent=148064"}],"wp:term":[{"taxonomy":"product_brand","embeddable":true,"href":"https:\/\/secureus.se\/nl\/wp-json\/wp\/v2\/product_brand?post=148064"},{"taxonomy":"product_cat","embeddable":true,"href":"https:\/\/secureus.se\/nl\/wp-json\/wp\/v2\/product_cat?post=148064"},{"taxonomy":"product_tag","embeddable":true,"href":"https:\/\/secureus.se\/nl\/wp-json\/wp\/v2\/product_tag?post=148064"}],"curies":[{"name":"wp","href":"https:\/\/api.w.org\/{rel}","templated":true}]}}