{"id":149379,"date":"2022-07-04T07:50:38","date_gmt":"2022-07-04T05:50:38","guid":{"rendered":"https:\/\/secureus.se\/ellas-sl621-omvand-kpl\/"},"modified":"2026-01-12T15:24:29","modified_gmt":"2026-01-12T14:24:29","slug":"ellas-sl621-omvand-kpl","status":"publish","type":"product","link":"https:\/\/secureus.se\/nl\/ellas-sl621-omvand-kpl\/","title":{"rendered":"Safetron Elektrisch Slot SL621 Set Omkeerbare Slotbehuizing"},"content":{"rendered":"<h1>Safetron Elektrisch Slot SL621 Set Omkeerbare Slotbehuizing<\/h1>\n<p>SAFETRON SL621 in een bouwpakket. Het bouwpakket bevat:<\/p>\n<ul>\n<li>Elektrisch drukslot SL621<\/li>\n<li>Aansluitkabel C02 (10m)<\/li>\n<li>Frame transmissie CT81<\/li>\n<\/ul>\n<p>De SAFETRON SL621 is de volgende generatie multifunctionele elektrische drukknopsloten met splitfunctie en gepatenteerde hybride technologie.<\/p>\n<p>Typische toepassingsgebieden zijn de interne vergrendeling van veelgebruikte deuren in commerci\u00eble gebouwen, ziekenhuizen, scholen, industrie\u00ebn en appartementencomplexen waar een hoge operationele betrouwbaarheid vereist is.<\/p>\n<p>Indicatie wordt gegeven voor vergrendeling, drukbeweging, deurstatus via magneetcontact en knopindicatie.<\/p>\n<p>De draaiknop biedt de mogelijkheid om een alarm te activeren bij ongeautoriseerde toegang tot de cilinder. De SL621 heeft een omkeerfunctie.<\/p>\n<p>De SAFETRON SL621 beschikt over een gepatenteerde hybride technologie waarmee de plaatsing van de zuiger kan worden aangepast.<\/p>\n<p>Dit betekent dat het slot gebruikt kan worden in combinatie met sluitplaten en kozijnuitsparingen die geschikt zijn voor zowel de ASSA connect als de ASSA classic moduleserie.<\/p>\n<p>Dit geldt voor zowel oudere als nieuwere deuren. De positie van de zuiger is net zo eenvoudig aan te passen als bij een traditionele omkering van de zuiger.<\/p>\n<p>De SAFETRON SL621 is instelbaar tussen een enkelvoudige functie, die elektrische activering vanaf beide zijden mogelijk maakt (dubbele kaartlezers), en een gesplitste functie, wat betekent dat de buitenste drukknop elektrisch wordt bediend, terwijl de binnenste drukknop altijd mechanisch is ingeschakeld en dus altijd een mechanische uitgang mogelijk maakt.<\/p>\n<p>Door de vergrendelingsfunctie in gesplitste stand te gebruiken, is een openingsknop of toegangscontrole aan de binnenzijde overbodig.<\/p>\n<div class=\"tabRow\"><span class=\"bold\">Spanning<\/span>12-24VDC (-10%\/+15%)<\/div>\n<div class=\"tabRow\"><span class=\"bold\">Stroomverbruik<\/span>12VDC: 70mA<br \/>\n24VDC: 40mA<\/div>\n<div class=\"tabRow\"><span class=\"bold\">Temperatuurbereik<\/span>-20\u00b0C \u2013 +40\u00b0C<\/div>\n<div class=\"tabRow\"><span class=\"bold\">Functie<\/span>Inverse functie<\/div>\n<div class=\"tabRow\"><span class=\"bold\">Brandclassificatie<\/span>Ja (E\/EI 120)<\/div>\n<div class=\"tabRow\"><span class=\"bold\">Signalen<\/span>Vergrendeling, beweging met drukknop, deurstatus, cilinder<\/div>","protected":false},"excerpt":{"rendered":"<p>Safetron Ell\u00e5s SL621 Sats Omv\u00e4ndbart l\u00e5shus SAFETRON SL621 i satsf\u00f6rpackning. Satsf\u00f6rpackningen inneh\u00e5ller: Eltryckesl\u00e5s SL621 Anslutningskabel C02 (10m) Karm\u00f6verf\u00f6ring CT81 SAFETRON SL621 \u00e4r n\u00e4sta generationens multifunktionella eltryckesl\u00e5s med split funktion och<\/p>","protected":false},"featured_media":142231,"template":"","meta":{"_acf_changed":false},"product_brand":[],"product_cat":[2429],"product_tag":[2286,2290,4510,4866,4511],"class_list":{"0":"post-149379","1":"product","2":"type-product","3":"status-publish","4":"has-post-thumbnail","6":"product_cat-ellas","7":"product_tag-ellas-eltryckeslas","8":"product_tag-ellas-komplett-sats-kpl","9":"product_tag-rel-safetron-eltryckeslas","10":"product_tag-safetron-20","11":"product_tag-safetron-eltryckeslas","12":"product_shipping_class-tunga-paket","13":"tm-has-options","15":"first","16":"instock","17":"sale","18":"featured","19":"taxable","20":"shipping-taxable","21":"purchasable","22":"product-type-simple"},"acf":[],"_links":{"self":[{"href":"https:\/\/secureus.se\/nl\/wp-json\/wp\/v2\/product\/149379","targetHints":{"allow":["GET"]}}],"collection":[{"href":"https:\/\/secureus.se\/nl\/wp-json\/wp\/v2\/product"}],"about":[{"href":"https:\/\/secureus.se\/nl\/wp-json\/wp\/v2\/types\/product"}],"wp:featuredmedia":[{"embeddable":true,"href":"https:\/\/secureus.se\/nl\/wp-json\/wp\/v2\/media\/142231"}],"wp:attachment":[{"href":"https:\/\/secureus.se\/nl\/wp-json\/wp\/v2\/media?parent=149379"}],"wp:term":[{"taxonomy":"product_brand","embeddable":true,"href":"https:\/\/secureus.se\/nl\/wp-json\/wp\/v2\/product_brand?post=149379"},{"taxonomy":"product_cat","embeddable":true,"href":"https:\/\/secureus.se\/nl\/wp-json\/wp\/v2\/product_cat?post=149379"},{"taxonomy":"product_tag","embeddable":true,"href":"https:\/\/secureus.se\/nl\/wp-json\/wp\/v2\/product_tag?post=149379"}],"curies":[{"name":"wp","href":"https:\/\/api.w.org\/{rel}","templated":true}]}}