{"id":149380,"date":"2022-07-04T07:49:54","date_gmt":"2022-07-04T05:49:54","guid":{"rendered":"https:\/\/secureus.se\/motorlas-5150\/"},"modified":"2026-01-12T13:23:52","modified_gmt":"2026-01-12T12:23:52","slug":"motorlas-5150","status":"publish","type":"product","link":"https:\/\/secureus.se\/nl\/motorlas-5150\/","title":{"rendered":"Safetron Motorslot 5150"},"content":{"rendered":"<p>Het SAFETRON-motorslot 5150 ontgrendelt in 0,3 seconden en daarom is normaal gesproken geen apart dagslot nodig bij hoogfrequente deuren. Het motorslot werkt perfect samen met automatische deuraandrijvingen.<\/p>\n<p>Typische toepassingsgebieden zijn dag-, nacht- en veiligheidsvergrendelingen in handel, kantoren en industrie. Het slot voldoet aan de eisen behorend bij SS 3079 slotklasse 3. Het motorslot is voorzien van een versterkte rechte zuiger voor maximale sterkte.<\/p>\n<p>\u2022 Doorndiepte: 50 mm<\/p>\n<p>\u2022 Richtzuiger<\/p>\n<p>\u2022 Uitgeschakeld gedurende 0,3 seconden<\/p>\n<p>\u2022 Aangepast voor deurautomatisering<\/p>\n<p>\u2022 Gecertificeerd volgens SS-EN 14846<\/p>","protected":false},"excerpt":{"rendered":"<p>SAFETRON motorl\u00e5s 5150 fr\u00e5nreglar under 0.3 sekunder och d\u00e4rf\u00f6r beh\u00f6vs normalt sett inget separat dagl\u00e5s p\u00e5 h\u00f6gfrekventa d\u00f6rrar. Motorl\u00e5set fungerar utm\u00e4rkt tillsammans med d\u00f6rrautomatiker. Typiska anv\u00e4ndningsomr\u00e5den \u00e4r dag-, natt- och<\/p>","protected":false},"featured_media":142096,"template":"","meta":{"_acf_changed":false},"product_brand":[],"product_cat":[2874],"product_tag":[4500,4866,4511],"class_list":{"0":"post-149380","1":"product","2":"type-product","3":"status-publish","4":"has-post-thumbnail","6":"product_cat-motorlas","7":"product_tag-rel-safetron-motorlas","8":"product_tag-safetron-20","9":"product_tag-safetron-eltryckeslas","10":"product_shipping_class-tunga-paket","11":"pa_brands-7safetron","12":"tm-has-options","14":"first","15":"instock","16":"sale","17":"featured","18":"taxable","19":"shipping-taxable","20":"purchasable","21":"product-type-simple"},"acf":[],"_links":{"self":[{"href":"https:\/\/secureus.se\/nl\/wp-json\/wp\/v2\/product\/149380","targetHints":{"allow":["GET"]}}],"collection":[{"href":"https:\/\/secureus.se\/nl\/wp-json\/wp\/v2\/product"}],"about":[{"href":"https:\/\/secureus.se\/nl\/wp-json\/wp\/v2\/types\/product"}],"wp:featuredmedia":[{"embeddable":true,"href":"https:\/\/secureus.se\/nl\/wp-json\/wp\/v2\/media\/142096"}],"wp:attachment":[{"href":"https:\/\/secureus.se\/nl\/wp-json\/wp\/v2\/media?parent=149380"}],"wp:term":[{"taxonomy":"product_brand","embeddable":true,"href":"https:\/\/secureus.se\/nl\/wp-json\/wp\/v2\/product_brand?post=149380"},{"taxonomy":"product_cat","embeddable":true,"href":"https:\/\/secureus.se\/nl\/wp-json\/wp\/v2\/product_cat?post=149380"},{"taxonomy":"product_tag","embeddable":true,"href":"https:\/\/secureus.se\/nl\/wp-json\/wp\/v2\/product_tag?post=149380"}],"curies":[{"name":"wp","href":"https:\/\/api.w.org\/{rel}","templated":true}]}}