{"id":149394,"date":"2022-07-04T09:56:45","date_gmt":"2022-07-04T07:56:45","guid":{"rendered":"https:\/\/secureus.se\/styrenhet-5000\/"},"modified":"2026-01-12T13:24:41","modified_gmt":"2026-01-12T12:24:41","slug":"styrenhet-5000","status":"publish","type":"product","link":"https:\/\/secureus.se\/nl\/styrenhet-5000\/","title":{"rendered":"Safetron-besturingseenheid 5000"},"content":{"rendered":"<p>Besturingseenheid 5000 werkt standaard samen met motorslotkasten 5150, 5188, 5250, 5350, 5450, 5328, 5335 en voldoet aan de eisen volgens onder andere WEE en RoHS. De besturingseenheid is uitgerust met dubbele relaisuitgangen voor maximale signaaluitwisseling. Er zijn drie aparte ingangen voor activering van het slot, potentiaalvrij sluiten, timer en stroomimpuls. Alarmuitgang en sabotagemicroschakelaar. De processor is zo geprogrammeerd dat het alarm afgaat bij een kabelbreuk, dit voor meer veiligheid. Zweedse makelij.<br \/>\n<br \/>\n?Voldoet aan de eisen volgens o.a. WEE en RoHS<br \/>\n<br \/>\n?Relaisuitgangen:<br \/>\n<br \/>\n Dag blokkering<br \/>\n<br \/>\n Noodopening \/ tijdcontrole<br \/>\n<br \/>\n Extern deurmagneetcontact<br \/>\n<br \/>\n Alarm<br \/>\n<br \/>\n Deur gesloten<br \/>\n<br \/>\n Deur open<br \/>\n<br \/>\n Vooralarm<br \/>\n<br \/>\n Regel binnen<br \/>\n<br \/>\n Uitsluiten<br \/>\n<br \/>\n Impuls signaal<br \/>\n<br \/>\n Openingsimpuls, potentiaalvrij<br \/>\n<br \/>\n Openingsimpuls, spanning<br \/>\n<br \/>\n Beschermende grond<br \/>\n<br \/>\n?Sabotagemicroschakelaar<br \/>\n<br \/>\n?Kortsluiting beveiligd<br \/>\n<br \/>\nSpanning: 10-35VDC\/8-24VAC, 50-350mA<br \/>\n<br \/>\nAfmetingen: (hxb) 220\u00d7108 mm<\/p>","protected":false},"excerpt":{"rendered":"<p>Styrenhet 5000 standard fungererar tillsammans med motorl\u00e5skistorna 5150, 5188, 5250, 5350, 5450, 5328, 5335 och uppfyller kraven enligt bl.a. WEE och RoHS. Styrenheten \u00e4r f\u00f6rsedd med dubbla rel\u00e4utg\u00e5ngar f\u00f6r maximalt<\/p>","protected":false},"featured_media":142061,"template":"","meta":{"_acf_changed":false},"product_brand":[],"product_cat":[2834],"product_tag":[4508,4866,4503],"class_list":{"0":"post-149394","1":"product","2":"type-product","3":"status-publish","4":"has-post-thumbnail","6":"product_cat-ellas-motorlastillbehor","7":"product_tag-ellas-tillbehor-styrenheter","8":"product_tag-safetron-20","9":"product_tag-safetron-tillbehor-motorlas-5000-serien","10":"product_shipping_class-tunga-paket","11":"pa_brands-7safetron","12":"tm-no-options","14":"first","15":"instock","16":"featured","17":"taxable","18":"shipping-taxable","19":"purchasable","20":"product-type-simple"},"acf":[],"_links":{"self":[{"href":"https:\/\/secureus.se\/nl\/wp-json\/wp\/v2\/product\/149394","targetHints":{"allow":["GET"]}}],"collection":[{"href":"https:\/\/secureus.se\/nl\/wp-json\/wp\/v2\/product"}],"about":[{"href":"https:\/\/secureus.se\/nl\/wp-json\/wp\/v2\/types\/product"}],"wp:featuredmedia":[{"embeddable":true,"href":"https:\/\/secureus.se\/nl\/wp-json\/wp\/v2\/media\/142061"}],"wp:attachment":[{"href":"https:\/\/secureus.se\/nl\/wp-json\/wp\/v2\/media?parent=149394"}],"wp:term":[{"taxonomy":"product_brand","embeddable":true,"href":"https:\/\/secureus.se\/nl\/wp-json\/wp\/v2\/product_brand?post=149394"},{"taxonomy":"product_cat","embeddable":true,"href":"https:\/\/secureus.se\/nl\/wp-json\/wp\/v2\/product_cat?post=149394"},{"taxonomy":"product_tag","embeddable":true,"href":"https:\/\/secureus.se\/nl\/wp-json\/wp\/v2\/product_tag?post=149394"}],"curies":[{"name":"wp","href":"https:\/\/api.w.org\/{rel}","templated":true}]}}