{"id":149411,"date":"2022-07-04T07:50:50","date_gmt":"2022-07-04T05:50:50","guid":{"rendered":"https:\/\/secureus.se\/motorlas-5250-kpl\/"},"modified":"2026-01-12T13:16:41","modified_gmt":"2026-01-12T12:16:41","slug":"motorlas-5250-kpl","status":"publish","type":"product","link":"https:\/\/secureus.se\/nl\/motorlas-5250-kpl\/","title":{"rendered":"Safetron Motorslot 5250 cpl"},"content":{"rendered":"<p>SAFETRON motorslot 5250 in setverpakking. Het bouwpakket bevat: motorslot 5250, besturingseenheid 5000, aansluitkabel C01 (10m), eindplaat 106-2 en frameoverdracht CT81.<\/p>\n<p>SAFETRON 5250 schakelt uit in 0,3 seconden en daarom is normaal gesproken geen apart dagslot nodig op hoogfrequente deuren.<\/p>\n<p>Typische toepassingsgebieden zijn dag-, nacht- en veiligheidsvergrendelingen in handel, kantoren en industrie. Het slot voldoet aan de eisen behorend bij SS 3079 slotklasse 3. Het motorslot is voorzien van een versterkte rechte zuiger voor maximale sterkte.<\/p>\n<p>\u2022 Doorndiepte: 50 mm<\/p>\n<p>\u2022 Richtzuiger<\/p>\n<p>\u2022 Valzuiger<\/p>\n<p>\u2022 Uitgeschakeld gedurende 0,3 seconden<\/p>\n<p>\u2022 Aangepast voor deurautomatisering<\/p>\n<p>\u2022 Gecertificeerd volgens SS-EN 14846<\/p>\n<p>De besturingseenheid beschikt over dubbele klemmenrijen (NC\/NO) en de volgende relaisfunctie:<\/p>\n<p>\u2022 Potentiaalvrije openingsimpuls<\/p>\n<p>\u2022 Timer\/noodopening<\/p>\n<p>\u2022 Externe deurmagneet<\/p>\n<p>\u2022 Alarm<\/p>\n<p>\u2022 Deur gesloten<\/p>\n<p>\u2022 Uitsluiten<\/p>\n<p>\u2022 Openingstijd instellen 1-25 s<\/p>\n<p>\u2022 Alarm bij kabelverlies<\/p>\n<p>\u2022 Openingsimpulsspanning<\/p>\n<p>\u2022 Dagblokkering<\/p>\n<p>\u2022 Deur open<\/p>\n<p>\u2022 Alarmknopfunctie<\/p>\n<p>\u2022 Regel binnen<\/p>\n<p>\u2022 Impulssignaal<\/p>\n<p>\u2022 Spanning: 10-35 VDC\/ 8-24 VAC<\/p>\n<p>\u2022 Stroomverbruik: 50-350 mA<\/p>","protected":false},"excerpt":{"rendered":"<p>SAFETRON motorl\u00e5s 5250 i satsf\u00f6rpackning. Satsf\u00f6rpackningen inneh\u00e5ller: motorl\u00e5s 5250, styrenhet 5000, anslutningskabel C01 (10m), slutbleck 106-2 samt karm\u00f6verf\u00f6ring CT81. SAFETRON 5250 fr\u00e5nreglar under 0.3 sekunder och d\u00e4rf\u00f6r beh\u00f6vs normalt sett<\/p>","protected":false},"featured_media":142084,"template":"","meta":{"_acf_changed":false},"product_brand":[],"product_cat":[2874],"product_tag":[4512,4500,4866,4511],"class_list":{"0":"post-149411","1":"product","2":"type-product","3":"status-publish","4":"has-post-thumbnail","6":"product_cat-motorlas","7":"product_tag-motorlas-komplett-kpl","8":"product_tag-rel-safetron-motorlas","9":"product_tag-safetron-20","10":"product_tag-safetron-eltryckeslas","11":"product_shipping_class-tunga-paket","12":"pa_brands-7safetron","13":"tm-no-options","15":"first","16":"instock","17":"sale","18":"featured","19":"taxable","20":"shipping-taxable","21":"purchasable","22":"product-type-simple"},"acf":[],"_links":{"self":[{"href":"https:\/\/secureus.se\/nl\/wp-json\/wp\/v2\/product\/149411","targetHints":{"allow":["GET"]}}],"collection":[{"href":"https:\/\/secureus.se\/nl\/wp-json\/wp\/v2\/product"}],"about":[{"href":"https:\/\/secureus.se\/nl\/wp-json\/wp\/v2\/types\/product"}],"wp:featuredmedia":[{"embeddable":true,"href":"https:\/\/secureus.se\/nl\/wp-json\/wp\/v2\/media\/142084"}],"wp:attachment":[{"href":"https:\/\/secureus.se\/nl\/wp-json\/wp\/v2\/media?parent=149411"}],"wp:term":[{"taxonomy":"product_brand","embeddable":true,"href":"https:\/\/secureus.se\/nl\/wp-json\/wp\/v2\/product_brand?post=149411"},{"taxonomy":"product_cat","embeddable":true,"href":"https:\/\/secureus.se\/nl\/wp-json\/wp\/v2\/product_cat?post=149411"},{"taxonomy":"product_tag","embeddable":true,"href":"https:\/\/secureus.se\/nl\/wp-json\/wp\/v2\/product_tag?post=149411"}],"curies":[{"name":"wp","href":"https:\/\/api.w.org\/{rel}","templated":true}]}}