{"id":149413,"date":"2022-07-04T07:50:05","date_gmt":"2022-07-04T05:50:05","guid":{"rendered":"https:\/\/secureus.se\/ellas-sl621-omvand\/"},"modified":"2026-01-12T15:22:28","modified_gmt":"2026-01-12T14:22:28","slug":"ellas-sl621-omvand","status":"publish","type":"product","link":"https:\/\/secureus.se\/nl\/ellas-sl621-omvand\/","title":{"rendered":"Safetron Electric Lock SL621 omkeerbare slotbehuizing"},"content":{"rendered":"<h1>Safetron Electric Lock SL621 omkeerbare slotbehuizing<\/h1>\n<p>De SAFETRON SL621 is de volgende generatie multifunctionele elektrische drukknopsloten met splitfunctie en gepatenteerde hybride technologie.<\/p>\n<p>Typische toepassingsgebieden zijn de interne vergrendeling van veelgebruikte deuren in commerci\u00eble gebouwen, ziekenhuizen, scholen, industrie\u00ebn en appartementencomplexen waar een hoge operationele betrouwbaarheid vereist is.<\/p>\n<p>De vergrendeling, de beweging van de drukknop en de status van de deur worden aangegeven via een magnetisch contact en een knopindicator. De knopindicator maakt het mogelijk om een alarm te activeren in geval van onbevoegde toegang tot de cilinder.<\/p>\n<p>De SL621 heeft de omgekeerde functie.<\/p>\n<p>De SAFETRON SL621 beschikt over een gepatenteerde hybride technologie waarmee de plaatsing van de zuiger kan worden aangepast.<\/p>\n<p>Dit betekent dat het slot gebruikt kan worden in combinatie met sluitplaten en kozijnuitsparingen die geschikt zijn voor zowel de ASSA connect als de ASSA classic moduleserie.<\/p>\n<p>Dit geldt voor zowel oudere als nieuwere deuren. De positie van de zuiger is net zo eenvoudig aan te passen als bij een traditionele omkering van de zuiger.<\/p>\n<p>De SAFETRON SL621 is instelbaar tussen een enkelvoudige functie, die elektrische activering vanaf beide zijden mogelijk maakt (dubbele kaartlezers), en een gesplitste functie, wat betekent dat de buitenste drukknop elektrisch wordt bediend, terwijl de binnenste drukknop altijd mechanisch is ingeschakeld en dus altijd een mechanische uitgang mogelijk maakt.<\/p>\n<p>Door de vergrendelingsfunctie in gesplitste stand te gebruiken, is een openingsknop of toegangscontrole aan de binnenzijde overbodig.<\/p>\n<div class=\"tabRow\"><span class=\"bold\">Spanning<\/span>12-24VDC (-10%\/+15%)<\/div>\n<div class=\"tabRow\"><span class=\"bold\">Stroomverbruik<\/span>12VDC: 70mA<br \/>\n24VDC: 40mA<\/div>\n<div class=\"tabRow\"><span class=\"bold\">Temperatuurbereik<\/span>-20\u00b0C \u2013 +40\u00b0C<\/div>\n<div class=\"tabRow\"><span class=\"bold\">Functie<\/span>Inverse functie<\/div>\n<div class=\"tabRow\"><span class=\"bold\">Brandclassificatie<\/span>Ja (E\/EI 120)<\/div>\n<div class=\"tabRow\"><span class=\"bold\">Signalen<\/span>Vergrendeling, beweging met drukknop, deurstatus, cilinder<\/div>","protected":false},"excerpt":{"rendered":"<p>Safetron Ell\u00e5s SL621 omv\u00e4ndbart l\u00e5shus SAFETRON SL621 \u00e4r n\u00e4sta generationens multifunktionella eltryckesl\u00e5s med split funktion och patenterad hybridteknologi. Typiska anv\u00e4ndningsomr\u00e5den \u00e4r intern l\u00e5sning av h\u00f6gfrekventa d\u00f6rrar i aff\u00e4rsbyggnader, sjukhus, skolor,<\/p>","protected":false},"featured_media":141986,"template":"","meta":{"_acf_changed":false},"product_brand":[],"product_cat":[2429],"product_tag":[2286,4510,4866,4511],"class_list":{"0":"post-149413","1":"product","2":"type-product","3":"status-publish","4":"has-post-thumbnail","6":"product_cat-ellas","7":"product_tag-ellas-eltryckeslas","8":"product_tag-rel-safetron-eltryckeslas","9":"product_tag-safetron-20","10":"product_tag-safetron-eltryckeslas","11":"product_shipping_class-tunga-paket","12":"tm-no-options","14":"first","15":"instock","16":"sale","17":"featured","18":"taxable","19":"shipping-taxable","20":"purchasable","21":"product-type-simple"},"acf":[],"_links":{"self":[{"href":"https:\/\/secureus.se\/nl\/wp-json\/wp\/v2\/product\/149413","targetHints":{"allow":["GET"]}}],"collection":[{"href":"https:\/\/secureus.se\/nl\/wp-json\/wp\/v2\/product"}],"about":[{"href":"https:\/\/secureus.se\/nl\/wp-json\/wp\/v2\/types\/product"}],"wp:featuredmedia":[{"embeddable":true,"href":"https:\/\/secureus.se\/nl\/wp-json\/wp\/v2\/media\/141986"}],"wp:attachment":[{"href":"https:\/\/secureus.se\/nl\/wp-json\/wp\/v2\/media?parent=149413"}],"wp:term":[{"taxonomy":"product_brand","embeddable":true,"href":"https:\/\/secureus.se\/nl\/wp-json\/wp\/v2\/product_brand?post=149413"},{"taxonomy":"product_cat","embeddable":true,"href":"https:\/\/secureus.se\/nl\/wp-json\/wp\/v2\/product_cat?post=149413"},{"taxonomy":"product_tag","embeddable":true,"href":"https:\/\/secureus.se\/nl\/wp-json\/wp\/v2\/product_tag?post=149413"}],"curies":[{"name":"wp","href":"https:\/\/api.w.org\/{rel}","templated":true}]}}