{"id":149429,"date":"2025-03-28T15:13:50","date_gmt":"2025-03-28T14:13:50","guid":{"rendered":"https:\/\/secureus.se\/?post_type=product&#038;p=149429"},"modified":"2026-03-25T15:31:08","modified_gmt":"2026-03-25T14:31:08","slug":"eltryckeslas-step-122-klassisk-sats-12-24v","status":"publish","type":"product","link":"https:\/\/secureus.se\/nl\/eltryckeslas-step-122-klassisk-sats-12-24v\/","title":{"rendered":"Elektrische duwvergrendeling STEP 122 Classic Set 12-24V"},"content":{"rendered":"<h1>Elektrische duwvergrendeling STEP 122 Classic Set 12-24V<\/h1>\n<div>STEP 122 is een duurzaam elektrisch drukslot van roestvrij staal met een klassieke zuigerplaatsing en diverse flexibele functies.<\/div>\n<div>Het ontwerp is ontwikkeld volgens de erkende hoge kwaliteitseisen van STEP, waardoor krachtige prestaties met een hoge operationele betrouwbaarheid worden gegarandeerd.<\/div>\n<div>Het slot kan worden gebruikt in deuromgevingen met zowel brand- als evacuatievereisten en is geschikt voor gebruik in combinatie met elektrische sluitplaten.<\/div>\n<div>CE-markering volgens SS-EN 14846:2008 in brandklasse E\/EI120.<\/p>\n<p><b>Het setpakket bevat:<\/b><br \/>\nElektrische duwvergrendeling Step 122 24V, aansluitkabel (10 m) en frame-overbrenging.<\/div>\n<div><\/div>\n<div><b>Eigenschappen:<\/b><\/div>\n<div>\n<ul>\n<li>Klassieke zuigerplaatsing.<\/li>\n<li>Gecertificeerd voor brandwerendheid tot klasse E\/EI 120.<\/li>\n<li>Microschakelaar enkelpolig wisselbaar, max. 30 V gelijkstroom, 1 A.<\/li>\n<li>Ingebouwde microschakelaars geven gesloten en vergrendelde posities aan, evenals drukbediening.<\/li>\n<li>Ingebouwde beveiligingsdiode.<\/li>\n<li>Omkeerbaar, geschikt voor rechter- en linkerdeuren.<\/li>\n<li>Omschakelbare vooruit-\/achteruitfunctie.<\/li>\n<li>Schakelbare elektrisch\/mechanisch bedienbare zijde.<\/li>\n<li>Aangepast voor ronde en ovale Scandinavische cilinders.<\/li>\n<li>Doorndiepte 50 mm.<\/li>\n<li>Rebounddruk wordt aanbevolen.<\/li>\n<\/ul>\n<\/div>\n<div><\/div>\n<div><b>Technische gegevens:<\/b><\/div>\n<div>\n<ul>\n<li>Bedrijfsspanning: 24 V DC + 15 % \u2013 10 %.<\/li>\n<li>Stroomverbruik: maximaal 60 mA.<\/li>\n<li>Duurzaamheid: klasse X volgens SS-EN 14846.<\/li>\n<\/ul>\n<\/div>","protected":false},"excerpt":{"rendered":"<p>Eltryckesl\u00e5s STEP 122 Klassisk Sats 12-24V STEP 122 \u00e4r ett slitstarkt eltryckesl\u00e5s i rostfritt st\u00e5l med klassisk kolvplacering och flera flexibla egenskaper. Konstruktionen \u00e4r framtagen med STEPs erk\u00e4nt h\u00f6ga kvalitetskrav<\/p>","protected":false},"featured_media":149428,"template":"","meta":{"_acf_changed":false},"product_brand":[],"product_cat":[2429],"product_tag":[2290],"class_list":{"0":"post-149429","1":"product","2":"type-product","3":"status-publish","4":"has-post-thumbnail","6":"product_cat-ellas","7":"product_tag-ellas-komplett-sats-kpl","8":"pa_brands-step","9":"tm-no-options","11":"first","12":"onbackorder","13":"sale","14":"taxable","15":"shipping-taxable","16":"purchasable","17":"product-type-simple"},"acf":[],"_links":{"self":[{"href":"https:\/\/secureus.se\/nl\/wp-json\/wp\/v2\/product\/149429","targetHints":{"allow":["GET"]}}],"collection":[{"href":"https:\/\/secureus.se\/nl\/wp-json\/wp\/v2\/product"}],"about":[{"href":"https:\/\/secureus.se\/nl\/wp-json\/wp\/v2\/types\/product"}],"wp:featuredmedia":[{"embeddable":true,"href":"https:\/\/secureus.se\/nl\/wp-json\/wp\/v2\/media\/149428"}],"wp:attachment":[{"href":"https:\/\/secureus.se\/nl\/wp-json\/wp\/v2\/media?parent=149429"}],"wp:term":[{"taxonomy":"product_brand","embeddable":true,"href":"https:\/\/secureus.se\/nl\/wp-json\/wp\/v2\/product_brand?post=149429"},{"taxonomy":"product_cat","embeddable":true,"href":"https:\/\/secureus.se\/nl\/wp-json\/wp\/v2\/product_cat?post=149429"},{"taxonomy":"product_tag","embeddable":true,"href":"https:\/\/secureus.se\/nl\/wp-json\/wp\/v2\/product_tag?post=149429"}],"curies":[{"name":"wp","href":"https:\/\/api.w.org\/{rel}","templated":true}]}}