{"id":149876,"date":"2025-04-03T14:19:27","date_gmt":"2025-04-03T12:19:27","guid":{"rendered":"https:\/\/secureus.se\/apollo-55000-137apo-65-series-cs-varmedetektor-vit\/"},"modified":"2026-04-23T13:12:11","modified_gmt":"2026-04-23T11:12:11","slug":"apollo-55000-137apo-65-series-cs-varmedetektor-vit","status":"publish","type":"product","link":"https:\/\/secureus.se\/nl\/apollo-55000-137apo-65-series-cs-varmedetektor-vit\/","title":{"rendered":"Apollo 55000-137APO 65-serie, CS-hittedetector, wit"},"content":{"rendered":"<h1>Apollo 55000-137APO 65-serie, CS-hittedetector, wit<\/h1>\n<p class=\"\" data-start=\"453\" data-end=\"821\">De Apollo 55000-137APO 65-serie CS-hittedetector maakt gebruik van een NTC-thermistornetwerk om de temperatuur te bewaken en levert een spanning die evenredig is met de buitentemperatuur.<\/p>\n<p class=\"\" data-start=\"453\" data-end=\"821\">Het is ideaal voor toepassingen waarbij rookmelders niet gebruikt kunnen worden, zoals in vuile of rokerige omgevingen waar dergelijke melders vals alarm kunnen geven.<\/p>\n<p class=\"\" data-start=\"823\" data-end=\"1197\">De meter heeft een breed bedrijfsvoltage van 9\u201333V DC en kan worden gebruikt in verschillende omgevingen, waaronder omgevingen met een hoge luchtvochtigheid (0%\u201395% RH) en omgevingen waar betrouwbare temperatuurbewaking vereist is.<\/p>\n<p class=\"\" data-start=\"823\" data-end=\"1197\">De CS-versie heeft \u00e9\u00e9n enkele NTC-thermistor voor snellere en effici\u00ebntere temperatuurmeting. De hittemelder beschikt bovendien over een IP54-classificatie, waardoor hij geschikt is voor zowel binnen- als buitengebruik in extreme omstandigheden.<\/p>\n<p class=\"\" data-start=\"1199\" data-end=\"1219\"><strong data-start=\"1199\" data-end=\"1218\">Specificaties<\/strong>:<\/p>\n<ul data-start=\"1220\" data-end=\"1705\">\n<li class=\"\" data-start=\"1220\" data-end=\"1246\">\n<p class=\"\" data-start=\"1222\" data-end=\"1246\"><strong data-start=\"1222\" data-end=\"1236\">Stroombron<\/strong>: 9\u201333V DC<\/p>\n<\/li>\n<li class=\"\" data-start=\"1247\" data-end=\"1274\">\n<p class=\"\" data-start=\"1249\" data-end=\"1274\"><strong data-start=\"1249\" data-end=\"1257\">Meeteenheid<\/strong>: \u00d8100mm x 42mm<\/p>\n<\/li>\n<li class=\"\" data-start=\"1275\" data-end=\"1291\">\n<p class=\"\" data-start=\"1277\" data-end=\"1291\"><strong data-start=\"1277\" data-end=\"1285\">Gewicht<\/strong>: 80 g<\/p>\n<\/li>\n<li class=\"\" data-start=\"1292\" data-end=\"1307\">\n<p class=\"\" data-start=\"1294\" data-end=\"1307\"><strong data-start=\"1294\" data-end=\"1302\">Verf<\/strong>: Wit<\/p>\n<\/li>\n<li class=\"\" data-start=\"1308\" data-end=\"1394\">\n<p class=\"\" data-start=\"1310\" data-end=\"1394\"><strong data-start=\"1310\" data-end=\"1324\">Temperatuur<\/strong>: A1R: \u201320\u00b0C tot +50\u00b0C, BR: \u201320\u00b0C tot +65\u00b0C, CS\/CR: \u201320\u00b0C tot +80\u00b0C<\/p>\n<\/li>\n<li class=\"\" data-start=\"1395\" data-end=\"1458\">\n<p class=\"\" data-start=\"1397\" data-end=\"1458\"><strong data-start=\"1397\" data-end=\"1410\">Vochtigheid<\/strong>: 0% tot 95% RH (zonder condensatie of ijsvorming)<\/p>\n<\/li>\n<li class=\"\" data-start=\"1459\" data-end=\"1479\">\n<p class=\"\" data-start=\"1461\" data-end=\"1479\"><strong data-start=\"1461\" data-end=\"1473\">IP-klasse<\/strong>: IP54<\/p>\n<\/li>\n<li class=\"\" data-start=\"1480\" data-end=\"1519\">\n<p class=\"\" data-start=\"1482\" data-end=\"1519\"><strong data-start=\"1482\" data-end=\"1493\">Garantie<\/strong>: Beperkte garantie van 10 jaar<\/p>\n<\/li>\n<li class=\"\" data-start=\"1520\" data-end=\"1571\">\n<p class=\"\" data-start=\"1522\" data-end=\"1571\"><strong data-start=\"1522\" data-end=\"1540\">Verenigbaarheid<\/strong>: Serie 60 en Serie 65 bases<\/p>\n<\/li>\n<li class=\"\" data-start=\"1572\" data-end=\"1603\">\n<p class=\"\" data-start=\"1574\" data-end=\"1603\"><strong data-start=\"1574\" data-end=\"1595\">Verbindingstechnologie<\/strong>: Met schroefdraad<\/p>\n<\/li>\n<li class=\"\" data-start=\"1604\" data-end=\"1705\">\n<p class=\"\" data-start=\"1606\" data-end=\"1705\"><strong data-start=\"1606\" data-end=\"1618\">Voordelen<\/strong>: Ideaal voor omgevingen waar rookmelders niet geschikt zijn, vuile of rokerige ruimtes<\/p>\n<\/li>\n<\/ul>\n<p>&nbsp;<\/p>","protected":false},"excerpt":{"rendered":"<p>De Apollo 55000-137APO 65-serie CS-hittedetector is een betrouwbare detector voor temperatuurbewaking met behulp van een NTC-thermistornetwerk.<\/p>\n<p>Het is ideaal voor gebruik in omgevingen waar rookmelders niet geschikt zijn, zoals vuile of rokerige ruimtes.<\/p>\n<p>Het heeft een breed bedrijfsspanningsbereik en voldoet aan de internationale veiligheidsnormen.<\/p>","protected":false},"featured_media":149875,"template":"","meta":{"_acf_changed":false},"product_brand":[],"product_cat":[4747,4157],"product_tag":[],"class_list":{"0":"post-149876","1":"product","2":"type-product","3":"status-publish","4":"has-post-thumbnail","6":"product_cat-65-serien","7":"product_cat-varmedetektor","8":"pa_brands-apollo-fire-detectors","9":"tm-no-options","11":"first","12":"instock","13":"sale","14":"taxable","15":"shipping-taxable","16":"purchasable","17":"product-type-simple"},"acf":[],"_links":{"self":[{"href":"https:\/\/secureus.se\/nl\/wp-json\/wp\/v2\/product\/149876","targetHints":{"allow":["GET"]}}],"collection":[{"href":"https:\/\/secureus.se\/nl\/wp-json\/wp\/v2\/product"}],"about":[{"href":"https:\/\/secureus.se\/nl\/wp-json\/wp\/v2\/types\/product"}],"wp:featuredmedia":[{"embeddable":true,"href":"https:\/\/secureus.se\/nl\/wp-json\/wp\/v2\/media\/149875"}],"wp:attachment":[{"href":"https:\/\/secureus.se\/nl\/wp-json\/wp\/v2\/media?parent=149876"}],"wp:term":[{"taxonomy":"product_brand","embeddable":true,"href":"https:\/\/secureus.se\/nl\/wp-json\/wp\/v2\/product_brand?post=149876"},{"taxonomy":"product_cat","embeddable":true,"href":"https:\/\/secureus.se\/nl\/wp-json\/wp\/v2\/product_cat?post=149876"},{"taxonomy":"product_tag","embeddable":true,"href":"https:\/\/secureus.se\/nl\/wp-json\/wp\/v2\/product_tag?post=149876"}],"curies":[{"name":"wp","href":"https:\/\/api.w.org\/{rel}","templated":true}]}}