{"id":149888,"date":"2025-04-03T14:15:46","date_gmt":"2025-04-03T12:15:46","guid":{"rendered":"https:\/\/secureus.se\/apollo-58100-971mar-discovery-marine-manuell-anropspunkt-isolerande\/"},"modified":"2026-04-09T11:24:47","modified_gmt":"2026-04-09T09:24:47","slug":"apollo-58100-971mar-discovery-marine-manuell-anropspunkt-isolerande","status":"publish","type":"product","link":"https:\/\/secureus.se\/nl\/apollo-58100-971mar-discovery-marine-manuell-anropspunkt-isolerande\/","title":{"rendered":"Apollo 58100-971MAR Discovery Marine handbrandmelder, isolerend"},"content":{"rendered":"<h1>Apollo 58100-971MAR Discovery Marine handbrandmelder, isolerend<\/h1>\n<p class=\"\" data-start=\"434\" data-end=\"805\">De Apollo 58100-971MAR Discovery Marine Handmatige Indicatie-oproeppost (MCP) maakt deel uit van de Discovery-serie en is speciaal ontworpen voor gebruik in maritieme binnentoepassingen.<\/p>\n<p class=\"\" data-start=\"434\" data-end=\"805\">Het oproeppunt beschikt over een DIL-schakelaar met zeven segmenten voor eenvoudige adressering tijdens de inbedrijfstelling en maakt gebruik van een snel responsmechanisme dat het normale protocol bij activering onderbreekt.<\/p>\n<p class=\"\" data-start=\"807\" data-end=\"1177\">Het beschikt over een tweekleurige LED-indicator die de isolatie- en normale status aangeeft, en een rode LED die oplicht wanneer het oproeppunt geactiveerd is.<\/p>\n<p class=\"\" data-start=\"807\" data-end=\"1177\">Om de installatie te vereenvoudigen, wordt het brandmeldpunt geleverd met klembare aansluitklemmen en een connector waarmee de continu\u00efteit kan worden getest v\u00f3\u00f3r de installatie.<\/p>\n<p class=\"\" data-start=\"807\" data-end=\"1177\">De ge\u00efsoleerde uitvoering van het brandmelder geeft ook aan dat er sprake is van kortsluiting in de bedrading.<\/p>\n<p class=\"\" data-start=\"1179\" data-end=\"1473\">Het apparaat wordt bediend met een resetbaar element en wordt geleverd met een inbouwdoos voor opbouwmontage.<\/p>\n<p class=\"\" data-start=\"1179\" data-end=\"1473\">Voor extra bescherming kan een transparant scharnierend deksel met vergrendelingslip worden gemonteerd om onbedoelde bediening te voorkomen. Dit kan echter wel van invloed zijn op de naleving van bepaalde normen als het deksel gesloten is.<\/p>\n<p class=\"\" data-start=\"1475\" data-end=\"1495\"><strong data-start=\"1475\" data-end=\"1494\">Specificaties<\/strong>:<\/p>\n<ul data-start=\"1496\" data-end=\"1970\">\n<li class=\"\" data-start=\"1496\" data-end=\"1534\">\n<p class=\"\" data-start=\"1498\" data-end=\"1534\"><strong data-start=\"1498\" data-end=\"1512\">Stroombron<\/strong>: 24V DC, 5V DC, 9V DC<\/p>\n<\/li>\n<li class=\"\" data-start=\"1535\" data-end=\"1620\">\n<p class=\"\" data-start=\"1537\" data-end=\"1620\"><strong data-start=\"1537\" data-end=\"1551\">Functies<\/strong>: Resetbaar element, LED-indicator, Plug &amp; Play, continu\u00efteitsverbinding<\/p>\n<\/li>\n<li class=\"\" data-start=\"1621\" data-end=\"1656\">\n<p class=\"\" data-start=\"1623\" data-end=\"1656\"><strong data-start=\"1623\" data-end=\"1650\">Maximale bedrijfstemperatuur<\/strong>: 60\u00b0C<\/p>\n<\/li>\n<li class=\"\" data-start=\"1657\" data-end=\"1693\">\n<p class=\"\" data-start=\"1659\" data-end=\"1693\"><strong data-start=\"1659\" data-end=\"1686\">Minimale bedrijfstemperatuur<\/strong>: \u201320\u00b0C<\/p>\n<\/li>\n<li class=\"\" data-start=\"1694\" data-end=\"1729\">\n<p class=\"\" data-start=\"1696\" data-end=\"1729\"><strong data-start=\"1696\" data-end=\"1704\">Meeteenheid<\/strong>: Breedte 89 mm, Diepte 60 mm<\/p>\n<\/li>\n<li class=\"\" data-start=\"1730\" data-end=\"1745\">\n<p class=\"\" data-start=\"1732\" data-end=\"1745\"><strong data-start=\"1732\" data-end=\"1740\">Verf<\/strong>: Rood<\/p>\n<\/li>\n<li class=\"\" data-start=\"1746\" data-end=\"1779\">\n<p class=\"\" data-start=\"1748\" data-end=\"1779\"><strong data-start=\"1748\" data-end=\"1760\">Materiaal<\/strong>: ABS, Polycarbonaat<\/p>\n<\/li>\n<li class=\"\" data-start=\"1780\" data-end=\"1827\">\n<p class=\"\" data-start=\"1782\" data-end=\"1827\"><strong data-start=\"1782\" data-end=\"1799\">Montage type<\/strong>: Inbouw, Opbouw<\/p>\n<\/li>\n<li class=\"\" data-start=\"1828\" data-end=\"1867\">\n<p class=\"\" data-start=\"1830\" data-end=\"1867\"><strong data-start=\"1830\" data-end=\"1841\">Garantie<\/strong>: Beperkte garantie van 10 jaar<\/p>\n<\/li>\n<li class=\"\" data-start=\"1868\" data-end=\"1905\">\n<p class=\"\" data-start=\"1870\" data-end=\"1905\"><strong data-start=\"1870\" data-end=\"1888\">Verenigbaarheid<\/strong>: Ontdekking, XP95<\/p>\n<\/li>\n<li class=\"\" data-start=\"1906\" data-end=\"1936\">\n<p class=\"\" data-start=\"1908\" data-end=\"1936\"><strong data-start=\"1908\" data-end=\"1926\">Certificeringen<\/strong>: CE-gemarkeerd<\/p>\n<\/li>\n<li class=\"\" data-start=\"1937\" data-end=\"1970\">\n<p class=\"\" data-start=\"1939\" data-end=\"1970\"><strong data-start=\"1939\" data-end=\"1953\">Gebruik<\/strong>: Binnen, Marine<\/p>\n<\/li>\n<\/ul>","protected":false},"excerpt":{"rendered":"<p>De Apollo 58100-971MAR Discovery Marine handbrandmelder is een snelle en betrouwbare oplossing voor het activeren van brandalarmen in maritieme toepassingen.<\/p>\n<p>Het beschikt over &#039;Plug and Play&#039;-aansluitingen voor eenvoudige installatie, een continu\u00efteitsverbinding voor kabeltesten en meldt een alarm in minder dan 0,2 seconden.<\/p>","protected":false},"featured_media":149887,"template":"","meta":{"_acf_changed":false},"product_brand":[],"product_cat":[4748],"product_tag":[],"class_list":{"0":"post-149888","1":"product","2":"type-product","3":"status-publish","4":"has-post-thumbnail","6":"product_cat-discovery-serien","7":"pa_brands-apollo-fire-detectors","8":"tm-no-options","10":"first","11":"instock","12":"taxable","13":"shipping-taxable","14":"purchasable","15":"product-type-simple"},"acf":[],"_links":{"self":[{"href":"https:\/\/secureus.se\/nl\/wp-json\/wp\/v2\/product\/149888","targetHints":{"allow":["GET"]}}],"collection":[{"href":"https:\/\/secureus.se\/nl\/wp-json\/wp\/v2\/product"}],"about":[{"href":"https:\/\/secureus.se\/nl\/wp-json\/wp\/v2\/types\/product"}],"wp:featuredmedia":[{"embeddable":true,"href":"https:\/\/secureus.se\/nl\/wp-json\/wp\/v2\/media\/149887"}],"wp:attachment":[{"href":"https:\/\/secureus.se\/nl\/wp-json\/wp\/v2\/media?parent=149888"}],"wp:term":[{"taxonomy":"product_brand","embeddable":true,"href":"https:\/\/secureus.se\/nl\/wp-json\/wp\/v2\/product_brand?post=149888"},{"taxonomy":"product_cat","embeddable":true,"href":"https:\/\/secureus.se\/nl\/wp-json\/wp\/v2\/product_cat?post=149888"},{"taxonomy":"product_tag","embeddable":true,"href":"https:\/\/secureus.se\/nl\/wp-json\/wp\/v2\/product_tag?post=149888"}],"curies":[{"name":"wp","href":"https:\/\/api.w.org\/{rel}","templated":true}]}}