{"id":149906,"date":"2025-04-03T14:12:35","date_gmt":"2025-04-03T12:12:35","guid":{"rendered":"https:\/\/secureus.se\/apollo-55100-021mar-konventionell-manuell-anropssignal-for-sjofarten-en-54-11-certifierad-rod\/"},"modified":"2026-04-23T13:12:53","modified_gmt":"2026-04-23T11:12:53","slug":"apollo-55100-021mar-konventionell-manuell-anropssignal-for-sjofarten-en-54-11-certifierad-rod","status":"publish","type":"product","link":"https:\/\/secureus.se\/nl\/apollo-55100-021mar-konventionell-manuell-anropssignal-for-sjofarten-en-54-11-certifierad-rod\/","title":{"rendered":"Apollo 55100-021MAR Conventionele handmatige maritieme roepnaam, EN 54-11 gecertificeerd, rood"},"content":{"rendered":"<h1>Apollo 55100-021MAR Conventionele handmatige maritieme roepnaam<\/h1>\n<p class=\"\" data-start=\"403\" data-end=\"825\">De conventionele handmatige roepnaam Apollo 55100-021MAR is ontworpen voor gebruik in branddetectiesystemen op zee.<\/p>\n<p class=\"\" data-start=\"403\" data-end=\"825\">Het heeft een mechanisme dat eenvoudig opnieuw ingesteld kan worden in plaats van glas, waardoor het duurzamer en veiliger is voor gebruik op schepen en maritieme faciliteiten.<\/p>\n<p class=\"\" data-start=\"403\" data-end=\"825\">De roepnaam wordt geleverd met een opbouwdoos en een \u201cPlug and Play\u201d-installatie, waardoor de bedrading snel en effici\u00ebnt verloopt.<\/p>\n<p class=\"\" data-start=\"827\" data-end=\"1168\">Deze unit is uitgerust met een continu\u00efteitsverbinding waarmee kabels v\u00f3\u00f3r inbedrijfstelling kunnen worden getest. Hierdoor worden zowel de veiligheid als de installatie-effici\u00ebntie verbeterd.<\/p>\n<p class=\"\" data-start=\"827\" data-end=\"1168\">Zodra het oproepsignaal is geactiveerd, kunt u het resetten door een testsleutel in de onderkant van het apparaat te steken en deze vast te klikken.<\/p>\n<p class=\"\" data-start=\"827\" data-end=\"1168\">Het rode lampje brandt wanneer het apparaat geactiveerd is.<\/p>\n<p class=\"\" data-start=\"1170\" data-end=\"1327\">Deze roepnaam is goedgekeurd volgens EN 54-11 en de Richtlijn inzake maritieme uitrusting 96\/98\/EG, en is daardoor betrouwbaar en veilig voor gebruik in maritieme omgevingen.<\/p>\n<p class=\"\" data-start=\"1329\" data-end=\"1349\"><strong data-start=\"1329\" data-end=\"1348\">Specificaties<\/strong>:<\/p>\n<ul data-start=\"1350\" data-end=\"1869\">\n<li class=\"\" data-start=\"1350\" data-end=\"1374\">\n<p class=\"\" data-start=\"1352\" data-end=\"1374\"><strong data-start=\"1352\" data-end=\"1366\">Stroombron<\/strong>: 30V DC<\/p>\n<\/li>\n<li class=\"\" data-start=\"1375\" data-end=\"1402\">\n<p class=\"\" data-start=\"1377\" data-end=\"1402\"><strong data-start=\"1377\" data-end=\"1385\">Meeteenheid<\/strong>: 93 mm x 59,5 mm<\/p>\n<\/li>\n<li class=\"\" data-start=\"1403\" data-end=\"1418\">\n<p class=\"\" data-start=\"1405\" data-end=\"1418\"><strong data-start=\"1405\" data-end=\"1413\">Verf<\/strong>: Rood<\/p>\n<\/li>\n<li class=\"\" data-start=\"1419\" data-end=\"1436\">\n<p class=\"\" data-start=\"1421\" data-end=\"1436\"><strong data-start=\"1421\" data-end=\"1429\">Gewicht<\/strong>: 180 gr<\/p>\n<\/li>\n<li class=\"\" data-start=\"1437\" data-end=\"1505\">\n<p class=\"\" data-start=\"1439\" data-end=\"1505\"><strong data-start=\"1439\" data-end=\"1453\">Temperatuur<\/strong>: Binnen \u201310\u00b0C tot +55\u00b0C, Buiten \u201325\u00b0C tot +70\u00b0C<\/p>\n<\/li>\n<li class=\"\" data-start=\"1506\" data-end=\"1546\">\n<p class=\"\" data-start=\"1508\" data-end=\"1546\"><strong data-start=\"1508\" data-end=\"1521\">Vochtigheid<\/strong>: 0-93% RH (zonder condensatie)<\/p>\n<\/li>\n<li class=\"\" data-start=\"1547\" data-end=\"1592\">\n<p class=\"\" data-start=\"1549\" data-end=\"1592\"><strong data-start=\"1549\" data-end=\"1561\">IP-klasse<\/strong>: Binnen: IP24D, Buiten: IP67<\/p>\n<\/li>\n<li class=\"\" data-start=\"1593\" data-end=\"1652\">\n<p class=\"\" data-start=\"1595\" data-end=\"1652\"><strong data-start=\"1595\" data-end=\"1607\">Materiaal<\/strong>: Polycarbonaat of ABS afhankelijk van de functie<\/p>\n<\/li>\n<li class=\"\" data-start=\"1653\" data-end=\"1719\">\n<p class=\"\" data-start=\"1655\" data-end=\"1719\"><strong data-start=\"1655\" data-end=\"1673\">Certificeringen<\/strong>: EN54-11, Richtlijn maritieme uitrusting 96\/98\/EG<\/p>\n<\/li>\n<li class=\"\" data-start=\"1720\" data-end=\"1766\">\n<p class=\"\" data-start=\"1722\" data-end=\"1766\"><strong data-start=\"1722\" data-end=\"1740\">Verenigbaarheid<\/strong>: XP95 Protocolvertaler<\/p>\n<\/li>\n<li class=\"\" data-start=\"1767\" data-end=\"1829\">\n<p class=\"\" data-start=\"1769\" data-end=\"1829\"><strong data-start=\"1769\" data-end=\"1783\">Functies<\/strong>:Resetbaar, \u201cPlug and Play\u201d, Opbouwmontage<\/p>\n<\/li>\n<li class=\"\" data-start=\"1830\" data-end=\"1869\">\n<p class=\"\" data-start=\"1832\" data-end=\"1869\"><strong data-start=\"1832\" data-end=\"1843\">Garantie<\/strong>: Beperkte garantie van 10 jaar<\/p>\n<\/li>\n<\/ul>","protected":false},"excerpt":{"rendered":"<p>De conventionele handmatige maritieme roepnaam Apollo 55100-021MAR is EN 54-11 gecertificeerd en is voorzien van \u201cPlug and Play\u201d-aansluitingen voor snelle installatie.<\/p>\n<p>Het is ideaal voor maritieme toepassingen en beschikt over een continu\u00efteitsverbinding voor het testen van kabels v\u00f3\u00f3r ingebruikname.<\/p>","protected":false},"featured_media":149905,"template":"","meta":{"_acf_changed":false},"product_brand":[],"product_cat":[4749,1830,4828],"product_tag":[],"class_list":{"0":"post-149906","1":"product","2":"type-product","3":"status-publish","4":"has-post-thumbnail","6":"product_cat-orbis-serien","7":"product_cat-brandknappar","8":"product_cat-nodknappar","9":"pa_brands-apollo-fire-detectors","10":"tm-no-options","12":"first","13":"onbackorder","14":"sale","15":"taxable","16":"shipping-taxable","17":"purchasable","18":"product-type-simple"},"acf":[],"_links":{"self":[{"href":"https:\/\/secureus.se\/nl\/wp-json\/wp\/v2\/product\/149906","targetHints":{"allow":["GET"]}}],"collection":[{"href":"https:\/\/secureus.se\/nl\/wp-json\/wp\/v2\/product"}],"about":[{"href":"https:\/\/secureus.se\/nl\/wp-json\/wp\/v2\/types\/product"}],"wp:featuredmedia":[{"embeddable":true,"href":"https:\/\/secureus.se\/nl\/wp-json\/wp\/v2\/media\/149905"}],"wp:attachment":[{"href":"https:\/\/secureus.se\/nl\/wp-json\/wp\/v2\/media?parent=149906"}],"wp:term":[{"taxonomy":"product_brand","embeddable":true,"href":"https:\/\/secureus.se\/nl\/wp-json\/wp\/v2\/product_brand?post=149906"},{"taxonomy":"product_cat","embeddable":true,"href":"https:\/\/secureus.se\/nl\/wp-json\/wp\/v2\/product_cat?post=149906"},{"taxonomy":"product_tag","embeddable":true,"href":"https:\/\/secureus.se\/nl\/wp-json\/wp\/v2\/product_tag?post=149906"}],"curies":[{"name":"wp","href":"https:\/\/api.w.org\/{rel}","templated":true}]}}