{"id":149998,"date":"2025-04-03T14:11:09","date_gmt":"2025-04-03T12:11:09","guid":{"rendered":"https:\/\/secureus.se\/apollo-pp2147-orbis-series-timesaver-detektorbas-med-rela\/"},"modified":"2026-04-09T11:30:26","modified_gmt":"2026-04-09T09:30:26","slug":"apollo-pp2147-orbis-series-timesaver-detektorbas-med-rela","status":"publish","type":"product","link":"https:\/\/secureus.se\/nl\/apollo-pp2147-orbis-series-timesaver-detektorbas-med-rela\/","title":{"rendered":"Apollo PP2147 Orbis-serie TimeSaver detectorbasis met relais"},"content":{"rendered":"<h1>Apollo PP2147 Orbis-serie TimeSaver detectorbasis met relais<\/h1>\n<p class=\"\" data-start=\"501\" data-end=\"880\">De Apollo Orbis TimeSaver melderbasis met relais is ontworpen om de installatie en bediening van branddetectoren te stroomlijnen.<\/p>\n<p class=\"\" data-start=\"501\" data-end=\"880\">De basis is uitgerust met gegroepeerde aansluitingen die de bedrading en installatie vereenvoudigen, maar ook met twee bevestigingspunten en een LED-uitlijnmarkering waarmee installateurs eenvoudig detectoren correct kunnen monteren en kalibreren.<\/p>\n<p class=\"\" data-start=\"882\" data-end=\"1308\">Het relais op de basis is voorzien van een enkelpolig, potentiaalvrij wisselcontact dat wordt geactiveerd wanneer de detector in de alarmmodus gaat.<\/p>\n<p class=\"\" data-start=\"882\" data-end=\"1308\">Hierdoor is verbinding met externe apparatuur en systemen mogelijk en blijft het relais geactiveerd totdat de detector wordt gereset.<\/p>\n<p class=\"\" data-start=\"882\" data-end=\"1308\">De basis is bovendien voorzien van een continu\u00efteitsverbinding waarmee u de spanning van de zonekabels kunt testen v\u00f3\u00f3r de ingebruikname. Zo weet u zeker dat alle verbindingen goed werken voordat u het systeem in gebruik neemt.<\/p>\n<p class=\"\" data-start=\"1310\" data-end=\"1522\">De basis is gemaakt van polycarbonaat, waardoor deze duurzaam en milieuvriendelijk is.<\/p>\n<p class=\"\" data-start=\"1310\" data-end=\"1522\">Het is CE-gemarkeerd en wordt geleverd met 10 jaar garantie. Zo bent u verzekerd van langdurige prestaties en betrouwbaarheid van het branddetectiesysteem.<\/p>\n<p class=\"\" data-start=\"1524\" data-end=\"1554\"><strong data-start=\"1524\" data-end=\"1552\">Belangrijkste kenmerken:<\/strong><\/p>\n<ul data-start=\"1555\" data-end=\"1960\">\n<li class=\"\" data-start=\"1555\" data-end=\"1604\">\n<p class=\"\" data-start=\"1557\" data-end=\"1604\">Gegroepeerde aansluitingen voor eenvoudige bedrading<\/p>\n<\/li>\n<li class=\"\" data-start=\"1605\" data-end=\"1672\">\n<p class=\"\" data-start=\"1607\" data-end=\"1672\">Twee bevestigingspunten en LED-uitlijnmarkering voor eenvoudige installatie<\/p>\n<\/li>\n<li class=\"\" data-start=\"1673\" data-end=\"1754\">\n<p class=\"\" data-start=\"1675\" data-end=\"1754\">Enkelpolig schakelcontact voor externe apparatuur (kan tot 30V schakelen bij 1A)<\/p>\n<\/li>\n<li class=\"\" data-start=\"1755\" data-end=\"1811\">\n<p class=\"\" data-start=\"1757\" data-end=\"1811\">Handleiding voor het strippen van kabels en het vergrendelingsmechanisme van de detector<\/p>\n<\/li>\n<li class=\"\" data-start=\"1812\" data-end=\"1886\">\n<p class=\"\" data-start=\"1814\" data-end=\"1886\">Continu\u00efteitsverbinding voor spanningstesten van zonekabels v\u00f3\u00f3r inbedrijfstelling<\/p>\n<\/li>\n<li class=\"\" data-start=\"1887\" data-end=\"1925\">\n<p class=\"\" data-start=\"1889\" data-end=\"1925\">CE-markering en milieuvriendelijk ontwerp<\/p>\n<\/li>\n<li class=\"\" data-start=\"1926\" data-end=\"1960\">\n<p class=\"\" data-start=\"1928\" data-end=\"1960\">Compatibel met rookmelders<\/p>\n<\/li>\n<\/ul>\n<p class=\"\" data-start=\"1962\" data-end=\"1993\"><strong data-start=\"1962\" data-end=\"1991\">Technische specificaties:<\/strong><\/p>\n<ul data-start=\"1994\" data-end=\"2130\">\n<li class=\"\" data-start=\"1994\" data-end=\"2011\">\n<p class=\"\" data-start=\"1996\" data-end=\"2011\">Diepte: 23,5 mm<\/p>\n<\/li>\n<li class=\"\" data-start=\"2012\" data-end=\"2028\">\n<p class=\"\" data-start=\"2014\" data-end=\"2028\">Kleur: Zilver<\/p>\n<\/li>\n<li class=\"\" data-start=\"2029\" data-end=\"2056\">\n<p class=\"\" data-start=\"2031\" data-end=\"2056\">Materiaal: Polycarbonaat<\/p>\n<\/li>\n<li class=\"\" data-start=\"2057\" data-end=\"2078\">\n<p class=\"\" data-start=\"2059\" data-end=\"2078\">Garantieperiode: 10 jaar<\/p>\n<\/li>\n<li class=\"\" data-start=\"2079\" data-end=\"2110\">\n<p class=\"\" data-start=\"2081\" data-end=\"2110\">Certificeringen: CE-markering<\/p>\n<\/li>\n<li class=\"\" data-start=\"2111\" data-end=\"2130\">\n<p class=\"\" data-start=\"2113\" data-end=\"2130\">Milieuvriendelijk: Ja<\/p>\n<\/li>\n<\/ul>","protected":false},"excerpt":{"rendered":"<p>De Apollo Orbis TimeSaver detectorbasis met relais biedt een eenvoudige en snelle installatieoplossing met gegroepeerde klemmen voor de bedrading, twee bevestigingspunten en een LED-uitlijnmarkering.<\/p>\n<p>Het relais wordt geactiveerd wanneer de detector in de alarmmodus gaat, waardoor externe apparatuur eenvoudig kan worden aangesloten.<\/p>","protected":false},"featured_media":149997,"template":"","meta":{"_acf_changed":false},"product_brand":[],"product_cat":[4749],"product_tag":[],"class_list":{"0":"post-149998","1":"product","2":"type-product","3":"status-publish","4":"has-post-thumbnail","6":"product_cat-orbis-serien","7":"pa_brands-apollo-fire-detectors","8":"tm-no-options","10":"first","11":"instock","12":"taxable","13":"shipping-taxable","14":"purchasable","15":"product-type-simple"},"acf":[],"_links":{"self":[{"href":"https:\/\/secureus.se\/nl\/wp-json\/wp\/v2\/product\/149998","targetHints":{"allow":["GET"]}}],"collection":[{"href":"https:\/\/secureus.se\/nl\/wp-json\/wp\/v2\/product"}],"about":[{"href":"https:\/\/secureus.se\/nl\/wp-json\/wp\/v2\/types\/product"}],"wp:featuredmedia":[{"embeddable":true,"href":"https:\/\/secureus.se\/nl\/wp-json\/wp\/v2\/media\/149997"}],"wp:attachment":[{"href":"https:\/\/secureus.se\/nl\/wp-json\/wp\/v2\/media?parent=149998"}],"wp:term":[{"taxonomy":"product_brand","embeddable":true,"href":"https:\/\/secureus.se\/nl\/wp-json\/wp\/v2\/product_brand?post=149998"},{"taxonomy":"product_cat","embeddable":true,"href":"https:\/\/secureus.se\/nl\/wp-json\/wp\/v2\/product_cat?post=149998"},{"taxonomy":"product_tag","embeddable":true,"href":"https:\/\/secureus.se\/nl\/wp-json\/wp\/v2\/product_tag?post=149998"}],"curies":[{"name":"wp","href":"https:\/\/api.w.org\/{rel}","templated":true}]}}