{"id":150052,"date":"2025-04-03T13:23:18","date_gmt":"2025-04-03T11:23:18","guid":{"rendered":"https:\/\/secureus.se\/apollo-55100-908apo-xp95-series-isolerande-manuell-anropspunkt-en-54-11-certifierad-rod\/"},"modified":"2026-03-27T18:03:11","modified_gmt":"2026-03-27T17:03:11","slug":"apollo-55100-908apo-xp95-series-isolerande-manuell-anropspunkt-en-54-11-certifierad-rod","status":"publish","type":"product","link":"https:\/\/secureus.se\/nl\/apollo-55100-908apo-xp95-series-isolerande-manuell-anropspunkt-en-54-11-certifierad-rod\/","title":{"rendered":"Apollo 55100-908APO XP95-serie, isolerende handbrandmelder, EN 54-11 gecertificeerd, rood"},"content":{"rendered":"<h1>Apollo 55100-908APO XP95-serie, isolerende handbrandmelder, EN 54-11 gecertificeerd, rood<\/h1>\n<p class=\"\" data-start=\"484\" data-end=\"877\">De Apollo 55100-908APO XP95-serie isolerende handbrandmelder (MCP) is een snelle en effectieve manier om brandalarmen te activeren.<\/p>\n<p class=\"\" data-start=\"484\" data-end=\"877\">Wanneer het brandmeldpunt wordt geactiveerd, wordt de pollingcyclus onderbroken voor een zeer snelle reactie, waardoor het alarm in minder dan 0,2 seconde kan worden gemeld.<\/p>\n<p class=\"\" data-start=\"484\" data-end=\"877\">Het is ontworpen voor toepassingen binnenshuis en is compatibel met XP95-, Discovery- en CoreProtocol-systemen.<\/p>\n<p class=\"\" data-start=\"879\" data-end=\"1309\">De isolerende versie van de MCP biedt een veilige oplossing om kortsluitingen in het systeem te voorkomen, terwijl de niet-isolerende versie uitstekend geschikt is voor eenvoudigere toepassingen.<\/p>\n<p class=\"\" data-start=\"879\" data-end=\"1309\">Het oproeppunt is voorzien van een LED-indicator die rood oplicht wanneer het alarm is geactiveerd en geel om een kortsluiting aan te geven.<\/p>\n<p class=\"\" data-start=\"879\" data-end=\"1309\">Een continu\u00efteitsverbinding maakt het mogelijk om kabels te testen v\u00f3\u00f3r de installatie en inbedrijfstelling, zodat de functionaliteit van het systeem wordt gegarandeerd voordat het wordt geactiveerd.<\/p>\n<p data-start=\"879\" data-end=\"1309\">Dankzij de eenvoudige installatie en het eenvoudige onderhoud is dit een uitstekende keuze voor professionele brandmeldsystemen. Het product is EN 54-11 en EN 54-15 gecertificeerd, CE-gemarkeerd en heeft een lange garantie van 10 jaar.<\/p>","protected":false},"excerpt":{"rendered":"<p>De isolerende handbrandmelder uit de Apollo 55100-908APO XP95-serie is ontworpen voor snelle en veilige activering van brandalarmsystemen.<\/p>\n<p>Het beschikt over een element dat eenvoudig kan worden gereset, een \u2018Plug and Play\u2019-installatie en een continu\u00efteitsverbinding voor het testen van kabels v\u00f3\u00f3r ingebruikname.<\/p>","protected":false},"featured_media":150051,"template":"","meta":{"_acf_changed":false},"product_brand":[],"product_cat":[4751,4748],"product_tag":[],"class_list":{"0":"post-150052","1":"product","2":"type-product","3":"status-publish","4":"has-post-thumbnail","6":"product_cat-xp95-serien","7":"product_cat-discovery-serien","8":"pa_brands-apollo-fire-detectors","9":"tm-no-options","11":"first","12":"instock","13":"sale","14":"taxable","15":"shipping-taxable","16":"purchasable","17":"product-type-simple"},"acf":[],"_links":{"self":[{"href":"https:\/\/secureus.se\/nl\/wp-json\/wp\/v2\/product\/150052","targetHints":{"allow":["GET"]}}],"collection":[{"href":"https:\/\/secureus.se\/nl\/wp-json\/wp\/v2\/product"}],"about":[{"href":"https:\/\/secureus.se\/nl\/wp-json\/wp\/v2\/types\/product"}],"wp:featuredmedia":[{"embeddable":true,"href":"https:\/\/secureus.se\/nl\/wp-json\/wp\/v2\/media\/150051"}],"wp:attachment":[{"href":"https:\/\/secureus.se\/nl\/wp-json\/wp\/v2\/media?parent=150052"}],"wp:term":[{"taxonomy":"product_brand","embeddable":true,"href":"https:\/\/secureus.se\/nl\/wp-json\/wp\/v2\/product_brand?post=150052"},{"taxonomy":"product_cat","embeddable":true,"href":"https:\/\/secureus.se\/nl\/wp-json\/wp\/v2\/product_cat?post=150052"},{"taxonomy":"product_tag","embeddable":true,"href":"https:\/\/secureus.se\/nl\/wp-json\/wp\/v2\/product_tag?post=150052"}],"curies":[{"name":"wp","href":"https:\/\/api.w.org\/{rel}","templated":true}]}}